{"id":10108,"date":"2022-12-30T14:08:56","date_gmt":"2022-12-30T14:08:56","guid":{"rendered":"https:\/\/brandsoul.pl\/?page_id=10108"},"modified":"2026-01-01T18:16:06","modified_gmt":"2026-01-01T18:16:06","slug":"nasze-marki","status":"publish","type":"page","link":"https:\/\/brandsoul.pl\/en\/nasze-marki\/","title":{"rendered":"Nasze marki"},"content":{"rendered":"<section class=\"wpb-content-wrapper\"><div class=\"vc_row wpb_row vc_row-fluid vc_custom_1672923583743 vc_row-has-padding-top vc_row-has-padding-bottom vc_row-bg-position-top\"><div class=\"wpb_column vc_column_container vc_col-sm-12\"><div class=\"vc_column-inner\"><div class=\"wpb_wrapper\">\n\t<div class=\"wpb_text_column wpb_content_element\" >\n\t\t<div class=\"wpb_wrapper\">\n\t\t\t            <div id=\"post-grid-lazy-10542\" class=\"post-grid-lazy\"><img decoding=\"async\" alt=\"\" src=\"\" \/><\/div>\n        <script>\n            jQuery('#post-grid-lazy-10542').ready(function($) {\n                $('#post-grid-lazy-10542').fadeOut();\n                $('#post-grid-10542   ').fadeIn();\n            })\n        <\/script>\n        <style type=\"text\/css\">\n            #post-grid-10542 {\n                display: none;\n            }\n\n            .post-grid-lazy {\n                text-align: center;\n            }\n        <\/style>\n        <div data-options='{&quot;id&quot;:&quot;10542&quot;,&quot;lazy_load&quot;:&quot;yes&quot;,&quot;masonry_enable&quot;:&quot;no&quot;,&quot;view_type&quot;:&quot;grid&quot;}' id=\"post-grid-10542\" class=\"post-grid grid\">\n                <div class=\"grid-items\">\n            <div class=\"item item-3677 skin flat even 0\">\n                <div class=\"layer-wrapper layout-10548\">\n                <div class=\"element element_1672917432533  thumb\">\n                    <a target=\"_parent\" href=\"https:\/\/brandsoul.pl\/en\/nasze-marki\/portal-msp\/\"><img decoding=\"async\" src=\"https:\/\/brandsoul.pl\/wp-content\/uploads\/2020\/11\/8_msp.png\"><\/a>\n        \n\n    <\/div>\n        <\/div>\n    <\/div><div class=\"item item-3680 skin flat odd 1\">\n                <div class=\"layer-wrapper layout-10548\">\n                <div class=\"element element_1672917432533  thumb\">\n                    <a target=\"_parent\" href=\"https:\/\/brandsoul.pl\/en\/nasze-marki\/sales-go\/\"><img decoding=\"async\" src=\"https:\/\/brandsoul.pl\/wp-content\/uploads\/2020\/11\/10_sg.png\"><\/a>\n        \n\n    <\/div>\n        <\/div>\n    <\/div><div class=\"item item-3682 skin flat even 2\">\n                <div class=\"layer-wrapper layout-10548\">\n                <div class=\"element element_1672917432533  thumb\">\n                    <a target=\"_parent\" href=\"https:\/\/brandsoul.pl\/en\/nasze-marki\/akademia-marki\/\"><img decoding=\"async\" src=\"https:\/\/brandsoul.pl\/wp-content\/uploads\/2020\/11\/2_akademia_marki.png\"><\/a>\n        \n\n    <\/div>\n        <\/div>\n    <\/div><div class=\"item item-3684 skin flat odd 3\">\n                <div class=\"layer-wrapper layout-10548\">\n                <div class=\"element element_1672917432533  thumb\">\n                    <a target=\"_parent\" href=\"https:\/\/brandsoul.pl\/en\/nasze-marki\/marketingowo\/\"><img decoding=\"async\" src=\"https:\/\/brandsoul.pl\/wp-content\/uploads\/2020\/11\/5_marketingowo.png\"><\/a>\n        \n\n    <\/div>\n        <\/div>\n    <\/div><div class=\"item item-3686 skin flat even 4\">\n                <div class=\"layer-wrapper layout-10548\">\n                <div class=\"element element_1672917432533  thumb\">\n                    <a target=\"_parent\" href=\"https:\/\/brandsoul.pl\/en\/nasze-marki\/mala-czarna\/\"><img decoding=\"async\" src=\"https:\/\/brandsoul.pl\/wp-content\/uploads\/2020\/11\/7_mala_czarna.png\"><\/a>\n        \n\n    <\/div>\n        <\/div>\n    <\/div><div class=\"item item-3688 skin flat odd 5\">\n                <div class=\"layer-wrapper layout-10548\">\n                <div class=\"element element_1672917432533  thumb\">\n                    <a target=\"_parent\" href=\"https:\/\/brandsoul.pl\/en\/nasze-marki\/marka-sukesu\/\"><img decoding=\"async\" src=\"https:\/\/brandsoul.pl\/wp-content\/uploads\/2020\/11\/11_sg.png\"><\/a>\n        \n\n    <\/div>\n        <\/div>\n    <\/div><div class=\"item item-10554 skin flat even 6\">\n                <div class=\"layer-wrapper layout-10548\">\n                <div class=\"element element_1672917432533  thumb\">\n                    <a target=\"_parent\" href=\"https:\/\/brandsoul.pl\/en\/nasze-marki\/agnieszka-sliwka\/\"><img decoding=\"async\" src=\"https:\/\/brandsoul.pl\/wp-content\/uploads\/2023\/01\/6_as.png\"><\/a>\n        \n\n    <\/div>\n        <\/div>\n    <\/div><div class=\"item item-10556 skin flat odd 7\">\n                <div class=\"layer-wrapper layout-10548\">\n                <div class=\"element element_1672917432533  thumb\">\n                    <a target=\"_parent\" href=\"https:\/\/brandsoul.pl\/en\/nasze-marki\/coach-as\/\"><img decoding=\"async\" src=\"https:\/\/brandsoul.pl\/wp-content\/uploads\/2023\/01\/3_ca.png\"><\/a>\n        \n\n    <\/div>\n        <\/div>\n    <\/div><div class=\"item item-10557 skin flat even 8\">\n                <div class=\"layer-wrapper layout-10548\">\n                <div class=\"element element_1672917432533  thumb\">\n                    <a target=\"_parent\" href=\"https:\/\/brandsoul.pl\/en\/nasze-marki\/dyskont-marketingowy\/\"><img decoding=\"async\" src=\"https:\/\/brandsoul.pl\/wp-content\/uploads\/2023\/01\/4_dm.png\"><\/a>\n        \n\n    <\/div>\n        <\/div>\n    <\/div><div class=\"item item-10558 skin flat odd 9\">\n                <div class=\"layer-wrapper layout-10548\">\n                <div class=\"element element_1672917432533  thumb\">\n                    <a target=\"_parent\" href=\"https:\/\/brandsoul.pl\/en\/nasze-marki\/kobieta-przedsiebiorcza\/\"><img decoding=\"async\" src=\"https:\/\/brandsoul.pl\/wp-content\/uploads\/2022\/12\/9_kp.png\"><\/a>\n        \n\n    <\/div>\n        <\/div>\n    <\/div>        <\/div>\n        <style type=\"text\/css\">\n        .layout-10548 .element_1672917432533 {\n            overflow: hidden;\n                    }\n\n        .layout-10548 .element_1672917432533 img {\n            max-width: 100%;\n            height: auto;\n        }\n\n        @media only screen and (min-width: 1024px) {\n            .layout-10548 .element_1672917432533 {\n                            }\n        }\n\n        @media only screen and (min-width: 768px) and (max-width: 1023px) {\n            .layout-10548 .element_1672917432533 {\n                            }\n        }\n\n        @media only screen and (min-width: 0px) and (max-width: 767px) {\n            .layout-10548 .element_1672917432533 {\n                            }\n        }\n    <\/style>\n    \n\n        <script>\n        \n            <\/script>\n        <style type=\"text\/css\">\n        #post-grid-10542 {\n            padding: 10px;\n                    }\n\n        #post-grid-10542 .item {\n            \/*             margin:;\n         *\/\n            padding: 20px;\n            background: #fff;\n                    }\n\n        #post-grid-10542 .item .layer-media {\n            height:auto;        }\n\n        @media only screen and (min-width: 0px) and (max-width: 767px) {\n            #post-grid-10542 .grid-items {\n                text-align: center;\n                ;\n\n            }\n\n            #post-grid-10542 .item {\n                height:auto;            }\n        }\n\n        @media only screen and (min-width: 768px) and (max-width: 1023px) {\n            #post-grid-10542 .grid-items {\n                 text-align: center;\n                            }\n\n            #post-grid-10542 .item {\n                max-height:auto;            }\n        }\n\n        @media only screen and (min-width: 1024px) {\n            #post-grid-10542 .grid-items {\n                display: grid;\n                grid-template-columns: 1fr 1fr 1fr 1fr 1fr ;\n                column-gap: 30px;\n                row-gap: 30px;\n                            }\n\n            #post-grid-10542 .item {\n                height:auto;            }\n        }\n\n            <\/style>\n    <\/div>\n\n\n\t\t<\/div>\n\t<\/div>\n<\/div><\/div><\/div><\/div><div data-vc-full-width=\"true\" data-vc-full-width-init=\"false\" class=\"vc_row wpb_row vc_row-fluid vc_custom_1672148395346 vc_row-has-fill vc_row-bg-position-top\"><div class=\"wpb_column vc_column_container vc_col-sm-12\"><div class=\"vc_column-inner\"><div class=\"wpb_wrapper\"><div class=\"kd-calltoaction\" >\n                <div class=\"container\">\n                  <div class=\"cta-text-container kd-animated fadeIn\" data-animation-delay=\"200\"><div class=\"cta-text\"><h5 style=\"color: #000000;\">Um\u00f3w si\u0119 na spotkanie. Poznajmy si\u0119!<\/h5><\/div>\n                    <\/div>\n                    <div class=\"cta-btncontainer\"><a href=\"https:\/\/brandsoul.pl\/en\/kontakt\/\"  title=\"Kontakt\" class=\"tt_button tt_secondary_button btn_secondary_color  button-action-link icon_right kd-animated zoomIn\" data-animation-delay=\"200\">Porozmawiajmy!<span class=\"fas fa-chevron-right iconita\" ><\/span><\/a><\/div>\n                <\/div>\n            <\/div><\/div><\/div><\/div><\/div><div class=\"vc_row-full-width vc_clearfix\"><\/div><div data-vc-full-width=\"true\" data-vc-full-width-init=\"false\" class=\"vc_row wpb_row vc_row-fluid vc_custom_1705399705952 vc_row-has-fill vc_row-has-padding-top vc_row-has-padding-bottom vc_row-bg-position-top\"><div class=\"wpb_column vc_column_container vc_col-sm-12\"><div class=\"vc_column-inner\"><div class=\"wpb_wrapper\"><div class=\"vc_row wpb_row vc_inner vc_row-fluid vc_row-bg-position-top\"><div class=\"wpb_column vc_column_container vc_col-sm-4\"><div class=\"vc_column-inner\"><div class=\"wpb_wrapper\">\n\t<div  class=\"wpb_single_image wpb_content_element vc_align_left  vc_custom_1700946278199\">\n\t\t\n\t\t<figure class=\"wpb_wrapper vc_figure\">\n\t\t\t<div class=\"vc_single_image-wrapper   vc_box_border_grey\"><img loading=\"lazy\" decoding=\"async\" class=\"vc_single_image-img\" width=\"80\" height=\"80\"  src=\"https:\/\/brandsoul.pl\/wp-content\/uploads\/2023\/11\/logo_brandsoul.png\" \/><\/div>\n\t\t<\/figure>\n\t<\/div>\n<h3 style=\"font-size: 14px;color: #ffffff;text-align: left\" class=\"vc_custom_heading\" >STUDIO MARKI BRANDSOUL SP.Z O.O.<\/h3><h5 style=\"font-size: 14px;color: #ffffff;text-align: left\" class=\"vc_custom_heading\" >Biuro g\u0142\u00f3wne (siedziba) Zalasewo (Swarz\u0119dz)<\/h5>\n\t<div class=\"wpb_text_column wpb_content_element\" >\n\t\t<div class=\"wpb_wrapper\">\n\t\t\t<p>ul. K\u00f3rnicka 198B\/11<br \/>\n62-020 Zalasewo<\/p>\n\n\t\t<\/div>\n\t<\/div>\n<h5 style=\"font-size: 14px;color: #ffffff;text-align: left\" class=\"vc_custom_heading\" >Biuro Pozna\u0144<\/h5>\n\t<div class=\"wpb_text_column wpb_content_element\" >\n\t\t<div class=\"wpb_wrapper\">\n\t\t\t<p>ul. D\u0105browskiego 77A<br \/>\n60-529 Pozna\u0144<\/p>\n\n\t\t<\/div>\n\t<\/div>\n<\/div><\/div><\/div><div class=\"wpb_column vc_column_container vc_col-sm-4\"><div class=\"vc_column-inner\"><div class=\"wpb_wrapper\"><h3 style=\"font-size: 14px;color: #ffffff;text-align: left\" class=\"vc_custom_heading\" >DANE FIRMY<\/h3>\n\t<div class=\"wpb_text_column wpb_content_element\" >\n\t\t<div class=\"wpb_wrapper\">\n\t\t\t<p>Studio Marki Brandsoul Sp. z o. o.<br \/>\nul. Harmonia 9\/6<br \/>\n62-020 Zalasewo<\/p>\n\n\t\t<\/div>\n\t<\/div>\n\n\t<div class=\"wpb_text_column wpb_content_element\" >\n\t\t<div class=\"wpb_wrapper\">\n\t\t\t<p>kom. +48 668 130 202<br \/>\n<a href=\"mailto:info@brandsoul.pl\">info@brandsoul.pl<\/a><\/p>\n\n\t\t<\/div>\n\t<\/div>\n\n\t<div class=\"wpb_text_column wpb_content_element\" >\n\t\t<div class=\"wpb_wrapper\">\n\t\t\t<p>NIP: 7822692832<br \/>\nREGON: 366811048<br \/>\nKRS: 0000668828<\/p>\n\n\t\t<\/div>\n\t<\/div>\n<\/div><\/div><\/div><div class=\"wpb_column vc_column_container vc_col-sm-4\"><div class=\"vc_column-inner\"><div class=\"wpb_wrapper\"><h2 style=\"font-size: 14px;color: #ffffff;text-align: left\" class=\"vc_custom_heading\" >FORMULARZ KONTAKTOWY<\/h2><div class=\"wpforms-container wpforms-container-full\" id=\"wpforms-4119\"><form id=\"wpforms-form-4119\" class=\"wpforms-validate wpforms-form\" data-formid=\"4119\" method=\"post\" enctype=\"multipart\/form-data\" action=\"\/en\/wp-json\/wp\/v2\/pages\/10108\" data-trp-original-action=\"\/en\/wp-json\/wp\/v2\/pages\/10108\"><noscript class=\"wpforms-error-noscript\">Please enable JavaScript in your browser to complete this form.<\/noscript><div class=\"wpforms-field-container\"><div id=\"wpforms-4119-field_1-container\" class=\"wpforms-field wpforms-field-select wpforms-field-select-style-classic\" data-field-id=\"1\"><select id=\"wpforms-4119-field_1\" class=\"wpforms-field-large wpforms-field-required\" name=\"wpforms[fields][1]\" required=\"required\"><option value=\"\" class=\"placeholder\" disabled selected='selected'>Wybierz cel kontaktu<\/option><option value=\"Kontakt telefoniczny\" >Kontakt telefoniczny<\/option><option value=\"Spotkanie\" >Spotkanie<\/option><option value=\"Oferta\/wycena\" >Oferta\/wycena<\/option><\/select><\/div><div id=\"wpforms-4119-field_2-container\" class=\"wpforms-field wpforms-field-text\" data-field-id=\"2\"><input type=\"text\" id=\"wpforms-4119-field_2\" class=\"wpforms-field-medium wpforms-field-required\" name=\"wpforms[fields][2]\" placeholder=\"Imi\u0119\" required><\/div><div id=\"wpforms-4119-field_3-container\" class=\"wpforms-field wpforms-field-email\" data-field-id=\"3\"><input type=\"email\" id=\"wpforms-4119-field_3\" class=\"wpforms-field-medium wpforms-field-required\" name=\"wpforms[fields][3]\" placeholder=\"E-mail\" required><\/div><div id=\"wpforms-4119-field_7-container\" class=\"wpforms-field wpforms-field-phone\" data-field-id=\"7\"><input type=\"tel\" id=\"wpforms-4119-field_7\" class=\"wpforms-field-medium wpforms-field-required wpforms-smart-phone-field\" data-rule-smart-phone-field=\"true\" name=\"wpforms[fields][7]\" placeholder=\"Telefon\" required><\/div><div id=\"wpforms-4119-field_5-container\" class=\"wpforms-field wpforms-field-textarea\" data-field-id=\"5\"><textarea id=\"wpforms-4119-field_5\" class=\"wpforms-field-small wpforms-field-required\" name=\"wpforms[fields][5]\" placeholder=\"Wiadomo\u015b\u0107\" required><\/textarea><\/div><div id=\"wpforms-4119-field_6-container\" class=\"wpforms-field wpforms-field-checkbox\" data-field-id=\"6\"><ul id=\"wpforms-4119-field_6\" class=\"wpforms-field-required\"><li class=\"choice-1 depth-1\"><input type=\"checkbox\" id=\"wpforms-4119-field_6_1\" name=\"wpforms[fields][6][]\" value=\"Akceptuj\u0119 warunki &lt;a href=&quot;https:\/\/brandsoul.pl\/polityka-prywatnosci\/&quot; target=&quot;_blank&quot;&gt;Polityki prywatno\u015bci.&lt;\/a&gt;\" required><label class=\"wpforms-field-label-inline\" for=\"wpforms-4119-field_6_1\">Akceptuj\u0119 warunki <a href=\"https:\/\/brandsoul.pl\/en\/polityka-prywatnosci\/\" target=\"_blank\">Polityki prywatno\u015bci.<\/a><\/label><\/li><\/ul><\/div><\/div><div class=\"wpforms-field wpforms-field-hp\"><label for=\"wpforms-4119-field-hp\" class=\"wpforms-field-label\">Phone<\/label><input type=\"text\" name=\"wpforms[hp]\" id=\"wpforms-4119-field-hp\" class=\"wpforms-field-medium\"><\/div><input type=\"hidden\" name=\"wpforms[recaptcha]\" value=\"\"><div class=\"wpforms-submit-container\" ><input type=\"hidden\" name=\"wpforms[id]\" value=\"4119\"><input type=\"hidden\" name=\"wpforms[author]\" value=\"7\"><button type=\"submit\" name=\"wpforms[submit]\" class=\"wpforms-submit tt_button\" id=\"wpforms-submit-4119\" value=\"wpforms-submit\" aria-live=\"assertive\" data-alt-text=\"Wysy\u0142anie...\" data-submit-text=\"Wyslij\">Wyslij<\/button><\/div><input type=\"hidden\" name=\"trp-form-language\" value=\"en\"\/><\/form><\/div>  <!-- .wpforms-container --><\/div><\/div><\/div><\/div><div class=\"vc_row wpb_row vc_inner vc_row-fluid vc_row-bg-position-top\"><div class=\"wpb_column vc_column_container vc_col-sm-8\"><div class=\"vc_column-inner vc_custom_1705400015834   vc_custom_1705400015836\"><div class=\"wpb_wrapper\">\n\t<div  class=\"wpb_single_image wpb_content_element vc_align_left\">\n\t\t\n\t\t<figure class=\"wpb_wrapper vc_figure\">\n\t\t\t<div class=\"vc_single_image-wrapper   vc_box_border_grey\"><img decoding=\"async\" class=\"vc_single_image-img\"  src=\"https:\/\/brandsoul.pl\/wp-content\/uploads\/2024\/01\/oferteo_loga_stopka_www.png\" \/><\/div>\n\t\t<\/figure>\n\t<\/div>\n<\/div><\/div><\/div><div class=\"wpb_column vc_column_container vc_col-sm-4\"><div class=\"vc_column-inner\"><div class=\"wpb_wrapper\"><\/div><\/div><\/div><\/div><\/div><\/div><\/div><\/div><div class=\"vc_row-full-width vc_clearfix\"><\/div>\n<\/section>","protected":false},"excerpt":{"rendered":"","protected":false},"author":7,"featured_media":0,"parent":0,"menu_order":96,"comment_status":"closed","ping_status":"closed","template":"","meta":{"_themeisle_gutenberg_block_has_review":false,"footnotes":""},"class_list":["post-10108","page","type-page","status-publish","hentry"],"aioseo_notices":[],"_links":{"self":[{"href":"https:\/\/brandsoul.pl\/en\/wp-json\/wp\/v2\/pages\/10108","targetHints":{"allow":["GET"]}}],"collection":[{"href":"https:\/\/brandsoul.pl\/en\/wp-json\/wp\/v2\/pages"}],"about":[{"href":"https:\/\/brandsoul.pl\/en\/wp-json\/wp\/v2\/types\/page"}],"author":[{"embeddable":true,"href":"https:\/\/brandsoul.pl\/en\/wp-json\/wp\/v2\/users\/7"}],"replies":[{"embeddable":true,"href":"https:\/\/brandsoul.pl\/en\/wp-json\/wp\/v2\/comments?post=10108"}],"version-history":[{"count":13,"href":"https:\/\/brandsoul.pl\/en\/wp-json\/wp\/v2\/pages\/10108\/revisions"}],"predecessor-version":[{"id":13450,"href":"https:\/\/brandsoul.pl\/en\/wp-json\/wp\/v2\/pages\/10108\/revisions\/13450"}],"wp:attachment":[{"href":"https:\/\/brandsoul.pl\/en\/wp-json\/wp\/v2\/media?parent=10108"}],"curies":[{"name":"wp","href":"https:\/\/api.w.org\/{rel}","templated":true}]}}