{"id":10503,"date":"2023-01-05T07:29:42","date_gmt":"2023-01-05T07:29:42","guid":{"rendered":"https:\/\/brandsoul.pl\/?page_id=10503"},"modified":"2026-01-01T17:07:08","modified_gmt":"2026-01-01T17:07:08","slug":"doradztwo-biznesowe","status":"publish","type":"page","link":"https:\/\/brandsoul.pl\/en\/case-study\/doradztwo-biznesowe\/","title":{"rendered":"Doradztwo biznesowe"},"content":{"rendered":"<section class=\"wpb-content-wrapper\"><div data-vc-full-width=\"true\" data-vc-full-width-init=\"false\" class=\"vc_row wpb_row vc_row-fluid vc_custom_1673515748273 vc_row-has-padding-top vc_column-gap-35 vc_row-bg-position-top\"><div class=\"wpb_column vc_column_container vc_col-sm-8\"><div class=\"vc_column-inner vc_custom_1673512345995   vc_custom_1673512345996\"><div class=\"wpb_wrapper\">\n<div class=\"vc_grid-container-wrapper vc_clearfix\">\n\t<div class=\"vc_grid-container vc_clearfix wpb_content_element vc_basic_grid\" data-initial-loading-animation=\"fadeIn\" data-vc-grid-settings=\"{&quot;page_id&quot;:10503,&quot;style&quot;:&quot;lazy&quot;,&quot;action&quot;:&quot;vc_get_vc_grid_data&quot;,&quot;shortcode_id&quot;:&quot;1767284442760-c27bba64-66ac-5&quot;,&quot;items_per_page&quot;:&quot;5&quot;,&quot;tag&quot;:&quot;vc_basic_grid&quot;}\" data-vc-request=\"https:\/\/brandsoul.pl\/wp-admin\/admin-ajax.php\" data-vc-post-id=\"10503\" data-vc-public-nonce=\"e8419c2897\">\n\t\t\n\t<\/div>\n<\/div><\/div><\/div><\/div><div class=\"wpb_column vc_column_container vc_col-sm-4\"><div class=\"vc_column-inner\"><div class=\"wpb_wrapper\"><div class=\"vc_row wpb_row vc_inner vc_row-fluid vc_row-bg-position-top\"><div class=\"wpb_column vc_column_container vc_col-sm-12\"><div class=\"vc_column-inner\"><div class=\"wpb_wrapper\"><div  class=\"vc_wp_custommenu wpb_content_element blog-menu-m\"><div class=\"widget widget_nav_menu\"><div class=\"menu-case-study-menu-container\"><ul id=\"menu-case-study-menu\" class=\"menu\"><li id=\"menu-item-10589\" class=\"menu-item menu-item-type-post_type menu-item-object-page menu-item-10589\"><a href=\"https:\/\/brandsoul.pl\/en\/case-study\/doradztwo-marketingowe\/\">Doradztwo marketingowe<\/a><\/li>\n<li id=\"menu-item-10594\" class=\"menu-item menu-item-type-post_type menu-item-object-page menu-item-10594\"><a href=\"https:\/\/brandsoul.pl\/en\/case-study\/doradztwo-biznesowe\/\">Doradztwo biznesowe<\/a><\/li>\n<li id=\"menu-item-10593\" class=\"menu-item menu-item-type-post_type menu-item-object-page menu-item-10593\"><a href=\"https:\/\/brandsoul.pl\/en\/case-study\/doradztwo-sprzedazowe\/\">Doradztwo sprzeda\u017cowe<\/a><\/li>\n<li id=\"menu-item-10592\" class=\"menu-item menu-item-type-post_type menu-item-object-page menu-item-10592\"><a href=\"https:\/\/brandsoul.pl\/en\/case-study\/strategia\/\">Strategia<\/a><\/li>\n<li id=\"menu-item-10601\" class=\"menu-item menu-item-type-post_type menu-item-object-page menu-item-10601\"><a href=\"https:\/\/brandsoul.pl\/en\/case-study\/media-spolecznosciowe\/\">Media spo\u0142eczno\u015bciowe<\/a><\/li>\n<li id=\"menu-item-10600\" class=\"menu-item menu-item-type-post_type menu-item-object-page menu-item-10600\"><a href=\"https:\/\/brandsoul.pl\/en\/case-study\/outsourcing-marketingu\/\">Outsourcing marketingu<\/a><\/li>\n<li id=\"menu-item-10591\" class=\"menu-item menu-item-type-post_type menu-item-object-page menu-item-10591\"><a href=\"https:\/\/brandsoul.pl\/en\/case-study\/pr\/\">PR<\/a><\/li>\n<li id=\"menu-item-10599\" class=\"menu-item menu-item-type-post_type menu-item-object-page menu-item-10599\"><a href=\"https:\/\/brandsoul.pl\/en\/case-study\/projekty-graficzne\/\">Projekty graficzne<\/a><\/li>\n<li id=\"menu-item-10598\" class=\"menu-item menu-item-type-post_type menu-item-object-page menu-item-10598\"><a href=\"https:\/\/brandsoul.pl\/en\/case-study\/identyfikacja-marki\/\">Identyfikacja marki<\/a><\/li>\n<li id=\"menu-item-10597\" class=\"menu-item menu-item-type-post_type menu-item-object-page menu-item-10597\"><a href=\"https:\/\/brandsoul.pl\/en\/case-study\/strony-internetowe\/\">Strony internetowe<\/a><\/li>\n<\/ul><\/div><\/div><\/div><\/div><\/div><\/div><\/div><\/div><\/div><\/div><\/div><div class=\"vc_row-full-width vc_clearfix\"><\/div><div data-vc-full-width=\"true\" data-vc-full-width-init=\"false\" class=\"vc_row wpb_row vc_row-fluid vc_custom_1672901289259 vc_row-has-fill vc_row-bg-position-top\"><div class=\"wpb_column vc_column_container vc_col-sm-12\"><div class=\"vc_column-inner\"><div class=\"wpb_wrapper\"><div class=\"kd-calltoaction\" >\n                <div class=\"container\">\n                  <div class=\"cta-text-container kd-animated fadeIn\" data-animation-delay=\"200\"><div class=\"cta-text\"><h5 style=\"color: #000000;\">Um\u00f3w si\u0119 na spotkanie. Poznajmy si\u0119!<\/h5><\/div>\n                    <\/div>\n                    <div class=\"cta-btncontainer\"><a href=\"https:\/\/brandsoul.pl\/en\/kontakt\/\"  title=\"Kontakt\" class=\"tt_button tt_secondary_button btn_secondary_color  button-action-link icon_right kd-animated zoomIn\" data-animation-delay=\"200\">Porozmawiajmy!<span class=\"fas fa-chevron-right iconita\" ><\/span><\/a><\/div>\n                <\/div>\n            <\/div><\/div><\/div><\/div><\/div><div class=\"vc_row-full-width vc_clearfix\"><\/div><div data-vc-full-width=\"true\" data-vc-full-width-init=\"false\" class=\"vc_row wpb_row vc_row-fluid vc_custom_1671465691697 vc_row-has-fill vc_row-has-padding-top vc_row-has-padding-bottom vc_row-bg-position-top\"><div class=\"wpb_column vc_column_container vc_col-sm-4\"><div class=\"vc_column-inner\"><div class=\"wpb_wrapper\"><h3 style=\"font-size: 14px;color: #ffffff;text-align: left\" class=\"vc_custom_heading\" >STUDIO MARKI BRANDSOUL SP.Z O.O.<\/h3>\n\t<div class=\"wpb_text_column wpb_content_element\" >\n\t\t<div class=\"wpb_wrapper\">\n\t\t\t<p>ul. K\u00f3rnicka 198B\/11<br \/>\n62-020 Zalasewo (Swarz\u0119dz)<\/p>\n\n\t\t<\/div>\n\t<\/div>\n\n\t<div class=\"wpb_text_column wpb_content_element\" >\n\t\t<div class=\"wpb_wrapper\">\n\t\t\t<p>kom. +48 668 130 202<br \/>\nINFO@BRANDSOUL.PL<\/p>\n\n\t\t<\/div>\n\t<\/div>\n<\/div><\/div><\/div><div class=\"wpb_column vc_column_container vc_col-sm-4\"><div class=\"vc_column-inner\"><div class=\"wpb_wrapper\"><h3 style=\"font-size: 14px;color: #ffffff;text-align: left\" class=\"vc_custom_heading\" >DANE FIRMY<\/h3>\n\t<div class=\"wpb_text_column wpb_content_element\" >\n\t\t<div class=\"wpb_wrapper\">\n\t\t\t<p>Studio Marki Brandsoul Sp. zo.o.<br \/>\nHarmonia 9\/6<br \/>\n62-020 Zalasewo<\/p>\n\n\t\t<\/div>\n\t<\/div>\n\n\t<div class=\"wpb_text_column wpb_content_element\" >\n\t\t<div class=\"wpb_wrapper\">\n\t\t\t<p>NIP: 7822692832<br \/>\nRegon: 366811048<br \/>\nKRS: 0000668828<\/p>\n\n\t\t<\/div>\n\t<\/div>\n<\/div><\/div><\/div><div class=\"wpb_column vc_column_container vc_col-sm-4\"><div class=\"vc_column-inner\"><div class=\"wpb_wrapper\"><h2 style=\"font-size: 14px;color: #ffffff;text-align: left\" class=\"vc_custom_heading\" >FORMULARZ KONTAKTOWY<\/h2><div class=\"wpforms-container wpforms-container-full\" id=\"wpforms-4119\"><form id=\"wpforms-form-4119\" class=\"wpforms-validate wpforms-form\" data-formid=\"4119\" method=\"post\" enctype=\"multipart\/form-data\" action=\"\/en\/wp-json\/wp\/v2\/pages\/10503\" data-trp-original-action=\"\/en\/wp-json\/wp\/v2\/pages\/10503\"><noscript class=\"wpforms-error-noscript\">Please enable JavaScript in your browser to complete this form.<\/noscript><div class=\"wpforms-field-container\"><div id=\"wpforms-4119-field_1-container\" class=\"wpforms-field wpforms-field-select wpforms-field-select-style-classic\" data-field-id=\"1\"><select id=\"wpforms-4119-field_1\" class=\"wpforms-field-large wpforms-field-required\" name=\"wpforms[fields][1]\" required=\"required\"><option value=\"\" class=\"placeholder\" disabled selected='selected'>Wybierz cel kontaktu<\/option><option value=\"Kontakt telefoniczny\" >Kontakt telefoniczny<\/option><option value=\"Spotkanie\" >Spotkanie<\/option><option value=\"Oferta\/wycena\" >Oferta\/wycena<\/option><\/select><\/div><div id=\"wpforms-4119-field_2-container\" class=\"wpforms-field wpforms-field-text\" data-field-id=\"2\"><input type=\"text\" id=\"wpforms-4119-field_2\" class=\"wpforms-field-medium wpforms-field-required\" name=\"wpforms[fields][2]\" placeholder=\"Imi\u0119\" required><\/div><div id=\"wpforms-4119-field_3-container\" class=\"wpforms-field wpforms-field-email\" data-field-id=\"3\"><input type=\"email\" id=\"wpforms-4119-field_3\" class=\"wpforms-field-medium wpforms-field-required\" name=\"wpforms[fields][3]\" placeholder=\"E-mail\" required><\/div><div id=\"wpforms-4119-field_7-container\" class=\"wpforms-field wpforms-field-phone\" data-field-id=\"7\"><input type=\"tel\" id=\"wpforms-4119-field_7\" class=\"wpforms-field-medium wpforms-field-required wpforms-smart-phone-field\" data-rule-smart-phone-field=\"true\" name=\"wpforms[fields][7]\" placeholder=\"Telefon\" required><\/div><div id=\"wpforms-4119-field_5-container\" class=\"wpforms-field wpforms-field-textarea\" data-field-id=\"5\"><textarea id=\"wpforms-4119-field_5\" class=\"wpforms-field-small wpforms-field-required\" name=\"wpforms[fields][5]\" placeholder=\"Wiadomo\u015b\u0107\" required><\/textarea><\/div><div id=\"wpforms-4119-field_6-container\" class=\"wpforms-field wpforms-field-checkbox\" data-field-id=\"6\"><ul id=\"wpforms-4119-field_6\" class=\"wpforms-field-required\"><li class=\"choice-1 depth-1\"><input type=\"checkbox\" id=\"wpforms-4119-field_6_1\" name=\"wpforms[fields][6][]\" value=\"Akceptuj\u0119 warunki &lt;a href=&quot;https:\/\/brandsoul.pl\/polityka-prywatnosci\/&quot; target=&quot;_blank&quot;&gt;Polityki prywatno\u015bci.&lt;\/a&gt;\" required><label class=\"wpforms-field-label-inline\" for=\"wpforms-4119-field_6_1\">Akceptuj\u0119 warunki <a href=\"https:\/\/brandsoul.pl\/en\/polityka-prywatnosci\/\" target=\"_blank\">Polityki prywatno\u015bci.<\/a><\/label><\/li><\/ul><\/div><\/div><div class=\"wpforms-field wpforms-field-hp\"><label for=\"wpforms-4119-field-hp\" class=\"wpforms-field-label\">Message<\/label><input type=\"text\" name=\"wpforms[hp]\" id=\"wpforms-4119-field-hp\" class=\"wpforms-field-medium\"><\/div><input type=\"hidden\" name=\"wpforms[recaptcha]\" value=\"\"><div class=\"wpforms-submit-container\" ><input type=\"hidden\" name=\"wpforms[id]\" value=\"4119\"><input type=\"hidden\" name=\"wpforms[author]\" value=\"7\"><button type=\"submit\" name=\"wpforms[submit]\" class=\"wpforms-submit tt_button\" id=\"wpforms-submit-4119\" value=\"wpforms-submit\" aria-live=\"assertive\" data-alt-text=\"Wysy\u0142anie...\" data-submit-text=\"Wyslij\">Wyslij<\/button><\/div><input type=\"hidden\" name=\"trp-form-language\" value=\"en\"\/><\/form><\/div>  <!-- .wpforms-container --><\/div><\/div><\/div><\/div><div class=\"vc_row-full-width vc_clearfix\"><\/div>\n<\/section>","protected":false},"excerpt":{"rendered":"Doradztwo marketingowe Doradztwo biznesowe Doradztwo sprzeda\u017cowe Strategia Media spo\u0142eczno\u015bciowe Outsourcing marketingu PR Projekty graficzne Identyfikacja marki Strony internetowe Um\u00f3w si\u0119 na spotkanie. Poznajmy si\u0119! Porozmawiajmy! STUDIO MARKI BRANDSOUL SP.Z O.O. ul. K\u00f3rnicka 198B\/11 62-020 Zalasewo (Swarz\u0119dz) kom. +48 668 130 202 INFO@BRANDSOUL.PL DANE FIRMY Studio Marki Brandsoul Sp. zo.o. Harmonia [...]","protected":false},"author":7,"featured_media":0,"parent":3776,"menu_order":9,"comment_status":"closed","ping_status":"closed","template":"","meta":{"_themeisle_gutenberg_block_has_review":false,"footnotes":""},"class_list":["post-10503","page","type-page","status-publish","hentry"],"aioseo_notices":[],"_links":{"self":[{"href":"https:\/\/brandsoul.pl\/en\/wp-json\/wp\/v2\/pages\/10503","targetHints":{"allow":["GET"]}}],"collection":[{"href":"https:\/\/brandsoul.pl\/en\/wp-json\/wp\/v2\/pages"}],"about":[{"href":"https:\/\/brandsoul.pl\/en\/wp-json\/wp\/v2\/types\/page"}],"author":[{"embeddable":true,"href":"https:\/\/brandsoul.pl\/en\/wp-json\/wp\/v2\/users\/7"}],"replies":[{"embeddable":true,"href":"https:\/\/brandsoul.pl\/en\/wp-json\/wp\/v2\/comments?post=10503"}],"version-history":[{"count":8,"href":"https:\/\/brandsoul.pl\/en\/wp-json\/wp\/v2\/pages\/10503\/revisions"}],"predecessor-version":[{"id":10683,"href":"https:\/\/brandsoul.pl\/en\/wp-json\/wp\/v2\/pages\/10503\/revisions\/10683"}],"up":[{"embeddable":true,"href":"https:\/\/brandsoul.pl\/en\/wp-json\/wp\/v2\/pages\/3776"}],"wp:attachment":[{"href":"https:\/\/brandsoul.pl\/en\/wp-json\/wp\/v2\/media?parent=10503"}],"curies":[{"name":"wp","href":"https:\/\/api.w.org\/{rel}","templated":true}]}}