{"id":11000,"date":"2023-01-16T12:37:32","date_gmt":"2023-01-16T12:37:32","guid":{"rendered":"https:\/\/brandsoul.pl\/?page_id=11000"},"modified":"2026-01-01T19:11:09","modified_gmt":"2026-01-01T19:11:09","slug":"branding","status":"publish","type":"page","link":"https:\/\/brandsoul.pl\/en\/blog\/branding\/","title":{"rendered":"Branding"},"content":{"rendered":"<section class=\"wpb-content-wrapper\"><div data-vc-full-width=\"true\" data-vc-full-width-init=\"false\" class=\"vc_row wpb_row vc_row-fluid vc_custom_1673515748273 vc_row-has-padding-top vc_column-gap-35 vc_row-bg-position-top\"><div class=\"wpb_column vc_column_container vc_col-sm-8\"><div class=\"vc_column-inner vc_custom_1673512345995   vc_custom_1673512345996\"><div class=\"wpb_wrapper\">\n<div class=\"vc_grid-container-wrapper vc_clearfix\">\n\t<div class=\"vc_grid-container vc_clearfix wpb_content_element vc_basic_grid\" data-initial-loading-animation=\"fadeIn\" data-vc-grid-settings=\"{&quot;page_id&quot;:11000,&quot;style&quot;:&quot;lazy&quot;,&quot;action&quot;:&quot;vc_get_vc_grid_data&quot;,&quot;shortcode_id&quot;:&quot;1767293572737-17905ec3-65bc-10&quot;,&quot;items_per_page&quot;:&quot;5&quot;,&quot;tag&quot;:&quot;vc_basic_grid&quot;}\" data-vc-request=\"https:\/\/brandsoul.pl\/wp-admin\/admin-ajax.php\" data-vc-post-id=\"11000\" data-vc-public-nonce=\"e8419c2897\">\n\t\t<style data-type=\"vc_shortcodes-custom-css\">.vc_custom_1673513484076{margin-bottom: 0px !important;padding-bottom: 7px !important;}.vc_custom_1673458393234{padding-bottom: 0px !important;}.vc_custom_1673507116706{padding-top: 30px !important;padding-right: 10px !important;padding-bottom: 0px !important;padding-left: 10px !important;}.vc_custom_1673506984448{padding-right: 50px !important;padding-bottom: 0px !important;}<\/style><div class=\"vc_grid vc_row vc_grid-gutter-35px vc_pageable-wrapper vc_hook_hover\" data-vc-pageable-content=\"true\"><div class=\"vc_pageable-slide-wrapper vc_clearfix\" data-vc-grid-content=\"true\"><div class=\"vc_grid-item vc_clearfix vc_col-sm-12\"><div class=\"vc_grid-item-mini vc_clearfix\"><div class=\"vc_gitem-animated-block\" ><div class=\"vc_gitem-zone vc_gitem-zone-a vc_custom_1673513484076 my-post-grid vc-gitem-zone-height-mode-auto vc-gitem-zone-height-mode-auto-16-9\"><div class=\"vc_gitem-zone-mini\"><div class=\"vc_gitem_row vc_row vc_gitem-row-position-top\"><div class=\"vc_col-sm-6 vc_gitem-col vc_gitem-col-align- vc_custom_1673458393234\">\n\t<div class=\"wpb_single_image wpb_content_element vc_custom_1673506984448 vc_align_\">\n\t\t<figure class=\"wpb_wrapper vc_figure\">\n\t\t\t<div class=\"vc_single_image-wrapper   vc_box_border_grey\"><img loading=\"lazy\" decoding=\"async\" width=\"1080\" height=\"1080\" src=\"https:\/\/brandsoul.pl\/wp-content\/uploads\/2022\/06\/jak-tworzyc-grafiki-przyciagajace-odbiorcow.jpg\" class=\"vc_single_image-img attachment-full\" alt=\"\" title=\"jak tworzyc grafiki przyci\u0105gajace odbiorcow\" srcset=\"https:\/\/brandsoul.pl\/wp-content\/uploads\/2022\/06\/jak-tworzyc-grafiki-przyciagajace-odbiorcow.jpg 1080w, https:\/\/brandsoul.pl\/wp-content\/uploads\/2022\/06\/jak-tworzyc-grafiki-przyciagajace-odbiorcow-300x300.jpg 300w, https:\/\/brandsoul.pl\/wp-content\/uploads\/2022\/06\/jak-tworzyc-grafiki-przyciagajace-odbiorcow-1024x1024.jpg 1024w, https:\/\/brandsoul.pl\/wp-content\/uploads\/2022\/06\/jak-tworzyc-grafiki-przyciagajace-odbiorcow-150x150.jpg 150w, https:\/\/brandsoul.pl\/wp-content\/uploads\/2022\/06\/jak-tworzyc-grafiki-przyciagajace-odbiorcow-768x768.jpg 768w, https:\/\/brandsoul.pl\/wp-content\/uploads\/2022\/06\/jak-tworzyc-grafiki-przyciagajace-odbiorcow-600x600.jpg 600w\" sizes=\"auto, (max-width: 1080px) 100vw, 1080px\" \/><\/div>\n\t\t<\/figure>\n\t<\/div>\n<\/div><div class=\"vc_col-sm-6 vc_gitem-col vc_gitem-col-align- vc_custom_1673507116706\"><div class=\"vc_custom_heading vc_gitem-post-data vc_gitem-post-data-source-post_title\" ><h4 style=\"font-size: 20px;line-height: 32px;text-align: left\" >Jak tworzy\u0107 GRAFIKI przyci\u0105gaj\u0105ce odbiorc\u00f3w?<\/h4><\/div><div class=\"vc_empty_space\"   style=\"height: 52px\"><span class=\"vc_empty_space_inner\"><\/span><\/div><div class=\"vc_custom_heading case_exerp vc_gitem-post-data vc_gitem-post-data-source-post_excerpt\" ><div style=\"text-align: left\" ><p>Tworzenie tre\u015bci do medi\u00f3w spo\u0142eczno\u015bciowych jest dzi\u015b coraz wi\u0119kszym wyzwaniem. Jak przyci\u0105gn\u0105\u0107 odbiorc\u00f3w do wpisu poprzez grafik\u0119? Media spo\u0142eczno\u015bciowe niezwykle szybko si\u0119 rozwijaj\u0105. Dzi\u015b korzysta z nich nie tylko wiele u\u017cytkownik\u00f3w prywatnych, ale tak\u017ce liczne firmy. Za ich pomoc\u0105 mo\u017cna trafi\u0107 do naprawd\u0119 du\u017cego grona odbiorc\u00f3w. Nie jest to jednak [&hellip;]<\/p>\n<\/div><\/div><p style=\"font-size: 16px;color: #000000;text-align: left;font-family:Montserrat;font-weight:400;font-style:normal\" class=\"vc_custom_heading tt_button tt_primary_button btn_primary_color hover_solid_secondary post_button\"><a href=\"https:\/\/brandsoul.pl\/en\/o-nas\/blog\/jak-tworzyc-grafiki-przyciagajace-odbiorcow\/\" class=\"vc_gitem-link\" title=\"Jak tworzy\u0107 GRAFIKI przyci\u0105gaj\u0105ce odbiorc\u00f3w?\">Czytaj wi\u0119cej<\/a><\/p><\/div><\/div><\/div><\/div><\/div><\/div><div class=\"vc_clearfix\"><\/div><\/div><div class=\"vc_grid-item vc_clearfix vc_col-sm-12\"><div class=\"vc_grid-item-mini vc_clearfix\"><div class=\"vc_gitem-animated-block\" ><div class=\"vc_gitem-zone vc_gitem-zone-a vc_custom_1673513484076 my-post-grid vc-gitem-zone-height-mode-auto vc-gitem-zone-height-mode-auto-16-9\"><div class=\"vc_gitem-zone-mini\"><div class=\"vc_gitem_row vc_row vc_gitem-row-position-top\"><div class=\"vc_col-sm-6 vc_gitem-col vc_gitem-col-align- vc_custom_1673458393234\">\n\t<div class=\"wpb_single_image wpb_content_element vc_custom_1673506984448 vc_align_\">\n\t\t<figure class=\"wpb_wrapper vc_figure\">\n\t\t\t<div class=\"vc_single_image-wrapper   vc_box_border_grey\"><img loading=\"lazy\" decoding=\"async\" width=\"1080\" height=\"1080\" src=\"https:\/\/brandsoul.pl\/wp-content\/uploads\/2022\/06\/jak-zaprojektowac-dobre-logo.jpg\" class=\"vc_single_image-img attachment-full\" alt=\"\" title=\"jak zaprojektowac dobre logo\" srcset=\"https:\/\/brandsoul.pl\/wp-content\/uploads\/2022\/06\/jak-zaprojektowac-dobre-logo.jpg 1080w, https:\/\/brandsoul.pl\/wp-content\/uploads\/2022\/06\/jak-zaprojektowac-dobre-logo-300x300.jpg 300w, https:\/\/brandsoul.pl\/wp-content\/uploads\/2022\/06\/jak-zaprojektowac-dobre-logo-1024x1024.jpg 1024w, https:\/\/brandsoul.pl\/wp-content\/uploads\/2022\/06\/jak-zaprojektowac-dobre-logo-150x150.jpg 150w, https:\/\/brandsoul.pl\/wp-content\/uploads\/2022\/06\/jak-zaprojektowac-dobre-logo-768x768.jpg 768w, https:\/\/brandsoul.pl\/wp-content\/uploads\/2022\/06\/jak-zaprojektowac-dobre-logo-600x600.jpg 600w\" sizes=\"auto, (max-width: 1080px) 100vw, 1080px\" \/><\/div>\n\t\t<\/figure>\n\t<\/div>\n<\/div><div class=\"vc_col-sm-6 vc_gitem-col vc_gitem-col-align- vc_custom_1673507116706\"><div class=\"vc_custom_heading vc_gitem-post-data vc_gitem-post-data-source-post_title\" ><h4 style=\"font-size: 20px;line-height: 32px;text-align: left\" >Jak zaprojektowa\u0107 dobre LOGO?<\/h4><\/div><div class=\"vc_empty_space\"   style=\"height: 52px\"><span class=\"vc_empty_space_inner\"><\/span><\/div><div class=\"vc_custom_heading case_exerp vc_gitem-post-data vc_gitem-post-data-source-post_excerpt\" ><div style=\"text-align: left\" ><p>Logo to wa\u017cny element identyfikacji Twojej marki. Niewa\u017cne czy prowadzisz ma\u0142\u0105 firm\u0119, czy du\u017cy biznes \u2013 jest ono niezb\u0119dne. Poznaj kilka wskaz\u00f3wek dotycz\u0105cych tego, jakie powinno by\u0107 Twoje logo! Logo to element, kt\u00f3rego zadaniem jest wyr\u00f3\u017cnienie Twojej firmy na tle konkurencji. Zazwyczaj jest to prosty symbol lub napis, kt\u00f3ry ma [&hellip;]<\/p>\n<\/div><\/div><p style=\"font-size: 16px;color: #000000;text-align: left;font-family:Montserrat;font-weight:400;font-style:normal\" class=\"vc_custom_heading tt_button tt_primary_button btn_primary_color hover_solid_secondary post_button\"><a href=\"https:\/\/brandsoul.pl\/en\/o-nas\/blog\/jak-zaprojektowac-dobre-logo\/\" class=\"vc_gitem-link\" title=\"Jak zaprojektowa\u0107 dobre LOGO?\">Czytaj wi\u0119cej<\/a><\/p><\/div><\/div><\/div><\/div><\/div><\/div><div class=\"vc_clearfix\"><\/div><\/div><div class=\"vc_grid-item vc_clearfix vc_col-sm-12\"><div class=\"vc_grid-item-mini vc_clearfix\"><div class=\"vc_gitem-animated-block\" ><div class=\"vc_gitem-zone vc_gitem-zone-a vc_custom_1673513484076 my-post-grid vc-gitem-zone-height-mode-auto vc-gitem-zone-height-mode-auto-16-9\"><div class=\"vc_gitem-zone-mini\"><div class=\"vc_gitem_row vc_row vc_gitem-row-position-top\"><div class=\"vc_col-sm-6 vc_gitem-col vc_gitem-col-align- vc_custom_1673458393234\">\n\t<div class=\"wpb_single_image wpb_content_element vc_custom_1673506984448 vc_align_\">\n\t\t<figure class=\"wpb_wrapper vc_figure\">\n\t\t\t<div class=\"vc_single_image-wrapper   vc_box_border_grey\"><img loading=\"lazy\" decoding=\"async\" width=\"480\" height=\"480\" src=\"https:\/\/brandsoul.pl\/wp-content\/uploads\/2022\/02\/1201871136568729.wAleFglMIQ3NW4k5fb97_height640.png\" class=\"vc_single_image-img attachment-full\" alt=\"\" title=\"1201871136568729.wAleFglMIQ3NW4k5fb97_height640\" srcset=\"https:\/\/brandsoul.pl\/wp-content\/uploads\/2022\/02\/1201871136568729.wAleFglMIQ3NW4k5fb97_height640.png 480w, https:\/\/brandsoul.pl\/wp-content\/uploads\/2022\/02\/1201871136568729.wAleFglMIQ3NW4k5fb97_height640-300x300.png 300w, https:\/\/brandsoul.pl\/wp-content\/uploads\/2022\/02\/1201871136568729.wAleFglMIQ3NW4k5fb97_height640-150x150.png 150w\" sizes=\"auto, (max-width: 480px) 100vw, 480px\" \/><\/div>\n\t\t<\/figure>\n\t<\/div>\n<\/div><div class=\"vc_col-sm-6 vc_gitem-col vc_gitem-col-align- vc_custom_1673507116706\"><div class=\"vc_custom_heading vc_gitem-post-data vc_gitem-post-data-source-post_title\" ><h4 style=\"font-size: 20px;line-height: 32px;text-align: left\" >Czym jest KSI\u0118GA IDENTYFIKACJI WIZUALNEJ?<\/h4><\/div><div class=\"vc_empty_space\"   style=\"height: 52px\"><span class=\"vc_empty_space_inner\"><\/span><\/div><div class=\"vc_custom_heading case_exerp vc_gitem-post-data vc_gitem-post-data-source-post_excerpt\" ><div style=\"text-align: left\" ><p>Ksi\u0119ga Identyfikacji Wizualnej, to okre\u015blenie, kt\u00f3re powinno Ci\u0119 zainteresowa\u0107, je\u015bli prowadzisz lub zamierzasz prowadzi\u0107 swoj\u0105 dzia\u0142alno\u015b\u0107. Czym dok\u0142adnie jest i dlaczego Twoja firma jej potrzebuje? Wizerunek marki jest niezwykle wa\u017cny, je\u015bli chcesz osi\u0105gn\u0105\u0107 sukces! To dzi\u0119ki dobremu wizerunkowi sprzeda\u017c Twoich towar\u00f3w i us\u0142ug wzro\u015bnie, a grupa klient\u00f3w powi\u0119kszy si\u0119. Opinia [&hellip;]<\/p>\n<\/div><\/div><p style=\"font-size: 16px;color: #000000;text-align: left;font-family:Montserrat;font-weight:400;font-style:normal\" class=\"vc_custom_heading tt_button tt_primary_button btn_primary_color hover_solid_secondary post_button\"><a href=\"https:\/\/brandsoul.pl\/en\/o-nas\/blog\/czym-jest-ksiega-identyfikacji-wizualnej\/\" class=\"vc_gitem-link\" title=\"Czym jest KSI\u0118GA IDENTYFIKACJI WIZUALNEJ?\">Czytaj wi\u0119cej<\/a><\/p><\/div><\/div><\/div><\/div><\/div><\/div><div class=\"vc_clearfix\"><\/div><\/div><div class=\"vc_grid-item vc_clearfix vc_col-sm-12\"><div class=\"vc_grid-item-mini vc_clearfix\"><div class=\"vc_gitem-animated-block\" ><div class=\"vc_gitem-zone vc_gitem-zone-a vc_custom_1673513484076 my-post-grid vc-gitem-zone-height-mode-auto vc-gitem-zone-height-mode-auto-16-9\"><div class=\"vc_gitem-zone-mini\"><div class=\"vc_gitem_row vc_row vc_gitem-row-position-top\"><div class=\"vc_col-sm-6 vc_gitem-col vc_gitem-col-align- vc_custom_1673458393234\">\n\t<div class=\"wpb_single_image wpb_content_element vc_custom_1673506984448 vc_align_\">\n\t\t<figure class=\"wpb_wrapper vc_figure\">\n\t\t\t<div class=\"vc_single_image-wrapper   vc_box_border_grey\"><\/div>\n\t\t<\/figure>\n\t<\/div>\n<\/div><div class=\"vc_col-sm-6 vc_gitem-col vc_gitem-col-align- vc_custom_1673507116706\"><div class=\"vc_custom_heading vc_gitem-post-data vc_gitem-post-data-source-post_title\" ><h4 style=\"font-size: 20px;line-height: 32px;text-align: left\" >NIETUZINKOWE PROJEKTY GRAFICZNE<\/h4><\/div><div class=\"vc_empty_space\"   style=\"height: 52px\"><span class=\"vc_empty_space_inner\"><\/span><\/div><div class=\"vc_custom_heading case_exerp vc_gitem-post-data vc_gitem-post-data-source-post_excerpt\" ><div style=\"text-align: left\" ><p>Pragniesz si\u0119 wyr\u00f3\u017cni\u0107? Zalezy Ci na Jako\u015bci? Skorzystaj z naszej kreatywnej propozycji obs\u0142ugi graficznej! Odbierz RABAT 10% na projekty graficzne, kt\u00f3re otrzymasz wraz z kompleksowym <a href=\"https:\/\/brandsoul.pl\/en\/doradztwo-biznesowe-marketingowe-dla-firm\/doradztwo-marketingowe\/\" data-internallinksmanager029f6b8e52c=\"2\" title=\"Doradztwo marketingowe\">doradztwem marketingowym<\/a> w zakresie ich wykorzystania!:)<\/p>\n<\/div><\/div><p style=\"font-size: 16px;color: #000000;text-align: left;font-family:Montserrat;font-weight:400;font-style:normal\" class=\"vc_custom_heading tt_button tt_primary_button btn_primary_color hover_solid_secondary post_button\"><a href=\"https:\/\/brandsoul.pl\/en\/o-nas\/blog\/nietuzinkowe-projekty-graficzne\/\" class=\"vc_gitem-link\" title=\"NIETUZINKOWE PROJEKTY GRAFICZNE\">Czytaj wi\u0119cej<\/a><\/p><\/div><\/div><\/div><\/div><\/div><\/div><div class=\"vc_clearfix\"><\/div><\/div><\/div><div data-lazy-loading-btn=\"true\" style=\"display: none;\"><a href=\"https:\/\/brandsoul.pl\/en\/blog\/branding\/\"><\/a><\/div><\/div>\n\t<\/div>\n<\/div><\/div><\/div><\/div><div class=\"wpb_column vc_column_container vc_col-sm-4\"><div class=\"vc_column-inner\"><div class=\"wpb_wrapper\"><div class=\"vc_row wpb_row vc_inner vc_row-fluid vc_row-bg-position-top\"><div class=\"wpb_column vc_column_container vc_col-sm-12\"><div class=\"vc_column-inner\"><div class=\"wpb_wrapper\"><div  class=\"vc_wp_custommenu wpb_content_element blog-menu-m\"><div class=\"widget widget_nav_menu\"><div class=\"menu-menu-blog-container\"><ul id=\"menu-menu-blog\" class=\"menu\"><li id=\"menu-item-10991\" class=\"menu-item menu-item-type-post_type menu-item-object-page menu-item-10991\"><a href=\"https:\/\/brandsoul.pl\/en\/blog\/doradztwo-marketingowe\/\">Doradztwo marketingowe<\/a><\/li>\n<li id=\"menu-item-10997\" class=\"menu-item menu-item-type-post_type menu-item-object-page menu-item-10997\"><a href=\"https:\/\/brandsoul.pl\/en\/blog\/media-spolecznosciowe\/\">Media spo\u0142eczno\u015bciowe<\/a><\/li>\n<li id=\"menu-item-11017\" class=\"menu-item menu-item-type-post_type menu-item-object-page menu-item-11017\"><a href=\"https:\/\/brandsoul.pl\/en\/blog\/brand\/\">Marka<\/a><\/li>\n<li id=\"menu-item-11016\" class=\"menu-item menu-item-type-post_type menu-item-object-page menu-item-11016\"><a href=\"https:\/\/brandsoul.pl\/en\/blog\/branding\/\">Branding<\/a><\/li>\n<li id=\"menu-item-11018\" class=\"menu-item menu-item-type-post_type menu-item-object-page menu-item-11018\"><a href=\"https:\/\/brandsoul.pl\/en\/blog\/reklama\/\">Reklama<\/a><\/li>\n<li id=\"menu-item-11019\" class=\"menu-item menu-item-type-post_type menu-item-object-page menu-item-11019\"><a href=\"https:\/\/brandsoul.pl\/en\/blog\/zarzadzanie\/\">Zarz\u0105dzanie<\/a><\/li>\n<li id=\"menu-item-11021\" class=\"menu-item menu-item-type-post_type menu-item-object-page menu-item-11021\"><a href=\"https:\/\/brandsoul.pl\/en\/blog\/technologia\/\">Technologia<\/a><\/li>\n<li id=\"menu-item-11022\" class=\"menu-item menu-item-type-post_type menu-item-object-page menu-item-11022\"><a href=\"https:\/\/brandsoul.pl\/en\/blog\/marketing\/\">Marketing<\/a><\/li>\n<li id=\"menu-item-11023\" class=\"menu-item menu-item-type-post_type menu-item-object-page menu-item-11023\"><a href=\"https:\/\/brandsoul.pl\/en\/blog\/sprzedaz\/\">Sprzeda\u017c<\/a><\/li>\n<\/ul><\/div><\/div><\/div><\/div><\/div><\/div><\/div><\/div><\/div><\/div><\/div><div class=\"vc_row-full-width vc_clearfix\"><\/div><div data-vc-full-width=\"true\" data-vc-full-width-init=\"false\" class=\"vc_row wpb_row vc_row-fluid vc_custom_1672901289259 vc_row-has-fill vc_row-bg-position-top\"><div class=\"wpb_column vc_column_container vc_col-sm-12\"><div class=\"vc_column-inner\"><div class=\"wpb_wrapper\"><div class=\"kd-calltoaction\" >\n                <div class=\"container\">\n                  <div class=\"cta-text-container kd-animated fadeIn\" data-animation-delay=\"200\"><div class=\"cta-text\"><h5 style=\"color: #000000;\">Um\u00f3w si\u0119 na spotkanie. Poznajmy si\u0119!<\/h5><\/div>\n                    <\/div>\n                    <div class=\"cta-btncontainer\"><a href=\"https:\/\/brandsoul.pl\/en\/kontakt\/\"  title=\"Kontakt\" class=\"tt_button tt_secondary_button btn_secondary_color  button-action-link icon_right kd-animated zoomIn\" data-animation-delay=\"200\">Porozmawiajmy!<span class=\"fas fa-chevron-right iconita\" ><\/span><\/a><\/div>\n                <\/div>\n            <\/div><\/div><\/div><\/div><\/div><div class=\"vc_row-full-width vc_clearfix\"><\/div><div data-vc-full-width=\"true\" data-vc-full-width-init=\"false\" class=\"vc_row wpb_row vc_row-fluid vc_custom_1671465691697 vc_row-has-fill vc_row-has-padding-top vc_row-has-padding-bottom vc_row-bg-position-top\"><div class=\"wpb_column vc_column_container vc_col-sm-4\"><div class=\"vc_column-inner\"><div class=\"wpb_wrapper\"><h3 style=\"font-size: 14px;color: #ffffff;text-align: left\" class=\"vc_custom_heading\" >STUDIO MARKI BRANDSOUL SP.Z O.O.<\/h3>\n\t<div class=\"wpb_text_column wpb_content_element\" >\n\t\t<div class=\"wpb_wrapper\">\n\t\t\t<p>ul. K\u00f3rnicka 198B\/11<br \/>\n62-020 Zalasewo (Swarz\u0119dz)<\/p>\n\n\t\t<\/div>\n\t<\/div>\n\n\t<div class=\"wpb_text_column wpb_content_element\" >\n\t\t<div class=\"wpb_wrapper\">\n\t\t\t<p>kom. +48 668 130 202<br \/>\nINFO@BRANDSOUL.PL<\/p>\n\n\t\t<\/div>\n\t<\/div>\n<\/div><\/div><\/div><div class=\"wpb_column vc_column_container vc_col-sm-4\"><div class=\"vc_column-inner\"><div class=\"wpb_wrapper\"><h3 style=\"font-size: 14px;color: #ffffff;text-align: left\" class=\"vc_custom_heading\" >DANE FIRMY<\/h3>\n\t<div class=\"wpb_text_column wpb_content_element\" >\n\t\t<div class=\"wpb_wrapper\">\n\t\t\t<p>Studio Marki Brandsoul Sp. zo.o.<br \/>\nul. Harmonia 9\/6<br \/>\n62-020 Zalasewo<\/p>\n\n\t\t<\/div>\n\t<\/div>\n\n\t<div class=\"wpb_text_column wpb_content_element\" >\n\t\t<div class=\"wpb_wrapper\">\n\t\t\t<p>NIP: 7822692832<br \/>\nRegon: 366811048<br \/>\nKRS: 0000668828<\/p>\n\n\t\t<\/div>\n\t<\/div>\n<\/div><\/div><\/div><div class=\"wpb_column vc_column_container vc_col-sm-4\"><div class=\"vc_column-inner\"><div class=\"wpb_wrapper\"><h2 style=\"font-size: 14px;color: #ffffff;text-align: left\" class=\"vc_custom_heading\" >FORMULARZ KONTAKTOWY<\/h2><div class=\"wpforms-container wpforms-container-full\" id=\"wpforms-4119\"><form id=\"wpforms-form-4119\" class=\"wpforms-validate wpforms-form\" data-formid=\"4119\" method=\"post\" enctype=\"multipart\/form-data\" action=\"\/en\/wp-json\/wp\/v2\/pages\/11000\" data-trp-original-action=\"\/en\/wp-json\/wp\/v2\/pages\/11000\"><noscript class=\"wpforms-error-noscript\">Please enable JavaScript in your browser to complete this form.<\/noscript><div class=\"wpforms-field-container\"><div id=\"wpforms-4119-field_1-container\" class=\"wpforms-field wpforms-field-select wpforms-field-select-style-classic\" data-field-id=\"1\"><select id=\"wpforms-4119-field_1\" class=\"wpforms-field-large wpforms-field-required\" name=\"wpforms[fields][1]\" required=\"required\"><option value=\"\" class=\"placeholder\" disabled selected='selected'>Wybierz cel kontaktu<\/option><option value=\"Kontakt telefoniczny\" >Kontakt telefoniczny<\/option><option value=\"Spotkanie\" >Spotkanie<\/option><option value=\"Oferta\/wycena\" >Oferta\/wycena<\/option><\/select><\/div><div id=\"wpforms-4119-field_2-container\" class=\"wpforms-field wpforms-field-text\" data-field-id=\"2\"><input type=\"text\" id=\"wpforms-4119-field_2\" class=\"wpforms-field-medium wpforms-field-required\" name=\"wpforms[fields][2]\" placeholder=\"Imi\u0119\" required><\/div><div id=\"wpforms-4119-field_3-container\" class=\"wpforms-field wpforms-field-email\" data-field-id=\"3\"><input type=\"email\" id=\"wpforms-4119-field_3\" class=\"wpforms-field-medium wpforms-field-required\" name=\"wpforms[fields][3]\" placeholder=\"E-mail\" required><\/div><div id=\"wpforms-4119-field_7-container\" class=\"wpforms-field wpforms-field-phone\" data-field-id=\"7\"><input type=\"tel\" id=\"wpforms-4119-field_7\" class=\"wpforms-field-medium wpforms-field-required wpforms-smart-phone-field\" data-rule-smart-phone-field=\"true\" name=\"wpforms[fields][7]\" placeholder=\"Telefon\" required><\/div><div id=\"wpforms-4119-field_5-container\" class=\"wpforms-field wpforms-field-textarea\" data-field-id=\"5\"><textarea id=\"wpforms-4119-field_5\" class=\"wpforms-field-small wpforms-field-required\" name=\"wpforms[fields][5]\" placeholder=\"Wiadomo\u015b\u0107\" required><\/textarea><\/div><div id=\"wpforms-4119-field_6-container\" class=\"wpforms-field wpforms-field-checkbox\" data-field-id=\"6\"><ul id=\"wpforms-4119-field_6\" class=\"wpforms-field-required\"><li class=\"choice-1 depth-1\"><input type=\"checkbox\" id=\"wpforms-4119-field_6_1\" name=\"wpforms[fields][6][]\" value=\"Akceptuj\u0119 warunki &lt;a href=&quot;https:\/\/brandsoul.pl\/polityka-prywatnosci\/&quot; target=&quot;_blank&quot;&gt;Polityki prywatno\u015bci.&lt;\/a&gt;\" required><label class=\"wpforms-field-label-inline\" for=\"wpforms-4119-field_6_1\">Akceptuj\u0119 warunki <a href=\"https:\/\/brandsoul.pl\/en\/polityka-prywatnosci\/\" target=\"_blank\">Polityki prywatno\u015bci.<\/a><\/label><\/li><\/ul><\/div><\/div><div class=\"wpforms-field wpforms-field-hp\"><label for=\"wpforms-4119-field-hp\" class=\"wpforms-field-label\">Message<\/label><input type=\"text\" name=\"wpforms[hp]\" id=\"wpforms-4119-field-hp\" class=\"wpforms-field-medium\"><\/div><input type=\"hidden\" name=\"wpforms[recaptcha]\" value=\"\"><div class=\"wpforms-submit-container\" ><input type=\"hidden\" name=\"wpforms[id]\" value=\"4119\"><input type=\"hidden\" name=\"wpforms[author]\" value=\"3\"><button type=\"submit\" name=\"wpforms[submit]\" class=\"wpforms-submit tt_button\" id=\"wpforms-submit-4119\" value=\"wpforms-submit\" aria-live=\"assertive\" data-alt-text=\"Wysy\u0142anie...\" data-submit-text=\"Wyslij\">Wyslij<\/button><\/div><input type=\"hidden\" name=\"trp-form-language\" value=\"en\"\/><\/form><\/div>  <!-- .wpforms-container --><\/div><\/div><\/div><\/div><div class=\"vc_row-full-width vc_clearfix\"><\/div>\n<\/section>","protected":false},"excerpt":{"rendered":"Jak tworzy\u0107 GRAFIKI przyci\u0105gaj\u0105ce odbiorc\u00f3w?Tworzenie tre\u015bci do medi\u00f3w spo\u0142eczno\u015bciowych jest dzi\u015b coraz wi\u0119kszym wyzwaniem. Jak przyci\u0105gn\u0105\u0107 odbiorc\u00f3w do wpisu poprzez grafik\u0119? Media spo\u0142eczno\u015bciowe niezwykle szybko si\u0119 rozwijaj\u0105. Dzi\u015b korzysta z nich nie tylko wiele u\u017cytkownik\u00f3w prywatnych, ale tak\u017ce liczne firmy. Za ich pomoc\u0105 mo\u017cna trafi\u0107 do naprawd\u0119 du\u017cego grona odbiorc\u00f3w. [...]","protected":false},"author":7,"featured_media":0,"parent":9549,"menu_order":15,"comment_status":"closed","ping_status":"closed","template":"","meta":{"_themeisle_gutenberg_block_has_review":false,"footnotes":""},"class_list":["post-11000","page","type-page","status-publish","hentry"],"aioseo_notices":[],"_links":{"self":[{"href":"https:\/\/brandsoul.pl\/en\/wp-json\/wp\/v2\/pages\/11000","targetHints":{"allow":["GET"]}}],"collection":[{"href":"https:\/\/brandsoul.pl\/en\/wp-json\/wp\/v2\/pages"}],"about":[{"href":"https:\/\/brandsoul.pl\/en\/wp-json\/wp\/v2\/types\/page"}],"author":[{"embeddable":true,"href":"https:\/\/brandsoul.pl\/en\/wp-json\/wp\/v2\/users\/7"}],"replies":[{"embeddable":true,"href":"https:\/\/brandsoul.pl\/en\/wp-json\/wp\/v2\/comments?post=11000"}],"version-history":[{"count":4,"href":"https:\/\/brandsoul.pl\/en\/wp-json\/wp\/v2\/pages\/11000\/revisions"}],"predecessor-version":[{"id":13501,"href":"https:\/\/brandsoul.pl\/en\/wp-json\/wp\/v2\/pages\/11000\/revisions\/13501"}],"up":[{"embeddable":true,"href":"https:\/\/brandsoul.pl\/en\/wp-json\/wp\/v2\/pages\/9549"}],"wp:attachment":[{"href":"https:\/\/brandsoul.pl\/en\/wp-json\/wp\/v2\/media?parent=11000"}],"curies":[{"name":"wp","href":"https:\/\/api.w.org\/{rel}","templated":true}]}}