{"id":12342,"date":"2023-11-28T17:20:24","date_gmt":"2023-11-28T17:20:24","guid":{"rendered":"https:\/\/brandsoul.pl\/?page_id=12342"},"modified":"2026-01-01T18:19:28","modified_gmt":"2026-01-01T18:19:28","slug":"strategia-marketingowa-re-launch","status":"publish","type":"page","link":"https:\/\/brandsoul.pl\/en\/express-marketing\/strategia-marketingowa-re-launch\/","title":{"rendered":"Strategia marketingowa RE-LAUNCH"},"content":{"rendered":"<section class=\"wpb-content-wrapper\"><div data-vc-full-width=\"true\" data-vc-full-width-init=\"false\" class=\"vc_row wpb_row vc_row-fluid vc_custom_1672139240035 vc_row-has-fill vc_row-has-padding-bottom vc_row-bg-position-top vc_row-main-color-overlay\"><div class=\"wpb_column vc_column_container vc_col-sm-12\"><div class=\"vc_column-inner vc_custom_1597847545062\"><div class=\"wpb_wrapper\"><div class=\"vc_row wpb_row vc_inner vc_row-fluid vc_custom_1605635100320 vc_row-has-padding-top vc_row-bg-position-top\"><div class=\"wpb_column vc_column_container vc_col-sm-6\"><div class=\"vc_column-inner\"><div class=\"wpb_wrapper\"><header class=\"kd-section-title col-lg-12 text-left  subtitle-below-title kd-animated fadeIn   vc_custom_1701191847850\" data-animation-delay=\"200\"><h1 class=\"separator_off\" style=\"color: #000000;margin-bottom:30px;\">Zakres oferty<\/h1><h6 class=\"subtitle\" style=\"color: #696969;font-size:16px;\">Jednoosobowa dzia\u0142alno\u015b\u0107 gospodarcza - RE-LAUNCH<\/h6><\/header><\/div><\/div><\/div><div class=\"wpb_column vc_column_container vc_col-sm-6\"><div class=\"vc_column-inner\"><div class=\"wpb_wrapper\">\n\t<div  class=\"wpb_single_image wpb_content_element vc_align_center\">\n\t\t\n\t\t<figure class=\"wpb_wrapper vc_figure\">\n\t\t\t<div class=\"vc_single_image-wrapper   vc_box_border_grey\"><img loading=\"lazy\" decoding=\"async\" width=\"300\" height=\"94\" src=\"https:\/\/brandsoul.pl\/wp-content\/uploads\/2022\/12\/as_sign_2-300x94.png\" class=\"vc_single_image-img attachment-medium\" alt=\"\" title=\"as_sign_2\" srcset=\"https:\/\/brandsoul.pl\/wp-content\/uploads\/2022\/12\/as_sign_2-300x94.png 300w, https:\/\/brandsoul.pl\/wp-content\/uploads\/2022\/12\/as_sign_2.png 417w\" sizes=\"auto, (max-width: 300px) 100vw, 300px\" \/><\/div>\n\t\t<\/figure>\n\t<\/div>\n<\/div><\/div><\/div><\/div><\/div><\/div><\/div><\/div><div class=\"vc_row-full-width vc_clearfix\"><\/div><div class=\"vc_row wpb_row vc_row-fluid vc_row-bg-position-top\"><div class=\"wpb_column vc_column_container vc_col-sm-12\"><div class=\"vc_column-inner\"><div class=\"wpb_wrapper\"><div class=\"vc_row wpb_row vc_inner vc_row-fluid vc_custom_1672139212993 vc_custom_1672139212994 vc_row-has-padding-top vc_row-has-padding-bottom vc_row-bg-position-top\"><div class=\"wpb_column vc_column_container vc_col-sm-12 vc_col-lg-offset-0 vc_col-lg-6 vc_col-md-offset-0 vc_col-sm-offset-0\"><div class=\"vc_column-inner vc_custom_1598626887631  vc_custom_1598626887632 vc_custom_1598626887633\"><div class=\"wpb_wrapper\"><ul class=\"kd-icon-list\" ><li class=\"kd-icon-list-item\"><div class=\"kd-icon-wrapper icon-simple\" ><i class=\"fas fa-chevron-circle-right\" ><\/i><\/div><span class=\"kd-list-text\" style=\"color: #7b7b7b;\">Analiza konkurencji<\/span><\/li><li class=\"kd-icon-list-item\"><div class=\"kd-icon-wrapper icon-simple\" ><i class=\"fas fa-chevron-circle-right\" ><\/i><\/div><span class=\"kd-list-text\" style=\"color: #7b7b7b;\">Analiza klienta docelowego <\/span><\/li><li class=\"kd-icon-list-item\"><div class=\"kd-icon-wrapper icon-simple\" ><i class=\"fas fa-chevron-circle-right\" ><\/i><\/div><span class=\"kd-list-text\" style=\"color: #7b7b7b;\">Cele i KPI marketingowe<\/span><\/li><li class=\"kd-icon-list-item\"><div class=\"kd-icon-wrapper icon-simple\" ><i class=\"fas fa-chevron-circle-right\" ><\/i><\/div><span class=\"kd-list-text\" style=\"color: #7b7b7b;\">Kana\u0142y komunikacji<\/span><\/li><li class=\"kd-icon-list-item\"><div class=\"kd-icon-wrapper icon-simple\" ><i class=\"fas fa-chevron-circle-right\" ><\/i><\/div><span class=\"kd-list-text\" style=\"color: #7b7b7b;\">Key Message<\/span><\/li><li class=\"kd-icon-list-item\"><div class=\"kd-icon-wrapper icon-simple\" ><i class=\"fas fa-chevron-circle-right\" ><\/i><\/div><span class=\"kd-list-text\" style=\"color: #7b7b7b;\">Brand Purpose<\/span><\/li><\/ul><\/div><\/div><\/div><div class=\"wpb_column vc_column_container vc_col-sm-12 vc_col-lg-6\"><div class=\"vc_column-inner vc_custom_1701245026143 vc_custom_1701245026144 vc_custom_1701245026144 vc_custom_1701245026144\"><div class=\"wpb_wrapper\"><ul class=\"kd-icon-list\" ><li class=\"kd-icon-list-item\"><div class=\"kd-icon-wrapper icon-simple\" ><i class=\"fas fa-chevron-circle-right\" ><\/i><\/div><span class=\"kd-list-text\" style=\"color: #7b7b7b;\">Audyt marketingowo-wizerunkowy<\/span><\/li><li class=\"kd-icon-list-item\"><div class=\"kd-icon-wrapper icon-simple\" ><i class=\"fas fa-chevron-circle-right\" ><\/i><\/div><span class=\"kd-list-text\" style=\"color: #7b7b7b;\">Analiza rynku i otoczenia<\/span><\/li><li class=\"kd-icon-list-item\"><div class=\"kd-icon-wrapper icon-simple\" ><i class=\"fas fa-chevron-circle-right\" ><\/i><\/div><span class=\"kd-list-text\" style=\"color: #7b7b7b;\">Analiza i Kreacja \u2013 produkt\/us\u0142uga<\/span><\/li><li class=\"kd-icon-list-item\"><div class=\"kd-icon-wrapper icon-simple\" ><i class=\"fas fa-chevron-circle-right\" ><\/i><\/div><span class=\"kd-list-text\" style=\"color: #7b7b7b;\">Warto\u015bci (USP, UVP)<\/span><\/li><li class=\"kd-icon-list-item\"><div class=\"kd-icon-wrapper icon-simple\" ><i class=\"fas fa-chevron-circle-right\" ><\/i><\/div><span class=\"kd-list-text\" style=\"color: #7b7b7b;\">Strategia komunikacji<\/span><\/li><li class=\"kd-icon-list-item\"><div class=\"kd-icon-wrapper icon-simple\" ><i class=\"fas fa-chevron-circle-right\" ><\/i><\/div><span class=\"kd-list-text\" style=\"color: #7b7b7b;\">Pozycjonowanie marki<\/span><\/li><li class=\"kd-icon-list-item\"><div class=\"kd-icon-wrapper icon-simple\" ><i class=\"fas fa-chevron-circle-right\" ><\/i><\/div><span class=\"kd-list-text\" style=\"color: #7b7b7b;\">Brand Resonance Model<\/span><\/li><\/ul><\/div><\/div><\/div><\/div><\/div><\/div><\/div><\/div><div data-vc-full-width=\"true\" data-vc-full-width-init=\"false\" class=\"vc_row wpb_row vc_row-fluid vc_custom_1672147987315 vc_row-has-fill vc_row-bg-position-top vc_row-main-color-overlay\"><div class=\"wpb_column vc_column_container vc_col-sm-12\"><div class=\"vc_column-inner vc_custom_1597847545062\"><div class=\"wpb_wrapper\"><div class=\"vc_row wpb_row vc_inner vc_row-fluid vc_custom_1672142453081 vc_custom_1672142453082 vc_row-has-padding-top vc_row-has-padding-bottom vc_row-bg-position-top\"><div class=\"wpb_column vc_column_container vc_col-sm-12 vc_col-lg-offset-0 vc_col-lg-6 vc_col-md-offset-0 vc_col-sm-offset-0\"><div class=\"vc_column-inner vc_custom_1701192140051  vc_custom_1701192140052 vc_custom_1701192140052\"><div class=\"wpb_wrapper\"><header class=\"kd-section-title col-lg-12 text-left  subtitle-below-title kd-animated fadeIn   vc_custom_1701191945400\" data-animation-delay=\"200\"><h6 class=\"subtitle\" style=\"color: #ffffff;font-size:16px;\">Zarz\u0105dzasz firm\u0105, ale nie masz opracowanej strategii marketingowej,<br \/>\nalbo aktualna wymaga audytu i zmian?<\/h6><\/header><header class=\"kd-section-title col-lg-12 text-left  subtitle-below-title kd-animated fadeIn   vc_custom_1701191992335\" data-animation-delay=\"200\"><h6 class=\"subtitle\" style=\"color: #ffffff;font-size:16px;\">Kierujesz dzia\u0142em marketingu lub sprzeda\u017cy, ale nie posiadasz strategii dzia\u0142ania, kt\u00f3ra pomo\u017ce Tobie obra\u0107 odpowiedni kierunek?<\/h6><\/header><header class=\"kd-section-title col-lg-12 text-left  subtitle-below-title kd-animated fadeIn   vc_custom_1701191425902\" data-animation-delay=\"200\"><h6 class=\"subtitle\" style=\"color: #ffffff;font-size:16px;\">Przygotowali\u015bmy dla Ciebie opcj\u0119, kt\u00f3ra pozwoli Tobie zaplanowa\u0107 strategi\u0119 dzia\u0142a\u0144 marketingowych i sprzeda\u017cowych przy niewielkiej inwestycji.<\/h6><\/header><header class=\"kd-section-title col-lg-12 text-left  subtitle-below-title kd-animated fadeIn   vc_custom_1701192020776\" data-animation-delay=\"200\"><h6 class=\"subtitle\" style=\"color: #ffffff;font-size:16px;\">Przeanalizujemy Twoj\u0105 aktualn\u0105 koncepcj\u0119 dzia\u0142ania, wyci\u0105gniemy wnioski i wska\u017cemy nasze propozycje zmian.<\/h6><\/header><\/div><\/div><\/div><div class=\"wpb_column vc_column_container vc_col-sm-12 vc_col-lg-6\"><div class=\"vc_column-inner vc_custom_1679906466494 vc_custom_1679906466494 vc_custom_1679906466494 vc_custom_1679906466494\"><div class=\"wpb_wrapper\"><header class=\"kd-section-title col-lg-12 text-left  subtitle-below-title kd-animated fadeIn   vc_custom_1701190066218\" data-animation-delay=\"200\"><h2 class=\"separator_off\" style=\"color: #ffffff;margin-bottom:30px;\">Pami\u0119taj!<\/h2><h6 class=\"subtitle\" style=\"color: #ffffff;font-size:16px;\">Strategia marketingowa to podstawa efektywnych dzia\u0142a\u0144 marketingowych. Bez niej, nigdy nie b\u0119dziesz w stanie oceni\u0107, czy obrany przez Ciebie kierunek rozwoju biznesu by\u0142 tym najlepszym.<br \/>\nStrategia umo\u017cliwia analiz\u0119 opcji, mo\u017cliwo\u015bci, szans ale te\u017c ogranicze\u0144 i zagro\u017ce\u0144, tak aby skupi\u0107 si\u0119 na dzia\u0142aniu mo\u017cliwie optymalnym.<\/h6><\/header><header class=\"kd-section-title col-lg-12 text-left  subtitle-below-title kd-animated fadeIn   vc_custom_1701192109561\" data-animation-delay=\"200\"><h6 class=\"subtitle\" style=\"color: #ffffff;font-size:16px;\">Nie zapominaj, \u017ce rozwijaj\u0105c firm\u0119 musisz wiedzie\u0107 w jakim kierunku chcesz pod\u0105\u017ca\u0107.<\/h6><\/header><\/div><\/div><\/div><\/div><\/div><\/div><\/div><\/div><div class=\"vc_row-full-width vc_clearfix\"><\/div><div data-vc-full-width=\"true\" data-vc-full-width-init=\"false\" data-vc-stretch-content=\"true\" class=\"vc_row wpb_row vc_row-fluid vc_custom_1701190862667 vc_row-has-fill vc_row-has-padding-top vc_row-bg-position-top\"><div class=\"wpb_column vc_column_container vc_col-sm-12\"><div class=\"vc_column-inner\"><div class=\"wpb_wrapper\"><header class=\"kd-section-title col-lg-12 text-center  subtitle-below-title kd-animated fadeIn   vc_custom_1701190817462\" data-animation-delay=\"200\"><h2 class=\"separator_off\" style=\"color: #000000;margin-bottom:30px;\">Opracowana przez nas strategia zawiera podstawowe elementy,<br \/>\nniezb\u0119dne w projektowaniu strategicznym.<\/h2><h6 class=\"subtitle\" style=\"color: #000000;font-size:16px;\">Etapy przygotowania strategii:<\/h6><\/header><\/div><\/div><\/div><\/div><div class=\"vc_row-full-width vc_clearfix\"><\/div><div data-vc-full-width=\"true\" data-vc-full-width-init=\"false\" class=\"vc_row wpb_row vc_row-fluid vc_custom_1701190895107 vc_row-has-fill vc_row-has-padding-top vc_row-has-padding-bottom vc_row-bg-position-top\"><div class=\"wpb_column vc_column_container vc_col-sm-12\"><div class=\"vc_column-inner\"><div class=\"wpb_wrapper\">\r\n            <div class=\"kd-process-steps process_four_elem process-number-template\">\r\n                <ul>\r\n                <li class=\"pss-item kd-animated fadeIn\" >\r\n                    <div class=\"pss-container\"><div class=\"pss-step-number\"><span style=\"color: #e3cb71;\">01.<\/span><\/div><div class=\"pss-text-area\"><h5 >Warsztaty<\/h5><p >Warsztaty z Tob\u0105 i Twoim zespo\u0142em (2-3h), na kt\u00f3rych porozmawiamy o Twoim biznesie, planach i za\u0142o\u017ceniach<\/p><\/div>\r\n                    <\/div>\r\n                <\/li>\r\n                <li class=\"pss-item kd-animated fadeIn\" data-animation-delay=\"200\">\r\n                    <div class=\"pss-container\"><div class=\"pss-step-number\"><span style=\"color: #e3cb71;\">02.<\/span><\/div><div class=\"pss-text-area\"><h5 >Brief strategiczny (1h)<\/h5><p >kt\u00f3ry otrzymasz od nas w formie ankiety, w celu usystematyzowania wiedzy o Tobie i Twoim biznesie<\/p><\/div>\r\n                    <\/div>\r\n                <\/li>\r\n                <li class=\"pss-item kd-animated fadeIn\" data-animation-delay=\"400\">\r\n                    <div class=\"pss-container\"><div class=\"pss-step-number\"><span style=\"color: #e3cb71;\">03.<\/span><\/div><div class=\"pss-text-area\"><h5 >Opracowanie strategii<\/h5><p >(14 dni roboczych) przez naszych specjalist\u00f3w<\/p><\/div>\r\n                    <\/div>\r\n                <\/li>\r\n                <li class=\"pss-item kd-animated fadeIn\" data-animation-delay=\"600\">\r\n                    <div class=\"pss-container\"><div class=\"pss-step-number\"><span style=\"color: #e3cb71;\">04.<\/span><\/div><div class=\"pss-text-area\"><h5 >Strategia<\/h5><p >Udost\u0119pnienie Tobie strategii wraz z komentarzem dotycz\u0105cych wdro\u017cenia<\/p><\/div>\r\n                    <\/div>\r\n                <\/li><\/ul>\r\n            <\/div><\/div><\/div><\/div><\/div><div class=\"vc_row-full-width vc_clearfix\"><\/div><div class=\"vc_row wpb_row vc_row-fluid vc_custom_1701191024246 vc_row-has-padding-top vc_row-has-padding-bottom vc_row-has-padding-left vc_row-has-padding-right vc_row-bg-position-top\"><div class=\"wpb_column vc_column_container vc_col-sm-12\"><div class=\"vc_column-inner\"><div class=\"wpb_wrapper\"><header class=\"kd-section-title col-lg-12 text-center  subtitle-below-title kd-animated fadeIn   vc_custom_1701189028856\" data-animation-delay=\"200\"><h1 class=\"separator_off\" style=\"color: #000000;margin-bottom:30px;\">Zapytaj o ofert\u0119<br \/>\ndla Twojej firmy<\/h1><h6 class=\"subtitle\" style=\"color: #696969;font-size:16px;\">Odezwiemy si\u0119 w ci\u0105gu maksymalnie 180 minut od z\u0142o\u017cenia zapytania.<\/h6><\/header><div class=\"wpforms-container wpforms-container-full wycena\" id=\"wpforms-12340\"><form id=\"wpforms-form-12340\" class=\"wpforms-validate wpforms-form\" data-formid=\"12340\" method=\"post\" enctype=\"multipart\/form-data\" action=\"\/en\/wp-json\/wp\/v2\/pages\/12342\" data-trp-original-action=\"\/en\/wp-json\/wp\/v2\/pages\/12342\"><noscript class=\"wpforms-error-noscript\">Please enable JavaScript in your browser to complete this form.<\/noscript><div class=\"wpforms-field-container\"><div id=\"wpforms-12340-field_2-container\" class=\"wpforms-field wpforms-field-text\" data-field-id=\"2\"><label class=\"wpforms-field-label\" for=\"wpforms-12340-field_2\">Imi\u0119 i nazwisko <span class=\"wpforms-required-label\">*<\/span><\/label><input type=\"text\" id=\"wpforms-12340-field_2\" class=\"wpforms-field-medium wpforms-field-required\" name=\"wpforms[fields][2]\" required><\/div><div id=\"wpforms-12340-field_3-container\" class=\"wpforms-field wpforms-field-email\" data-field-id=\"3\"><label class=\"wpforms-field-label\" for=\"wpforms-12340-field_3\">E-mail <span class=\"wpforms-required-label\">*<\/span><\/label><input type=\"email\" id=\"wpforms-12340-field_3\" class=\"wpforms-field-medium wpforms-field-required\" name=\"wpforms[fields][3]\" required><\/div><div id=\"wpforms-12340-field_8-container\" class=\"wpforms-field wpforms-field-text\" data-field-id=\"8\"><label class=\"wpforms-field-label\" for=\"wpforms-12340-field_8\">Telefon <span class=\"wpforms-required-label\">*<\/span><\/label><input type=\"text\" id=\"wpforms-12340-field_8\" class=\"wpforms-field-medium wpforms-field-required\" name=\"wpforms[fields][8]\" required><\/div><div id=\"wpforms-12340-field_6-container\" class=\"wpforms-field wpforms-field-checkbox\" data-field-id=\"6\"><ul id=\"wpforms-12340-field_6\" class=\"wpforms-field-required\"><li class=\"choice-1 depth-1\"><input type=\"checkbox\" id=\"wpforms-12340-field_6_1\" name=\"wpforms[fields][6][]\" value=\"Akceptuj\u0119 warunki &lt;a href=&quot;https:\/\/brandsoul.pl\/polityka-prywatnosci\/&quot; target=&quot;_blank&quot;&gt;Polityki prywatno\u015bci.&lt;\/a&gt;\" required><label class=\"wpforms-field-label-inline\" for=\"wpforms-12340-field_6_1\">Akceptuj\u0119 warunki <a href=\"https:\/\/brandsoul.pl\/en\/polityka-prywatnosci\/\" target=\"_blank\">Polityki prywatno\u015bci.<\/a><\/label><\/li><\/ul><\/div><\/div><div class=\"wpforms-field wpforms-field-hp\"><label for=\"wpforms-12340-field-hp\" class=\"wpforms-field-label\">Website<\/label><input type=\"text\" name=\"wpforms[hp]\" id=\"wpforms-12340-field-hp\" class=\"wpforms-field-medium\"><\/div><input type=\"hidden\" name=\"wpforms[recaptcha]\" value=\"\"><div class=\"wpforms-submit-container\" ><input type=\"hidden\" name=\"wpforms[id]\" value=\"12340\"><input type=\"hidden\" name=\"wpforms[author]\" value=\"7\"><button type=\"submit\" name=\"wpforms[submit]\" class=\"wpforms-submit\" id=\"wpforms-submit-12340\" value=\"wpforms-submit\" aria-live=\"assertive\" data-alt-text=\"Wysy\u0142anie...\" data-submit-text=\"Wyslij\">Wyslij<\/button><\/div><input type=\"hidden\" name=\"trp-form-language\" value=\"en\"\/><\/form><\/div>  <!-- .wpforms-container --><\/div><\/div><\/div><\/div><div data-vc-full-width=\"true\" data-vc-full-width-init=\"false\" class=\"vc_row wpb_row vc_row-fluid vc_custom_1671465691697 vc_row-has-fill vc_row-has-padding-top vc_row-has-padding-bottom vc_row-bg-position-top\"><div class=\"wpb_column vc_column_container vc_col-sm-4\"><div class=\"vc_column-inner\"><div class=\"wpb_wrapper\">\n\t<div  class=\"wpb_single_image wpb_content_element vc_align_left  vc_custom_1700946278199\">\n\t\t\n\t\t<figure class=\"wpb_wrapper vc_figure\">\n\t\t\t<div class=\"vc_single_image-wrapper   vc_box_border_grey\"><img loading=\"lazy\" decoding=\"async\" class=\"vc_single_image-img\" width=\"80\" height=\"80\"  src=\"https:\/\/brandsoul.pl\/wp-content\/uploads\/2023\/11\/logo_brandsoul.png\" \/><\/div>\n\t\t<\/figure>\n\t<\/div>\n<h3 style=\"font-size: 14px;color: #ffffff;text-align: left\" class=\"vc_custom_heading\" >STUDIO MARKI BRANDSOUL SP.Z O.O.<\/h3><h5 style=\"font-size: 14px;color: #ffffff;text-align: left\" class=\"vc_custom_heading\" >Biuro g\u0142\u00f3wne (siedziba) Zalasewo (Swarz\u0119dz)<\/h5>\n\t<div class=\"wpb_text_column wpb_content_element\" >\n\t\t<div class=\"wpb_wrapper\">\n\t\t\t<p>ul. K\u00f3rnicka 198B\/11<br \/>\n62-020 Zalasewo<\/p>\n\n\t\t<\/div>\n\t<\/div>\n<h5 style=\"font-size: 14px;color: #ffffff;text-align: left\" class=\"vc_custom_heading\" >Biuro Pozna\u0144<\/h5>\n\t<div class=\"wpb_text_column wpb_content_element\" >\n\t\t<div class=\"wpb_wrapper\">\n\t\t\t<p>ul. K\u00f3rnicka 198B\/11<br \/>\n62-020 Zalasewo (Swarz\u0119dz)<\/p>\n\n\t\t<\/div>\n\t<\/div>\n<\/div><\/div><\/div><div class=\"wpb_column vc_column_container vc_col-sm-4\"><div class=\"vc_column-inner\"><div class=\"wpb_wrapper\"><h3 style=\"font-size: 14px;color: #ffffff;text-align: left\" class=\"vc_custom_heading\" >DANE FIRMY<\/h3>\n\t<div class=\"wpb_text_column wpb_content_element\" >\n\t\t<div class=\"wpb_wrapper\">\n\t\t\t<p>Studio Marki Brandsoul Sp. z o. o.<br \/>\nul. Harmonia 9\/6<br \/>\n62-020 Zalasewo<\/p>\n\n\t\t<\/div>\n\t<\/div>\n\n\t<div class=\"wpb_text_column wpb_content_element\" >\n\t\t<div class=\"wpb_wrapper\">\n\t\t\t<p>kom. +48 668 130 202<br \/>\n<a href=\"mailto:info@brandsoul.pl\">info@brandsoul.pl<\/a><\/p>\n\n\t\t<\/div>\n\t<\/div>\n\n\t<div class=\"wpb_text_column wpb_content_element\" >\n\t\t<div class=\"wpb_wrapper\">\n\t\t\t<p>NIP: 7822692832<br \/>\nREGON: 366811048<br \/>\nKRS: 0000668828<\/p>\n\n\t\t<\/div>\n\t<\/div>\n<\/div><\/div><\/div><div class=\"wpb_column vc_column_container vc_col-sm-4\"><div class=\"vc_column-inner\"><div class=\"wpb_wrapper\"><h2 style=\"font-size: 14px;color: #ffffff;text-align: left\" class=\"vc_custom_heading\" >FORMULARZ KONTAKTOWY<\/h2><div class=\"wpforms-container wpforms-container-full\" id=\"wpforms-4119\"><form id=\"wpforms-form-4119\" class=\"wpforms-validate wpforms-form\" data-formid=\"4119\" method=\"post\" enctype=\"multipart\/form-data\" action=\"\/en\/wp-json\/wp\/v2\/pages\/12342\" data-trp-original-action=\"\/en\/wp-json\/wp\/v2\/pages\/12342\"><noscript class=\"wpforms-error-noscript\">Please enable JavaScript in your browser to complete this form.<\/noscript><div class=\"wpforms-field-container\"><div id=\"wpforms-4119-field_1-container\" class=\"wpforms-field wpforms-field-select wpforms-field-select-style-classic\" data-field-id=\"1\"><select id=\"wpforms-4119-field_1\" class=\"wpforms-field-large wpforms-field-required\" name=\"wpforms[fields][1]\" required=\"required\"><option value=\"\" class=\"placeholder\" disabled selected='selected'>Wybierz cel kontaktu<\/option><option value=\"Kontakt telefoniczny\" >Kontakt telefoniczny<\/option><option value=\"Spotkanie\" >Spotkanie<\/option><option value=\"Oferta\/wycena\" >Oferta\/wycena<\/option><\/select><\/div><div id=\"wpforms-4119-field_2-container\" class=\"wpforms-field wpforms-field-text\" data-field-id=\"2\"><input type=\"text\" id=\"wpforms-4119-field_2\" class=\"wpforms-field-medium wpforms-field-required\" name=\"wpforms[fields][2]\" placeholder=\"Imi\u0119\" required><\/div><div id=\"wpforms-4119-field_3-container\" class=\"wpforms-field wpforms-field-email\" data-field-id=\"3\"><input type=\"email\" id=\"wpforms-4119-field_3\" class=\"wpforms-field-medium wpforms-field-required\" name=\"wpforms[fields][3]\" placeholder=\"E-mail\" required><\/div><div id=\"wpforms-4119-field_7-container\" class=\"wpforms-field wpforms-field-phone\" data-field-id=\"7\"><input type=\"tel\" id=\"wpforms-4119-field_7\" class=\"wpforms-field-medium wpforms-field-required wpforms-smart-phone-field\" data-rule-smart-phone-field=\"true\" name=\"wpforms[fields][7]\" placeholder=\"Telefon\" required><\/div><div id=\"wpforms-4119-field_5-container\" class=\"wpforms-field wpforms-field-textarea\" data-field-id=\"5\"><textarea id=\"wpforms-4119-field_5\" class=\"wpforms-field-small wpforms-field-required\" name=\"wpforms[fields][5]\" placeholder=\"Wiadomo\u015b\u0107\" required><\/textarea><\/div><div id=\"wpforms-4119-field_6-container\" class=\"wpforms-field wpforms-field-checkbox\" data-field-id=\"6\"><ul id=\"wpforms-4119-field_6\" class=\"wpforms-field-required\"><li class=\"choice-1 depth-1\"><input type=\"checkbox\" id=\"wpforms-4119-field_6_1\" name=\"wpforms[fields][6][]\" value=\"Akceptuj\u0119 warunki &lt;a href=&quot;https:\/\/brandsoul.pl\/polityka-prywatnosci\/&quot; target=&quot;_blank&quot;&gt;Polityki prywatno\u015bci.&lt;\/a&gt;\" required><label class=\"wpforms-field-label-inline\" for=\"wpforms-4119-field_6_1\">Akceptuj\u0119 warunki <a href=\"https:\/\/brandsoul.pl\/en\/polityka-prywatnosci\/\" target=\"_blank\">Polityki prywatno\u015bci.<\/a><\/label><\/li><\/ul><\/div><\/div><div class=\"wpforms-field wpforms-field-hp\"><label for=\"wpforms-4119-field-hp\" class=\"wpforms-field-label\">Message<\/label><input type=\"text\" name=\"wpforms[hp]\" id=\"wpforms-4119-field-hp\" class=\"wpforms-field-medium\"><\/div><input type=\"hidden\" name=\"wpforms[recaptcha]\" value=\"\"><div class=\"wpforms-submit-container\" ><input type=\"hidden\" name=\"wpforms[id]\" value=\"4119\"><input type=\"hidden\" name=\"wpforms[author]\" value=\"7\"><button type=\"submit\" name=\"wpforms[submit]\" class=\"wpforms-submit tt_button\" id=\"wpforms-submit-4119\" value=\"wpforms-submit\" aria-live=\"assertive\" data-alt-text=\"Wysy\u0142anie...\" data-submit-text=\"Wyslij\">Wyslij<\/button><\/div><input type=\"hidden\" name=\"trp-form-language\" value=\"en\"\/><\/form><\/div>  <!-- .wpforms-container --><\/div><\/div><\/div><\/div><div class=\"vc_row-full-width vc_clearfix\"><\/div>\n<\/section>","protected":false},"excerpt":{"rendered":"Zakres ofertyJednoosobowa dzia\u0142alno\u015b\u0107 gospodarcza - RE-LAUNCH Analiza konkurencjiAnaliza klienta docelowego Cele i KPI marketingoweKana\u0142y komunikacjiKey MessageBrand PurposeAudyt marketingowo-wizerunkowyAnaliza rynku i otoczeniaAnaliza i Kreacja \u2013 produkt\/us\u0142ugaWarto\u015bci (USP, UVP)Strategia komunikacjiPozycjonowanie markiBrand Resonance ModelZarz\u0105dzasz firm\u0105, ale nie masz opracowanej strategii marketingowej, albo aktualna wymaga audytu i zmian?Kierujesz dzia\u0142em marketingu lub sprzeda\u017cy, ale nie [...]","protected":false},"author":7,"featured_media":0,"parent":2217,"menu_order":126,"comment_status":"closed","ping_status":"closed","template":"","meta":{"_themeisle_gutenberg_block_has_review":false,"footnotes":""},"class_list":["post-12342","page","type-page","status-publish","hentry"],"aioseo_notices":[],"_links":{"self":[{"href":"https:\/\/brandsoul.pl\/en\/wp-json\/wp\/v2\/pages\/12342","targetHints":{"allow":["GET"]}}],"collection":[{"href":"https:\/\/brandsoul.pl\/en\/wp-json\/wp\/v2\/pages"}],"about":[{"href":"https:\/\/brandsoul.pl\/en\/wp-json\/wp\/v2\/types\/page"}],"author":[{"embeddable":true,"href":"https:\/\/brandsoul.pl\/en\/wp-json\/wp\/v2\/users\/7"}],"replies":[{"embeddable":true,"href":"https:\/\/brandsoul.pl\/en\/wp-json\/wp\/v2\/comments?post=12342"}],"version-history":[{"count":6,"href":"https:\/\/brandsoul.pl\/en\/wp-json\/wp\/v2\/pages\/12342\/revisions"}],"predecessor-version":[{"id":13457,"href":"https:\/\/brandsoul.pl\/en\/wp-json\/wp\/v2\/pages\/12342\/revisions\/13457"}],"up":[{"embeddable":true,"href":"https:\/\/brandsoul.pl\/en\/wp-json\/wp\/v2\/pages\/2217"}],"wp:attachment":[{"href":"https:\/\/brandsoul.pl\/en\/wp-json\/wp\/v2\/media?parent=12342"}],"curies":[{"name":"wp","href":"https:\/\/api.w.org\/{rel}","templated":true}]}}