{"id":2239,"date":"2020-06-17T14:15:57","date_gmt":"2020-06-17T14:15:57","guid":{"rendered":"https:\/\/host9.nstrefa.pl\/brandosul\/?page_id=2239"},"modified":"2026-01-01T18:14:37","modified_gmt":"2026-01-01T18:14:37","slug":"nasza-oferta","status":"publish","type":"page","link":"https:\/\/brandsoul.pl\/en\/o-nas\/nasza-oferta\/","title":{"rendered":"Nasza oferta"},"content":{"rendered":"<section class=\"wpb-content-wrapper\"><div class=\"vc_row wpb_row vc_row-fluid vc_custom_1679558792014 vc_row-has-padding-top vc_row-bg-position-top\"><div class=\"wpb_column vc_column_container vc_col-sm-12\"><div class=\"vc_column-inner\"><div class=\"wpb_wrapper\">\n\t<div class=\"wpb_text_column wpb_content_element\" >\n\t\t<div class=\"wpb_wrapper\">\n\t\t\t<p><strong>Jako studio marki &#8211; <a href=\"https:\/\/brandsoul.pl\/en\/agencja-marketingowa\/\" data-internallinksmanager029f6b8e52c=\"1\" title=\"Agencja marketingowa Brandsoul\">agencja marketingowa<\/a> o wielkim potencjale kreatywno\u015bci oferujemy szeroki pakiet us\u0142ug. Obs\u0142uga marketingowa firm to m.in. <\/strong><\/p>\n<ul>\n<li>wskazywanie na dzia\u0142ania (marketing, reklama itd.), kt\u00f3re powinna podj\u0105\u0107 nowopowsta\u0142a firma,<\/li>\n<li>doradzanie w zakresie kreacji wizerunku &#8211; projektujemy identyfikacj\u0119 wizualn\u0105, materia\u0142y reklamowe ka\u017cdego rodzaju,<\/li>\n<li>kompleksowe <a href=\"https:\/\/brandsoul.pl\/en\/doradztwo-biznesowe-marketingowe-dla-firm\/doradztwo-marketingowe\/\" data-internallinksmanager029f6b8e52c=\"2\" title=\"Doradztwo marketingowe\">doradztwo marketingowe<\/a><\/li>\n<li>kompleksowa obs\u0142uga firmy w zakresie obecno\u015bci w Internecie \u2013 marketing internetowy &#8211; strona internetowa, pozycjonowanie, linki sponsorowane, sklepy internetowe, portale, aplikacje interaktywne. hosting, domeny itp.,<\/li>\n<li>prowadzenie szkole\u0144 w zakresie obs\u0142ugi Internetu, sprz\u0119tu komputerowego, aplikacji biurowych, sprzeda\u017cy dla dzia\u0142u handlowego,<\/li>\n<li>rekrutacja odpowiednio zmotywowanych pracownik\u00f3w na stanowiska sprzeda\u017cowe i marketingowe,<\/li>\n<li>outsourcing marketingu dla firm,<\/li>\n<li>kreacja pomys\u0142\u00f3w na sprzeda\u017c, rozw\u00f3j, marketing &#8211; tworzenie plan\u00f3w dzia\u0142ania i rozwoju.<\/li>\n<\/ul>\n<p><strong>Obs\u0142uga marketingowa firm w Poznaniu realizowana przez Brand Soul to r\u00f3wnie\u017c:<\/strong><\/p>\n<ul>\n<li>koordynacja i realizacja szkole\u0144, imprez integracyjnych, event\u00f3w<\/li>\n<li>doradztwo i po\u015brednictwo w zakresie zakupu oprogramowania CRM, B2B dla zainteresowanych firm<\/li>\n<li>realizacja nieszablonowych pomys\u0142\u00f3w na sprzeda\u017c, rozw\u00f3j<\/li>\n<li>kompleksowa opieka nad markami<\/li>\n<li>obs\u0142uga PR &#8211; zewn\u0119trzny dzia\u0142 PR i marketingu w pakiecie specjalnie dla ma\u0142ych i \u015brednich firm<\/li>\n<\/ul>\n<p><a href=\"https:\/\/brandsoul.pl\/en\/co-robimy\/\">Zapraszamy do zapoznania si\u0119 z nasz\u0105 pe\u0142n\u0105 ofert\u0105.<\/a><\/p>\n\n\t\t<\/div>\n\t<\/div>\n<\/div><\/div><\/div><\/div><div data-vc-full-width=\"true\" data-vc-full-width-init=\"false\" class=\"vc_row wpb_row vc_row-fluid vc_custom_1705399705952 vc_row-has-fill vc_row-has-padding-top vc_row-has-padding-bottom vc_row-bg-position-top\"><div class=\"wpb_column vc_column_container vc_col-sm-12\"><div class=\"vc_column-inner\"><div class=\"wpb_wrapper\"><div class=\"vc_row wpb_row vc_inner vc_row-fluid vc_row-bg-position-top\"><div class=\"wpb_column vc_column_container vc_col-sm-4\"><div class=\"vc_column-inner\"><div class=\"wpb_wrapper\">\n\t<div  class=\"wpb_single_image wpb_content_element vc_align_left  vc_custom_1700946278199\">\n\t\t\n\t\t<figure class=\"wpb_wrapper vc_figure\">\n\t\t\t<div class=\"vc_single_image-wrapper   vc_box_border_grey\"><img loading=\"lazy\" decoding=\"async\" class=\"vc_single_image-img\" width=\"80\" height=\"80\"  src=\"https:\/\/brandsoul.pl\/wp-content\/uploads\/2023\/11\/logo_brandsoul.png\" \/><\/div>\n\t\t<\/figure>\n\t<\/div>\n<h3 style=\"font-size: 14px;color: #ffffff;text-align: left\" class=\"vc_custom_heading\" >STUDIO MARKI BRANDSOUL SP.Z O.O.<\/h3><h5 style=\"font-size: 14px;color: #ffffff;text-align: left\" class=\"vc_custom_heading\" >Biuro g\u0142\u00f3wne (siedziba) Zalasewo (Swarz\u0119dz)<\/h5>\n\t<div class=\"wpb_text_column wpb_content_element\" >\n\t\t<div class=\"wpb_wrapper\">\n\t\t\t<p>ul. K\u00f3rnicka 198B\/11<br \/>\n62-020 Zalasewo<\/p>\n\n\t\t<\/div>\n\t<\/div>\n<h5 style=\"font-size: 14px;color: #ffffff;text-align: left\" class=\"vc_custom_heading\" >Biuro Pozna\u0144<\/h5>\n\t<div class=\"wpb_text_column wpb_content_element\" >\n\t\t<div class=\"wpb_wrapper\">\n\t\t\t<p>ul. D\u0105browskiego 77A<br \/>\n60-529 Pozna\u0144<\/p>\n\n\t\t<\/div>\n\t<\/div>\n<\/div><\/div><\/div><div class=\"wpb_column vc_column_container vc_col-sm-4\"><div class=\"vc_column-inner\"><div class=\"wpb_wrapper\"><h3 style=\"font-size: 14px;color: #ffffff;text-align: left\" class=\"vc_custom_heading\" >DANE FIRMY<\/h3>\n\t<div class=\"wpb_text_column wpb_content_element\" >\n\t\t<div class=\"wpb_wrapper\">\n\t\t\t<p>Studio Marki Brandsoul Sp. z o. o.<br \/>\nul. Harmonia 9\/6<br \/>\n62-020 Zalasewo<\/p>\n\n\t\t<\/div>\n\t<\/div>\n\n\t<div class=\"wpb_text_column wpb_content_element\" >\n\t\t<div class=\"wpb_wrapper\">\n\t\t\t<p>kom. +48 668 130 202<br \/>\n<a href=\"mailto:info@brandsoul.pl\">info@brandsoul.pl<\/a><\/p>\n\n\t\t<\/div>\n\t<\/div>\n\n\t<div class=\"wpb_text_column wpb_content_element\" >\n\t\t<div class=\"wpb_wrapper\">\n\t\t\t<p>NIP: 7822692832<br \/>\nREGON: 366811048<br \/>\nKRS: 0000668828<\/p>\n\n\t\t<\/div>\n\t<\/div>\n<\/div><\/div><\/div><div class=\"wpb_column vc_column_container vc_col-sm-4\"><div class=\"vc_column-inner\"><div class=\"wpb_wrapper\"><h2 style=\"font-size: 14px;color: #ffffff;text-align: left\" class=\"vc_custom_heading\" >FORMULARZ KONTAKTOWY<\/h2><div class=\"wpforms-container wpforms-container-full\" id=\"wpforms-4119\"><form id=\"wpforms-form-4119\" class=\"wpforms-validate wpforms-form\" data-formid=\"4119\" method=\"post\" enctype=\"multipart\/form-data\" action=\"\/en\/wp-json\/wp\/v2\/pages\/2239\" data-trp-original-action=\"\/en\/wp-json\/wp\/v2\/pages\/2239\"><noscript class=\"wpforms-error-noscript\">Please enable JavaScript in your browser to complete this form.<\/noscript><div class=\"wpforms-field-container\"><div id=\"wpforms-4119-field_1-container\" class=\"wpforms-field wpforms-field-select wpforms-field-select-style-classic\" data-field-id=\"1\"><select id=\"wpforms-4119-field_1\" class=\"wpforms-field-large wpforms-field-required\" name=\"wpforms[fields][1]\" required=\"required\"><option value=\"\" class=\"placeholder\" disabled selected='selected'>Wybierz cel kontaktu<\/option><option value=\"Kontakt telefoniczny\" >Kontakt telefoniczny<\/option><option value=\"Spotkanie\" >Spotkanie<\/option><option value=\"Oferta\/wycena\" >Oferta\/wycena<\/option><\/select><\/div><div id=\"wpforms-4119-field_2-container\" class=\"wpforms-field wpforms-field-text\" data-field-id=\"2\"><input type=\"text\" id=\"wpforms-4119-field_2\" class=\"wpforms-field-medium wpforms-field-required\" name=\"wpforms[fields][2]\" placeholder=\"Imi\u0119\" required><\/div><div id=\"wpforms-4119-field_3-container\" class=\"wpforms-field wpforms-field-email\" data-field-id=\"3\"><input type=\"email\" id=\"wpforms-4119-field_3\" class=\"wpforms-field-medium wpforms-field-required\" name=\"wpforms[fields][3]\" placeholder=\"E-mail\" required><\/div><div id=\"wpforms-4119-field_7-container\" class=\"wpforms-field wpforms-field-phone\" data-field-id=\"7\"><input type=\"tel\" id=\"wpforms-4119-field_7\" class=\"wpforms-field-medium wpforms-field-required wpforms-smart-phone-field\" data-rule-smart-phone-field=\"true\" name=\"wpforms[fields][7]\" placeholder=\"Telefon\" required><\/div><div id=\"wpforms-4119-field_5-container\" class=\"wpforms-field wpforms-field-textarea\" data-field-id=\"5\"><textarea id=\"wpforms-4119-field_5\" class=\"wpforms-field-small wpforms-field-required\" name=\"wpforms[fields][5]\" placeholder=\"Wiadomo\u015b\u0107\" required><\/textarea><\/div><div id=\"wpforms-4119-field_6-container\" class=\"wpforms-field wpforms-field-checkbox\" data-field-id=\"6\"><ul id=\"wpforms-4119-field_6\" class=\"wpforms-field-required\"><li class=\"choice-1 depth-1\"><input type=\"checkbox\" id=\"wpforms-4119-field_6_1\" name=\"wpforms[fields][6][]\" value=\"Akceptuj\u0119 warunki &lt;a href=&quot;https:\/\/brandsoul.pl\/polityka-prywatnosci\/&quot; target=&quot;_blank&quot;&gt;Polityki prywatno\u015bci.&lt;\/a&gt;\" required><label class=\"wpforms-field-label-inline\" for=\"wpforms-4119-field_6_1\">Akceptuj\u0119 warunki <a href=\"https:\/\/brandsoul.pl\/en\/polityka-prywatnosci\/\" target=\"_blank\">Polityki prywatno\u015bci.<\/a><\/label><\/li><\/ul><\/div><\/div><div class=\"wpforms-field wpforms-field-hp\"><label for=\"wpforms-4119-field-hp\" class=\"wpforms-field-label\">Comment<\/label><input type=\"text\" name=\"wpforms[hp]\" id=\"wpforms-4119-field-hp\" class=\"wpforms-field-medium\"><\/div><input type=\"hidden\" name=\"wpforms[recaptcha]\" value=\"\"><div class=\"wpforms-submit-container\" ><input type=\"hidden\" name=\"wpforms[id]\" value=\"4119\"><input type=\"hidden\" name=\"wpforms[author]\" value=\"3\"><button type=\"submit\" name=\"wpforms[submit]\" class=\"wpforms-submit tt_button\" id=\"wpforms-submit-4119\" value=\"wpforms-submit\" aria-live=\"assertive\" data-alt-text=\"Wysy\u0142anie...\" data-submit-text=\"Wyslij\">Wyslij<\/button><\/div><input type=\"hidden\" name=\"trp-form-language\" value=\"en\"\/><\/form><\/div>  <!-- .wpforms-container --><\/div><\/div><\/div><\/div><div class=\"vc_row wpb_row vc_inner vc_row-fluid vc_row-bg-position-top\"><div class=\"wpb_column vc_column_container vc_col-sm-8\"><div class=\"vc_column-inner vc_custom_1705400015834   vc_custom_1705400015836\"><div class=\"wpb_wrapper\">\n\t<div  class=\"wpb_single_image wpb_content_element vc_align_left\">\n\t\t\n\t\t<figure class=\"wpb_wrapper vc_figure\">\n\t\t\t<div class=\"vc_single_image-wrapper   vc_box_border_grey\"><img decoding=\"async\" class=\"vc_single_image-img\"  src=\"https:\/\/brandsoul.pl\/wp-content\/uploads\/2024\/01\/oferteo_loga_stopka_www.png\" \/><\/div>\n\t\t<\/figure>\n\t<\/div>\n<\/div><\/div><\/div><div class=\"wpb_column vc_column_container vc_col-sm-4\"><div class=\"vc_column-inner\"><div class=\"wpb_wrapper\"><\/div><\/div><\/div><\/div><\/div><\/div><\/div><\/div><div class=\"vc_row-full-width vc_clearfix\"><\/div>\n<\/section>","protected":false},"excerpt":{"rendered":"Jako studio marki - agencja marketingowa o wielkim potencjale kreatywno\u015bci oferujemy szeroki pakiet us\u0142ug. Obs\u0142uga marketingowa firm to m.in. wskazywanie na dzia\u0142ania (marketing, reklama itd.), kt\u00f3re powinna podj\u0105\u0107 nowopowsta\u0142a firma, doradzanie w zakresie kreacji wizerunku - projektujemy identyfikacj\u0119 wizualn\u0105, materia\u0142y reklamowe ka\u017cdego rodzaju, kompleksowe doradztwo marketingowe kompleksowa obs\u0142uga firmy w [...]","protected":false},"author":3,"featured_media":0,"parent":2234,"menu_order":98,"comment_status":"closed","ping_status":"closed","template":"","meta":{"_themeisle_gutenberg_block_has_review":false,"footnotes":""},"class_list":["post-2239","page","type-page","status-publish","hentry"],"aioseo_notices":[],"_links":{"self":[{"href":"https:\/\/brandsoul.pl\/en\/wp-json\/wp\/v2\/pages\/2239","targetHints":{"allow":["GET"]}}],"collection":[{"href":"https:\/\/brandsoul.pl\/en\/wp-json\/wp\/v2\/pages"}],"about":[{"href":"https:\/\/brandsoul.pl\/en\/wp-json\/wp\/v2\/types\/page"}],"author":[{"embeddable":true,"href":"https:\/\/brandsoul.pl\/en\/wp-json\/wp\/v2\/users\/3"}],"replies":[{"embeddable":true,"href":"https:\/\/brandsoul.pl\/en\/wp-json\/wp\/v2\/comments?post=2239"}],"version-history":[{"count":14,"href":"https:\/\/brandsoul.pl\/en\/wp-json\/wp\/v2\/pages\/2239\/revisions"}],"predecessor-version":[{"id":13447,"href":"https:\/\/brandsoul.pl\/en\/wp-json\/wp\/v2\/pages\/2239\/revisions\/13447"}],"up":[{"embeddable":true,"href":"https:\/\/brandsoul.pl\/en\/wp-json\/wp\/v2\/pages\/2234"}],"wp:attachment":[{"href":"https:\/\/brandsoul.pl\/en\/wp-json\/wp\/v2\/media?parent=2239"}],"curies":[{"name":"wp","href":"https:\/\/api.w.org\/{rel}","templated":true}]}}