{"id":2388,"date":"2020-06-25T11:59:52","date_gmt":"2020-06-25T11:59:52","guid":{"rendered":"https:\/\/host9.nstrefa.pl\/brandosul\/?page_id=2388"},"modified":"2026-01-01T16:17:54","modified_gmt":"2026-01-01T16:17:54","slug":"doradztwo-biznesowe-marketingowe-dla-firm","status":"publish","type":"page","link":"https:\/\/brandsoul.pl\/en\/doradztwo-biznesowe-marketingowe-dla-firm\/","title":{"rendered":"Doradztwo"},"content":{"rendered":"<section class=\"wpb-content-wrapper\"><div data-vc-full-width=\"true\" data-vc-full-width-init=\"false\" class=\"vc_row wpb_row vc_row-fluid vc_custom_1672139240035 vc_row-has-fill vc_row-has-padding-bottom vc_row-bg-position-top vc_row-main-color-overlay\"><div class=\"wpb_column vc_column_container vc_col-sm-12\"><div class=\"vc_column-inner vc_custom_1597847545062\"><div class=\"wpb_wrapper\"><div class=\"vc_row wpb_row vc_inner vc_row-fluid vc_custom_1605635100320 vc_row-has-padding-top vc_row-bg-position-top\"><div class=\"wpb_column vc_column_container vc_col-sm-6\"><div class=\"vc_column-inner\"><div class=\"wpb_wrapper\"><header class=\"kd-section-title col-lg-12 text-left  subtitle-below-title kd-animated fadeIn   vc_custom_1679549978519\" data-animation-delay=\"200\"><h2 class=\"separator_off\" style=\"color: #000000;margin-bottom:30px;\">Zakres oferty<\/h2><h6 class=\"subtitle\" style=\"color: #696969;font-size:16px;\">Zapraszamy do wsp\u00f3\u0142pracy firmy zainteresowane skorzystaniem z us\u0142ug:<\/h6><\/header><\/div><\/div><\/div><div class=\"wpb_column vc_column_container vc_col-sm-6\"><div class=\"vc_column-inner\"><div class=\"wpb_wrapper\">\n\t<div  class=\"wpb_single_image wpb_content_element vc_align_center\">\n\t\t\n\t\t<figure class=\"wpb_wrapper vc_figure\">\n\t\t\t<div class=\"vc_single_image-wrapper   vc_box_border_grey\"><img loading=\"lazy\" decoding=\"async\" width=\"300\" height=\"94\" src=\"https:\/\/brandsoul.pl\/wp-content\/uploads\/2022\/12\/as_sign_2-300x94.png\" class=\"vc_single_image-img attachment-medium\" alt=\"\" title=\"as_sign_2\" srcset=\"https:\/\/brandsoul.pl\/wp-content\/uploads\/2022\/12\/as_sign_2-300x94.png 300w, https:\/\/brandsoul.pl\/wp-content\/uploads\/2022\/12\/as_sign_2.png 417w\" sizes=\"auto, (max-width: 300px) 100vw, 300px\" \/><\/div>\n\t\t<\/figure>\n\t<\/div>\n<\/div><\/div><\/div><\/div><\/div><\/div><\/div><\/div><div class=\"vc_row-full-width vc_clearfix\"><\/div><div class=\"vc_row wpb_row vc_row-fluid vc_row-bg-position-top\"><div class=\"wpb_column vc_column_container vc_col-sm-12\"><div class=\"vc_column-inner\"><div class=\"wpb_wrapper\"><div class=\"vc_row wpb_row vc_inner vc_row-fluid vc_custom_1679556424432 vc_custom_1679556424433 vc_row-has-padding-top vc_row-has-padding-bottom vc_row-bg-position-top\"><div class=\"wpb_column vc_column_container vc_col-sm-12 vc_col-lg-offset-0 vc_col-lg-6 vc_col-md-offset-0 vc_col-sm-offset-0\"><div class=\"vc_column-inner vc_custom_1598626887631  vc_custom_1598626887632 vc_custom_1598626887633\"><div class=\"wpb_wrapper\"><ul class=\"kd-icon-list\" ><li class=\"kd-icon-list-item\"><div class=\"kd-icon-wrapper icon-simple\" ><i class=\"fas fa-chevron-circle-right\" ><\/i><\/div><span class=\"kd-list-text\" style=\"color: #7b7b7b;\"><a href=\"https:\/\/brandsoul.pl\/en\/doradztwo-biznesowe-marketingowe-dla-firm\/doradztwo-marketingowe\/\" data-internallinksmanager029f6b8e52c=\"2\" title=\"Doradztwo marketingowe\">doradztwo marketingowe<\/a><\/span><\/li><li class=\"kd-icon-list-item\"><div class=\"kd-icon-wrapper icon-simple\" ><i class=\"fas fa-chevron-circle-right\" ><\/i><\/div><span class=\"kd-list-text\" style=\"color: #7b7b7b;\">doradztwo sprzeda\u017cowe<\/span><\/li><li class=\"kd-icon-list-item\"><div class=\"kd-icon-wrapper icon-simple\" ><i class=\"fas fa-chevron-circle-right\" ><\/i><\/div><span class=\"kd-list-text\" style=\"color: #7b7b7b;\">doradztwo strategiczne<\/span><\/li><\/ul><\/div><\/div><\/div><div class=\"wpb_column vc_column_container vc_col-sm-12 vc_col-lg-6\"><div class=\"vc_column-inner vc_custom_1679939232077 vc_custom_1679939232077 vc_custom_1679939232077 vc_custom_1679939232078\"><div class=\"wpb_wrapper\"><ul class=\"kd-icon-list\" ><li class=\"kd-icon-list-item\"><div class=\"kd-icon-wrapper icon-simple\" ><i class=\"fas fa-chevron-circle-right\" ><\/i><\/div><span class=\"kd-list-text\" style=\"color: #7b7b7b;\"><a href=\"https:\/\/brandsoul.pl\/en\/doradztwo-biznesowe-marketingowe-dla-firm\/doradztwo-wizerunkowe\/\">doradztwo w zakresie wdro\u017cenia nowego produktu na rynek<\/a><\/span><\/li><li class=\"kd-icon-list-item\"><div class=\"kd-icon-wrapper icon-simple\" ><i class=\"fas fa-chevron-circle-right\" ><\/i><\/div><span class=\"kd-list-text\" style=\"color: #7b7b7b;\">doradztwo w zakresie budowania marki w Internecie<\/span><\/li><li class=\"kd-icon-list-item\"><div class=\"kd-icon-wrapper icon-simple\" ><i class=\"fas fa-chevron-circle-right\" ><\/i><\/div><span class=\"kd-list-text\" style=\"color: #7b7b7b;\">konsultacje marketingowe<\/span><\/li><\/ul><\/div><\/div><\/div><\/div><\/div><\/div><\/div><\/div><div data-vc-full-width=\"true\" data-vc-full-width-init=\"false\" class=\"vc_row wpb_row vc_row-fluid vc_custom_1672752598330 vc_row-has-fill vc_row-has-padding-bottom vc_row-bg-position-top vc_row-main-color-overlay\"><div class=\"wpb_column vc_column_container vc_col-sm-12\"><div class=\"vc_column-inner vc_custom_1597847545062\"><div class=\"wpb_wrapper\"><div class=\"vc_row wpb_row vc_inner vc_row-fluid vc_custom_1605635100320 vc_row-has-padding-top vc_row-bg-position-top\"><div class=\"wpb_column vc_column_container vc_col-sm-6\"><div class=\"vc_column-inner\"><div class=\"wpb_wrapper\"><header class=\"kd-section-title col-lg-12 text-center  subtitle-below-title\" ><h6 class=\"subtitle\" style=\"color: #ffffff;\">Doradzali\u015bmy d\u0142ugofalowo, w zakresie marketingu, rozwoju marki, wdro\u017cenia nowych produkt\u00f3w na rynek w bran\u017cach:<\/h6><\/header><\/div><\/div><\/div><div class=\"wpb_column vc_column_container vc_col-sm-6\"><div class=\"vc_column-inner\"><div class=\"wpb_wrapper\"><\/div><\/div><\/div><\/div><\/div><\/div><\/div><\/div><div class=\"vc_row-full-width vc_clearfix\"><\/div><div data-vc-full-width=\"true\" data-vc-full-width-init=\"false\" class=\"vc_row wpb_row vc_row-fluid vc_custom_1672752563865 vc_row-has-fill vc_row-bg-position-top\"><div class=\"wpb_column vc_column_container vc_col-sm-12\"><div class=\"vc_column-inner\"><div class=\"wpb_wrapper\"><div class=\"vc_row wpb_row vc_inner vc_row-fluid vc_custom_1679978744824 vc_custom_1679978744825 vc_row-has-padding-top vc_row-has-padding-bottom vc_row-bg-position-top\"><div class=\"wpb_column vc_column_container vc_col-sm-12 vc_col-lg-offset-0 vc_col-lg-6 vc_col-md-offset-0 vc_col-sm-offset-0\"><div class=\"vc_column-inner vc_custom_1598626887631  vc_custom_1598626887632 vc_custom_1598626887633\"><div class=\"wpb_wrapper\"><ul class=\"kd-icon-list\" ><li class=\"kd-icon-list-item\"><div class=\"kd-icon-wrapper icon-simple\" ><i class=\"fas fa-chevron-circle-right\" ><\/i><\/div><span class=\"kd-list-text\" style=\"color: #7b7b7b;\">medycyna &#8211; optyka, medycyna estetyczna, przychodnia lekarska, centrum medyczne, dermatologia, produkcja wk\u0142adek medycznych, dentysta i inne.<\/span><\/li><li class=\"kd-icon-list-item\"><div class=\"kd-icon-wrapper icon-simple\" ><i class=\"fas fa-chevron-circle-right\" ><\/i><\/div><span class=\"kd-list-text\" style=\"color: #7b7b7b;\">edukacja, szkolenia<\/span><\/li><li class=\"kd-icon-list-item\"><div class=\"kd-icon-wrapper icon-simple\" ><i class=\"fas fa-chevron-circle-right\" ><\/i><\/div><span class=\"kd-list-text\" style=\"color: #7b7b7b;\">odzie\u017c m\u0119ska, damska, dla dzieci<\/span><\/li><li class=\"kd-icon-list-item\"><div class=\"kd-icon-wrapper icon-simple\" ><i class=\"fas fa-chevron-circle-right\" ><\/i><\/div><span class=\"kd-list-text\" style=\"color: #7b7b7b;\">cukiernia<\/span><\/li><li class=\"kd-icon-list-item\"><div class=\"kd-icon-wrapper icon-simple\" ><i class=\"fas fa-chevron-circle-right\" ><\/i><\/div><span class=\"kd-list-text\" style=\"color: #7b7b7b;\">dystrybucja &#8211; oleje silnikowe, odzie\u017c, sprz\u0119t medyczny itp.<\/span><\/li><li class=\"kd-icon-list-item\"><div class=\"kd-icon-wrapper icon-simple\" ><i class=\"fas fa-chevron-circle-right\" ><\/i><\/div><span class=\"kd-list-text\" style=\"color: #7b7b7b;\">motoryzacja &#8211; serwis samochodowy, dealer samochodowy, stacja kontroli pojazd\u00f3w<\/span><\/li><\/ul><\/div><\/div><\/div><div class=\"wpb_column vc_column_container vc_col-sm-12 vc_col-lg-6\"><div class=\"vc_column-inner vc_custom_1679935605850 vc_custom_1679935605850 vc_custom_1679935605851 vc_custom_1679935605851\"><div class=\"wpb_wrapper\"><ul class=\"kd-icon-list\" ><li class=\"kd-icon-list-item\"><div class=\"kd-icon-wrapper icon-simple\" ><i class=\"fas fa-chevron-circle-right\" ><\/i><\/div><span class=\"kd-list-text\" style=\"color: #7b7b7b;\">us\u0142ugi: kosmetyczne, fryzjerskie, deweloperskie, budowlane, remontowe, po\u015brednictwa w obrocie nieruchomo\u015bciami, informatyczne, dostawa internetu,<\/span><\/li><li class=\"kd-icon-list-item\"><div class=\"kd-icon-wrapper icon-simple\" ><i class=\"fas fa-chevron-circle-right\" ><\/i><\/div><span class=\"kd-list-text\" style=\"color: #7b7b7b;\">produkcja: s\u0142odycze, produkty BIO i inne, miody<\/span><\/li><li class=\"kd-icon-list-item\"><div class=\"kd-icon-wrapper icon-simple\" ><i class=\"fas fa-chevron-circle-right\" ><\/i><\/div><span class=\"kd-list-text\" style=\"color: #7b7b7b;\">konsultacje marketingowe<\/span><\/li><li class=\"kd-icon-list-item\"><div class=\"kd-icon-wrapper icon-simple\" ><i class=\"fas fa-chevron-circle-right\" ><\/i><\/div><span class=\"kd-list-text\" style=\"color: #7b7b7b;\">galerie handlowe (og\u00f3lnobran\u017cowe i meblowe)<\/span><\/li><li class=\"kd-icon-list-item\"><div class=\"kd-icon-wrapper icon-simple\" ><i class=\"fas fa-chevron-circle-right\" ><\/i><\/div><span class=\"kd-list-text\" style=\"color: #7b7b7b;\">e-handel<\/span><\/li><\/ul><\/div><\/div><\/div><\/div><\/div><\/div><\/div><\/div><div class=\"vc_row-full-width vc_clearfix\"><\/div><div class=\"vc_row wpb_row vc_row-fluid vc_custom_1679557451207 vc_row-has-padding-top vc_row-has-padding-bottom vc_row-bg-position-top\"><div class=\"wpb_column vc_column_container vc_col-sm-12\"><div class=\"vc_column-inner\"><div class=\"wpb_wrapper\">\n\t<div class=\"wpb_text_column wpb_content_element\" >\n\t\t<div class=\"wpb_wrapper\">\n\t\t\t<p>To wybrane bran\u017ce. Zach\u0119camy do zapoznania si\u0119 z\u00a0naszymi realizacjami.<\/p>\n<p>Podejmuj\u0105c si\u0119 zlecenia DORADZTWA dla firmy, niezale\u017cnie od bran\u017cy, najpierw poznajemy mark\u0119, jej mocne i s\u0142abe strony, rozmawiamy z klientem, weryfikujemy potencja\u0142 marki itp., a dopiero ostatnim krokiem jest doradzanie w realizacji konkretnych dzia\u0142a\u0144.<\/p>\n<p>Zapraszamy do kontaktu z Twoim menad\u017cerem dobrych zmian:)<\/p>\n\n\t\t<\/div>\n\t<\/div>\n<\/div><\/div><\/div><\/div><div data-vc-full-width=\"true\" data-vc-full-width-init=\"false\" class=\"vc_row wpb_row vc_row-fluid vc_custom_1671465691697 vc_row-has-fill vc_row-has-padding-top vc_row-has-padding-bottom vc_row-bg-position-top\"><div class=\"wpb_column vc_column_container vc_col-sm-4\"><div class=\"vc_column-inner\"><div class=\"wpb_wrapper\">\n\t<div  class=\"wpb_single_image wpb_content_element vc_align_left  vc_custom_1700946278199\">\n\t\t\n\t\t<figure class=\"wpb_wrapper vc_figure\">\n\t\t\t<div class=\"vc_single_image-wrapper   vc_box_border_grey\"><img loading=\"lazy\" decoding=\"async\" class=\"vc_single_image-img\" width=\"80\" height=\"80\"  src=\"https:\/\/brandsoul.pl\/wp-content\/uploads\/2023\/11\/logo_brandsoul.png\" \/><\/div>\n\t\t<\/figure>\n\t<\/div>\n<h3 style=\"font-size: 14px;color: #ffffff;text-align: left\" class=\"vc_custom_heading\" >STUDIO MARKI BRANDSOUL SP.Z O.O.<\/h3><h5 style=\"font-size: 14px;color: #ffffff;text-align: left\" class=\"vc_custom_heading\" >Biuro g\u0142\u00f3wne (siedziba) Zalasewo (Swarz\u0119dz)<\/h5>\n\t<div class=\"wpb_text_column wpb_content_element\" >\n\t\t<div class=\"wpb_wrapper\">\n\t\t\t<p>ul. K\u00f3rnicka 198B\/11<br \/>\n62-020 Zalasewo<\/p>\n\n\t\t<\/div>\n\t<\/div>\n<h5 style=\"font-size: 14px;color: #ffffff;text-align: left\" class=\"vc_custom_heading\" >Biuro Pozna\u0144<\/h5>\n\t<div class=\"wpb_text_column wpb_content_element\" >\n\t\t<div class=\"wpb_wrapper\">\n\t\t\t<p>ul. K\u00f3rnicka 198B\/11<br \/>\n62-020 Zalasewo (Swarz\u0119dz)<\/p>\n\n\t\t<\/div>\n\t<\/div>\n<\/div><\/div><\/div><div class=\"wpb_column vc_column_container vc_col-sm-4\"><div class=\"vc_column-inner\"><div class=\"wpb_wrapper\"><h3 style=\"font-size: 14px;color: #ffffff;text-align: left\" class=\"vc_custom_heading\" >DANE FIRMY<\/h3>\n\t<div class=\"wpb_text_column wpb_content_element\" >\n\t\t<div class=\"wpb_wrapper\">\n\t\t\t<p>Studio Marki Brandsoul Sp. z o. o.<br \/>\nul. Harmonia 9\/6<br \/>\n62-020 Zalasewo<\/p>\n\n\t\t<\/div>\n\t<\/div>\n\n\t<div class=\"wpb_text_column wpb_content_element\" >\n\t\t<div class=\"wpb_wrapper\">\n\t\t\t<p>kom. +48 668 130 202<br \/>\n<a href=\"mailto:info@brandsoul.pl\">info@brandsoul.pl<\/a><\/p>\n\n\t\t<\/div>\n\t<\/div>\n\n\t<div class=\"wpb_text_column wpb_content_element\" >\n\t\t<div class=\"wpb_wrapper\">\n\t\t\t<p>NIP: 7822692832<br \/>\nREGON: 366811048<br \/>\nKRS: 0000668828<\/p>\n\n\t\t<\/div>\n\t<\/div>\n<\/div><\/div><\/div><div class=\"wpb_column vc_column_container vc_col-sm-4\"><div class=\"vc_column-inner\"><div class=\"wpb_wrapper\"><h2 style=\"font-size: 14px;color: #ffffff;text-align: left\" class=\"vc_custom_heading\" >FORMULARZ KONTAKTOWY<\/h2><div class=\"wpforms-container wpforms-container-full\" id=\"wpforms-4119\"><form id=\"wpforms-form-4119\" class=\"wpforms-validate wpforms-form\" data-formid=\"4119\" method=\"post\" enctype=\"multipart\/form-data\" action=\"\/en\/wp-json\/wp\/v2\/pages\/2388\" data-trp-original-action=\"\/en\/wp-json\/wp\/v2\/pages\/2388\"><noscript class=\"wpforms-error-noscript\">Please enable JavaScript in your browser to complete this form.<\/noscript><div class=\"wpforms-field-container\"><div id=\"wpforms-4119-field_1-container\" class=\"wpforms-field wpforms-field-select wpforms-field-select-style-classic\" data-field-id=\"1\"><select id=\"wpforms-4119-field_1\" class=\"wpforms-field-large wpforms-field-required\" name=\"wpforms[fields][1]\" required=\"required\"><option value=\"\" class=\"placeholder\" disabled selected='selected'>Wybierz cel kontaktu<\/option><option value=\"Kontakt telefoniczny\" >Kontakt telefoniczny<\/option><option value=\"Spotkanie\" >Spotkanie<\/option><option value=\"Oferta\/wycena\" >Oferta\/wycena<\/option><\/select><\/div><div id=\"wpforms-4119-field_2-container\" class=\"wpforms-field wpforms-field-text\" data-field-id=\"2\"><input type=\"text\" id=\"wpforms-4119-field_2\" class=\"wpforms-field-medium wpforms-field-required\" name=\"wpforms[fields][2]\" placeholder=\"Imi\u0119\" required><\/div><div id=\"wpforms-4119-field_3-container\" class=\"wpforms-field wpforms-field-email\" data-field-id=\"3\"><input type=\"email\" id=\"wpforms-4119-field_3\" class=\"wpforms-field-medium wpforms-field-required\" name=\"wpforms[fields][3]\" placeholder=\"E-mail\" required><\/div><div id=\"wpforms-4119-field_7-container\" class=\"wpforms-field wpforms-field-phone\" data-field-id=\"7\"><input type=\"tel\" id=\"wpforms-4119-field_7\" class=\"wpforms-field-medium wpforms-field-required wpforms-smart-phone-field\" data-rule-smart-phone-field=\"true\" name=\"wpforms[fields][7]\" placeholder=\"Telefon\" required><\/div><div id=\"wpforms-4119-field_5-container\" class=\"wpforms-field wpforms-field-textarea\" data-field-id=\"5\"><textarea id=\"wpforms-4119-field_5\" class=\"wpforms-field-small wpforms-field-required\" name=\"wpforms[fields][5]\" placeholder=\"Wiadomo\u015b\u0107\" required><\/textarea><\/div><div id=\"wpforms-4119-field_6-container\" class=\"wpforms-field wpforms-field-checkbox\" data-field-id=\"6\"><ul id=\"wpforms-4119-field_6\" class=\"wpforms-field-required\"><li class=\"choice-1 depth-1\"><input type=\"checkbox\" id=\"wpforms-4119-field_6_1\" name=\"wpforms[fields][6][]\" value=\"Akceptuj\u0119 warunki &lt;a href=&quot;https:\/\/brandsoul.pl\/polityka-prywatnosci\/&quot; target=&quot;_blank&quot;&gt;Polityki prywatno\u015bci.&lt;\/a&gt;\" required><label class=\"wpforms-field-label-inline\" for=\"wpforms-4119-field_6_1\">Akceptuj\u0119 warunki <a href=\"https:\/\/brandsoul.pl\/en\/polityka-prywatnosci\/\" target=\"_blank\">Polityki prywatno\u015bci.<\/a><\/label><\/li><\/ul><\/div><\/div><div class=\"wpforms-field wpforms-field-hp\"><label for=\"wpforms-4119-field-hp\" class=\"wpforms-field-label\">Phone<\/label><input type=\"text\" name=\"wpforms[hp]\" id=\"wpforms-4119-field-hp\" class=\"wpforms-field-medium\"><\/div><input type=\"hidden\" name=\"wpforms[recaptcha]\" value=\"\"><div class=\"wpforms-submit-container\" ><input type=\"hidden\" name=\"wpforms[id]\" value=\"4119\"><input type=\"hidden\" name=\"wpforms[author]\" value=\"3\"><button type=\"submit\" name=\"wpforms[submit]\" class=\"wpforms-submit tt_button\" id=\"wpforms-submit-4119\" value=\"wpforms-submit\" aria-live=\"assertive\" data-alt-text=\"Wysy\u0142anie...\" data-submit-text=\"Wyslij\">Wyslij<\/button><\/div><input type=\"hidden\" name=\"trp-form-language\" value=\"en\"\/><\/form><\/div>  <!-- .wpforms-container --><\/div><\/div><\/div><\/div><div class=\"vc_row-full-width vc_clearfix\"><\/div>\n<\/section>","protected":false},"excerpt":{"rendered":"Zakres ofertyZapraszamy do wsp\u00f3\u0142pracy firmy zainteresowane skorzystaniem z us\u0142ug: doradztwo marketingowedoradztwo sprzeda\u017cowedoradztwo strategicznedoradztwo w zakresie wdro\u017cenia nowego produktu na rynekdoradztwo w zakresie budowania marki w Interneciekonsultacje marketingoweDoradzali\u015bmy d\u0142ugofalowo, w zakresie marketingu, rozwoju marki, wdro\u017cenia nowych produkt\u00f3w na rynek w bran\u017cach:medycyna - optyka, medycyna estetyczna, przychodnia lekarska, centrum medyczne, dermatologia, produkcja [...]","protected":false},"author":3,"featured_media":0,"parent":0,"menu_order":65,"comment_status":"closed","ping_status":"closed","template":"","meta":{"_themeisle_gutenberg_block_has_review":false,"footnotes":""},"class_list":["post-2388","page","type-page","status-publish","hentry"],"aioseo_notices":[],"_links":{"self":[{"href":"https:\/\/brandsoul.pl\/en\/wp-json\/wp\/v2\/pages\/2388","targetHints":{"allow":["GET"]}}],"collection":[{"href":"https:\/\/brandsoul.pl\/en\/wp-json\/wp\/v2\/pages"}],"about":[{"href":"https:\/\/brandsoul.pl\/en\/wp-json\/wp\/v2\/types\/page"}],"author":[{"embeddable":true,"href":"https:\/\/brandsoul.pl\/en\/wp-json\/wp\/v2\/users\/3"}],"replies":[{"embeddable":true,"href":"https:\/\/brandsoul.pl\/en\/wp-json\/wp\/v2\/comments?post=2388"}],"version-history":[{"count":33,"href":"https:\/\/brandsoul.pl\/en\/wp-json\/wp\/v2\/pages\/2388\/revisions"}],"predecessor-version":[{"id":13494,"href":"https:\/\/brandsoul.pl\/en\/wp-json\/wp\/v2\/pages\/2388\/revisions\/13494"}],"wp:attachment":[{"href":"https:\/\/brandsoul.pl\/en\/wp-json\/wp\/v2\/media?parent=2388"}],"curies":[{"name":"wp","href":"https:\/\/api.w.org\/{rel}","templated":true}]}}