{"id":2507,"date":"2020-06-26T13:18:02","date_gmt":"2020-06-26T13:18:02","guid":{"rendered":"https:\/\/host9.nstrefa.pl\/brandosul\/?page_id=2507"},"modified":"2026-01-01T18:59:23","modified_gmt":"2026-01-01T18:59:23","slug":"burza-mozgow","status":"publish","type":"page","link":"https:\/\/brandsoul.pl\/en\/express-marketing\/burza-mozgow\/","title":{"rendered":"Warsztaty kreatywne"},"content":{"rendered":"<section class=\"wpb-content-wrapper\"><div class=\"vc_row wpb_row vc_row-fluid vc_custom_1672742565378 vc_row-has-padding-left vc_row-bg-position-top\"><div class=\"wpb_column vc_column_container vc_col-sm-12\"><div class=\"vc_column-inner vc_custom_1672742584585\"><div class=\"wpb_wrapper\"><div class=\"vc_row wpb_row vc_inner vc_row-fluid vc_custom_1672742606202 vc_row-has-padding-top vc_row-has-padding-bottom vc_row-bg-position-top\"><div class=\"wpb_column vc_column_container vc_col-sm-12\"><div class=\"vc_column-inner\"><div class=\"wpb_wrapper\">\n\t<div class=\"wpb_text_column wpb_content_element\" >\n\t\t<div class=\"wpb_wrapper\">\n\t\t\t<p>Kreatywna burza m\u00f3zg\u00f3w to wyj\u0105tkowe spotkanie rozwojowe, integracyjne, motywacyjne dla pracownik\u00f3w firmy M\u015aP. Polega ono na zebraniu w jednym miejscu, nad jednym celem\/tematem przedstawicieli wybranych dzia\u0142\u00f3w w firmie. Celem ich kreatywnej pracy, wspieranej przez opiekuna marki i trenera jest wygenerowanie r\u00f3\u017cnych pomys\u0142\u00f3w\/ opcji, analiza ich i wnioski do dzia\u0142ania. Jest to niesamowicie motywuj\u0105ce narz\u0119dzie, kt\u00f3re poza swoim kontekstem biznesowym mo\u017ce wp\u0142yn\u0105\u0107 tak\u017ce na integracj\u0119 zespo\u0142u.<br \/>\nWarsztaty mog\u0105 trwa\u0107 od 6 godzin do kilku dni, w zale\u017cno\u015bci od potrzeb firmy.<\/p>\n<p>Istnieje wiele r\u00f3\u017cnych technik, kt\u00f3re mo\u017cna wykorzysta\u0107 podczas organizacji warsztat\u00f3w marketingowych. Nasza <a href=\"https:\/\/brandsoul.pl\/en\/agencja-marketingowa\/\" data-internallinksmanager029f6b8e52c=\"1\" title=\"Agencja marketingowa Brandsoul\">agencja marketingowa<\/a> wykorzystuje nast\u0119puj\u0105ce:<\/p>\n<ul>\n<li>Analiza SWOT \u2013 technika ta polega na przeprowadzeniu analizy mocnych i s\u0142abych stron, szans i zagro\u017ce\u0144 dla danego produktu lub marki. Uczestnicy mog\u0105 by\u0107 zach\u0119cani do zidentyfikowania tych czynnik\u00f3w i wykorzystania ich do opracowania strategii marketingowej.<\/li>\n<li>Design thinking \u2013 technika ta polega na podej\u015bciu projektowym, kt\u00f3re pomaga znale\u017a\u0107 kreatywne i innowacyjne rozwi\u0105zania problem\u00f3w. Podczas warsztat\u00f3w marketingowych mo\u017cna wykorzysta\u0107 design thinking do opracowania nowych strategii marketingowych lub pomys\u0142\u00f3w na kampanie reklamowe.<\/li>\n<li>Brainstorming \u2013 technika ta polega na zbieraniu pomys\u0142\u00f3w od uczestnik\u00f3w, kt\u00f3rzy s\u0105 zach\u0119cani do dzielenia si\u0119 swoimi my\u015blami bez \u017cadnych ogranicze\u0144. Podczas warsztat\u00f3w marketingowych brainstorming mo\u017ce by\u0107 wykorzystywany do opracowania koncepcji kampanii reklamowej lub strategii marketingowej.<\/li>\n<li>Zadania grupowe \u2013 technika ta polega na dzieleniu uczestnik\u00f3w na grupy i przypisaniu im zadania do wykonania. Podczas warsztat\u00f3w marketingowych zadania grupowe mog\u0105 obejmowa\u0107 opracowanie koncepcji produktu lub stworzenie kampanii reklamowej.<\/li>\n<li>Gry biznesowe &#8211; gry biznesowe mog\u0105 by\u0107 wykorzystywane do nauczenia uczestnik\u00f3w, jak prowadzi\u0107 dzia\u0142ania marketingowe w ramach konkurencyjnego rynku.<br \/>\n\n\t\t<\/div>\n\t<\/div>\n<\/div><\/div><\/div><\/div><\/div><\/div><\/div><\/div><div data-vc-full-width=\"true\" data-vc-full-width-init=\"false\" class=\"vc_row wpb_row vc_row-fluid vc_custom_1672752598330 vc_row-has-fill vc_row-has-padding-bottom vc_row-bg-position-top vc_row-main-color-overlay\"><div class=\"wpb_column vc_column_container vc_col-sm-12\"><div class=\"vc_column-inner vc_custom_1597847545062\"><div class=\"wpb_wrapper\"><div class=\"vc_row wpb_row vc_inner vc_row-fluid vc_custom_1605635100320 vc_row-has-padding-top vc_row-bg-position-top\"><div class=\"wpb_column vc_column_container vc_col-sm-6\"><div class=\"vc_column-inner\"><div class=\"wpb_wrapper\"><header class=\"kd-section-title col-lg-12 text-left  subtitle-below-title kd-animated fadeIn   vc_custom_1672759061131\" data-animation-delay=\"200\"><h1 class=\"separator_off\" style=\"color: #ffffff;margin-bottom:30px;\">Zakres oferty<\/h1><h6 class=\"subtitle\" style=\"color: #696969;font-size:16px;\">W ramach us\u0142ugi burza muzg\u00f3w mo\u017cemy zaproponowa\u0107:<\/h6><\/header><\/div><\/div><\/div><div class=\"wpb_column vc_column_container vc_col-sm-6\"><div class=\"vc_column-inner\"><div class=\"wpb_wrapper\"><\/div><\/div><\/div><\/div><\/div><\/div><\/div><\/div><div class=\"vc_row-full-width vc_clearfix\"><\/div><div data-vc-full-width=\"true\" data-vc-full-width-init=\"false\" class=\"vc_row wpb_row vc_row-fluid vc_custom_1672752563865 vc_row-has-fill vc_row-bg-position-top\"><div class=\"wpb_column vc_column_container vc_col-sm-12\"><div class=\"vc_column-inner\"><div class=\"wpb_wrapper\"><div class=\"vc_row wpb_row vc_inner vc_row-fluid vc_custom_1679914655437 vc_custom_1679914655438 vc_row-has-padding-top vc_row-has-padding-bottom vc_row-bg-position-top\"><div class=\"wpb_column vc_column_container vc_col-sm-12 vc_col-lg-offset-0 vc_col-lg-6 vc_col-md-offset-0 vc_col-sm-offset-0\"><div class=\"vc_column-inner vc_custom_1598626887631  vc_custom_1598626887632 vc_custom_1598626887633\"><div class=\"wpb_wrapper\"><ul class=\"kd-icon-list\" ><li class=\"kd-icon-list-item\"><div class=\"kd-icon-wrapper icon-simple\" ><i class=\"fas fa-chevron-circle-right\" ><\/i><\/div><span class=\"kd-list-text\" style=\"color: #7b7b7b;\">Stworzenie planu spotkania<\/span><\/li><li class=\"kd-icon-list-item\"><div class=\"kd-icon-wrapper icon-simple\" ><i class=\"fas fa-chevron-circle-right\" ><\/i><\/div><span class=\"kd-list-text\" style=\"color: #7b7b7b;\">Komunikacja e-mailowa z uczestnikami (zadanie domowe)<\/span><\/li><\/ul><\/div><\/div><\/div><div class=\"wpb_column vc_column_container vc_col-sm-12 vc_col-lg-6\"><div class=\"vc_column-inner vc_custom_1679914647372 vc_custom_1679914647372 vc_custom_1679914647372 vc_custom_1679914647373\"><div class=\"wpb_wrapper\"><ul class=\"kd-icon-list\" ><li class=\"kd-icon-list-item\"><div class=\"kd-icon-wrapper icon-simple\" ><i class=\"fas fa-chevron-circle-right\" ><\/i><\/div><span class=\"kd-list-text\" style=\"color: #7b7b7b;\">Przeprowadzenie burzy m\u00f3zg\u00f3w<\/span><\/li><li class=\"kd-icon-list-item\"><div class=\"kd-icon-wrapper icon-simple\" ><i class=\"fas fa-chevron-circle-right\" ><\/i><\/div><span class=\"kd-list-text\" style=\"color: #7b7b7b;\">Wnioski \/ podsumowanie<\/span><\/li><\/ul><\/div><\/div><\/div><\/div><\/div><\/div><\/div><\/div><div class=\"vc_row-full-width vc_clearfix\"><\/div><div class=\"vc_row wpb_row vc_row-fluid vc_row-bg-position-top\"><div class=\"wpb_column vc_column_container vc_col-sm-12\"><div class=\"vc_column-inner\"><div class=\"wpb_wrapper\"><div class=\"vc_row wpb_row vc_inner vc_row-fluid vc_custom_1606228443871 vc_custom_1606228443873 vc_custom_1606228443874 vc_row-has-padding-top vc_row-has-padding-bottom vc_row-bg-position-top\"><div class=\"wpb_column vc_column_container vc_col-sm-12 vc_col-lg-offset-0 vc_col-lg-6 vc_col-md-offset-0 vc_col-sm-offset-0\"><div class=\"vc_column-inner vc_custom_1598626887631  vc_custom_1598626887632 vc_custom_1598626887633\"><div class=\"wpb_wrapper\"><div class=\"kd-photobox kd-animated fadeInUp\" data-animation-delay=\"200\"><div class=\"photobox-img\"><img decoding=\"async\" loading=\"lazy\" src=\"https:\/\/brandsoul.pl\/wp-content\/uploads\/2023\/02\/teczka_wizualizacja_przod_web.jpg\" alt=\"\" width=\"300\" height=\"204\"  \/><\/div><div class=\"phb-content text-center\">\n                  <h5 ><\/h5>\n                  <p ><\/p><\/div><\/div><\/div><\/div><\/div><div class=\"wpb_column vc_column_container vc_col-sm-12 vc_col-lg-6\"><div class=\"vc_column-inner vc_custom_1672648750200 vc_custom_1672648750200 vc_custom_1672648750201 vc_custom_1672648750201\"><div class=\"wpb_wrapper\"><header class=\"kd-section-title col-lg-12 text-left  subtitle-below-title kd-animated fadeIn   vc_custom_1672647196638\" data-animation-delay=\"200\"><h2 class=\"separator_off\" style=\"color: #000000;margin-bottom:30px;\">Cena i warunki wsp\u00f3\u0142pracy<\/h2><\/header><header class=\"kd-section-title col-lg-12 text-left  subtitle-below-title kd-animated fadeIn   vc_custom_1675758560008\" data-animation-delay=\"200\"><h6 class=\"subtitle\" style=\"color: #696969;font-size:16px;\">Relizowali\u015bmy projekt podczas wsp\u00f3\u0142pracy z klientami, aktualnie zdecydowali\u015bmy si\u0119 wyodr\u0119bini\u0107 t\u0119 us\u0142ug\u0119 jako dedykowan\u0105 ofert\u0119 dla rozwijaj\u0105cych si\u0119 firm M\u015aP.<\/li>\n<\/ul>\n<p><b>Cena:<\/b> od 1400 z\u0142 netto (6 h), w cenie s\u0142odki pocz\u0119stunek.<\/p>\n<p><b>Czas realizacji zlecenia<\/b> \u2013 ustalenie terminu, w kt\u00f3rym burza m\u00f3zgu odb\u0119dzie si\u0119 w firmie lub naszym biurze.<\/h6><\/header><\/div><\/div><\/div><\/div><\/div><\/div><\/div><\/div><div data-vc-full-width=\"true\" data-vc-full-width-init=\"false\" class=\"vc_row wpb_row vc_row-fluid vc_custom_1672148395346 vc_row-has-fill vc_row-bg-position-top\"><div class=\"wpb_column vc_column_container vc_col-sm-12\"><div class=\"vc_column-inner\"><div class=\"wpb_wrapper\"><div class=\"kd-calltoaction\" >\n                <div class=\"container\">\n                  <div class=\"cta-text-container kd-animated fadeIn\" data-animation-delay=\"200\"><div class=\"cta-text\"><h5 style=\"color: #000000;\">Um\u00f3w si\u0119 na spotkanie. Poznajmy si\u0119!<\/h5><\/div>\n                    <\/div>\n                    <div class=\"cta-btncontainer\"><a href=\"https:\/\/brandsoul.pl\/en\/kontakt\/\"  title=\"Kontakt\" class=\"tt_button tt_secondary_button btn_secondary_color  button-action-link icon_right kd-animated zoomIn\" data-animation-delay=\"200\">Porozmawiajmy!<span class=\"fas fa-chevron-right iconita\" ><\/span><\/a><\/div>\n                <\/div>\n            <\/div><\/div><\/div><\/div><\/div><div class=\"vc_row-full-width vc_clearfix\"><\/div><div data-vc-full-width=\"true\" data-vc-full-width-init=\"false\" class=\"vc_row wpb_row vc_row-fluid vc_custom_1705399705952 vc_row-has-fill vc_row-has-padding-top vc_row-has-padding-bottom vc_row-bg-position-top\"><div class=\"wpb_column vc_column_container vc_col-sm-12\"><div class=\"vc_column-inner\"><div class=\"wpb_wrapper\"><div class=\"vc_row wpb_row vc_inner vc_row-fluid vc_row-bg-position-top\"><div class=\"wpb_column vc_column_container vc_col-sm-4\"><div class=\"vc_column-inner\"><div class=\"wpb_wrapper\">\n\t<div  class=\"wpb_single_image wpb_content_element vc_align_left  vc_custom_1700946278199\">\n\t\t\n\t\t<figure class=\"wpb_wrapper vc_figure\">\n\t\t\t<div class=\"vc_single_image-wrapper   vc_box_border_grey\"><img loading=\"lazy\" decoding=\"async\" class=\"vc_single_image-img\" width=\"80\" height=\"80\"  src=\"https:\/\/brandsoul.pl\/wp-content\/uploads\/2023\/11\/logo_brandsoul.png\" \/><\/div>\n\t\t<\/figure>\n\t<\/div>\n<h3 style=\"font-size: 14px;color: #ffffff;text-align: left\" class=\"vc_custom_heading\" >STUDIO MARKI BRANDSOUL SP.Z O.O.<\/h3><h5 style=\"font-size: 14px;color: #ffffff;text-align: left\" class=\"vc_custom_heading\" >Biuro g\u0142\u00f3wne (siedziba) Zalasewo (Swarz\u0119dz)<\/h5>\n\t<div class=\"wpb_text_column wpb_content_element\" >\n\t\t<div class=\"wpb_wrapper\">\n\t\t\t<p>ul. K\u00f3rnicka 198B\/11<br \/>\n62-020 Zalasewo<\/p>\n\n\t\t<\/div>\n\t<\/div>\n<h5 style=\"font-size: 14px;color: #ffffff;text-align: left\" class=\"vc_custom_heading\" >Biuro Pozna\u0144<\/h5>\n\t<div class=\"wpb_text_column wpb_content_element\" >\n\t\t<div class=\"wpb_wrapper\">\n\t\t\t<p>ul. D\u0105browskiego 77A<br \/>\n60-529 Pozna\u0144<\/p>\n\n\t\t<\/div>\n\t<\/div>\n<\/div><\/div><\/div><div class=\"wpb_column vc_column_container vc_col-sm-4\"><div class=\"vc_column-inner\"><div class=\"wpb_wrapper\"><h3 style=\"font-size: 14px;color: #ffffff;text-align: left\" class=\"vc_custom_heading\" >DANE FIRMY<\/h3>\n\t<div class=\"wpb_text_column wpb_content_element\" >\n\t\t<div class=\"wpb_wrapper\">\n\t\t\t<p>Studio Marki Brandsoul Sp. z o. o.<br \/>\nul. Harmonia 9\/6<br \/>\n62-020 Zalasewo<\/p>\n\n\t\t<\/div>\n\t<\/div>\n\n\t<div class=\"wpb_text_column wpb_content_element\" >\n\t\t<div class=\"wpb_wrapper\">\n\t\t\t<p>kom. +48 668 130 202<br \/>\n<a href=\"mailto:info@brandsoul.pl\">info@brandsoul.pl<\/a><\/p>\n\n\t\t<\/div>\n\t<\/div>\n\n\t<div class=\"wpb_text_column wpb_content_element\" >\n\t\t<div class=\"wpb_wrapper\">\n\t\t\t<p>NIP: 7822692832<br \/>\nREGON: 366811048<br \/>\nKRS: 0000668828<\/p>\n\n\t\t<\/div>\n\t<\/div>\n<\/div><\/div><\/div><div class=\"wpb_column vc_column_container vc_col-sm-4\"><div class=\"vc_column-inner\"><div class=\"wpb_wrapper\"><h2 style=\"font-size: 14px;color: #ffffff;text-align: left\" class=\"vc_custom_heading\" >FORMULARZ KONTAKTOWY<\/h2><div class=\"wpforms-container wpforms-container-full\" id=\"wpforms-4119\"><form id=\"wpforms-form-4119\" class=\"wpforms-validate wpforms-form\" data-formid=\"4119\" method=\"post\" enctype=\"multipart\/form-data\" action=\"\/en\/wp-json\/wp\/v2\/pages\/2507\" data-trp-original-action=\"\/en\/wp-json\/wp\/v2\/pages\/2507\"><noscript class=\"wpforms-error-noscript\">Please enable JavaScript in your browser to complete this form.<\/noscript><div class=\"wpforms-field-container\"><div id=\"wpforms-4119-field_1-container\" class=\"wpforms-field wpforms-field-select wpforms-field-select-style-classic\" data-field-id=\"1\"><select id=\"wpforms-4119-field_1\" class=\"wpforms-field-large wpforms-field-required\" name=\"wpforms[fields][1]\" required=\"required\"><option value=\"\" class=\"placeholder\" disabled selected='selected'>Wybierz cel kontaktu<\/option><option value=\"Kontakt telefoniczny\" >Kontakt telefoniczny<\/option><option value=\"Spotkanie\" >Spotkanie<\/option><option value=\"Oferta\/wycena\" >Oferta\/wycena<\/option><\/select><\/div><div id=\"wpforms-4119-field_2-container\" class=\"wpforms-field wpforms-field-text\" data-field-id=\"2\"><input type=\"text\" id=\"wpforms-4119-field_2\" class=\"wpforms-field-medium wpforms-field-required\" name=\"wpforms[fields][2]\" placeholder=\"Imi\u0119\" required><\/div><div id=\"wpforms-4119-field_3-container\" class=\"wpforms-field wpforms-field-email\" data-field-id=\"3\"><input type=\"email\" id=\"wpforms-4119-field_3\" class=\"wpforms-field-medium wpforms-field-required\" name=\"wpforms[fields][3]\" placeholder=\"E-mail\" required><\/div><div id=\"wpforms-4119-field_7-container\" class=\"wpforms-field wpforms-field-phone\" data-field-id=\"7\"><input type=\"tel\" id=\"wpforms-4119-field_7\" class=\"wpforms-field-medium wpforms-field-required wpforms-smart-phone-field\" data-rule-smart-phone-field=\"true\" name=\"wpforms[fields][7]\" placeholder=\"Telefon\" required><\/div><div id=\"wpforms-4119-field_5-container\" class=\"wpforms-field wpforms-field-textarea\" data-field-id=\"5\"><textarea id=\"wpforms-4119-field_5\" class=\"wpforms-field-small wpforms-field-required\" name=\"wpforms[fields][5]\" placeholder=\"Wiadomo\u015b\u0107\" required><\/textarea><\/div><div id=\"wpforms-4119-field_6-container\" class=\"wpforms-field wpforms-field-checkbox\" data-field-id=\"6\"><ul id=\"wpforms-4119-field_6\" class=\"wpforms-field-required\"><li class=\"choice-1 depth-1\"><input type=\"checkbox\" id=\"wpforms-4119-field_6_1\" name=\"wpforms[fields][6][]\" value=\"Akceptuj\u0119 warunki &lt;a href=&quot;https:\/\/brandsoul.pl\/polityka-prywatnosci\/&quot; target=&quot;_blank&quot;&gt;Polityki prywatno\u015bci.&lt;\/a&gt;\" required><label class=\"wpforms-field-label-inline\" for=\"wpforms-4119-field_6_1\">Akceptuj\u0119 warunki <a href=\"https:\/\/brandsoul.pl\/en\/polityka-prywatnosci\/\" target=\"_blank\">Polityki prywatno\u015bci.<\/a><\/label><\/li><\/ul><\/div><\/div><div class=\"wpforms-field wpforms-field-hp\"><label for=\"wpforms-4119-field-hp\" class=\"wpforms-field-label\">Comment<\/label><input type=\"text\" name=\"wpforms[hp]\" id=\"wpforms-4119-field-hp\" class=\"wpforms-field-medium\"><\/div><input type=\"hidden\" name=\"wpforms[recaptcha]\" value=\"\"><div class=\"wpforms-submit-container\" ><input type=\"hidden\" name=\"wpforms[id]\" value=\"4119\"><input type=\"hidden\" name=\"wpforms[author]\" value=\"3\"><button type=\"submit\" name=\"wpforms[submit]\" class=\"wpforms-submit tt_button\" id=\"wpforms-submit-4119\" value=\"wpforms-submit\" aria-live=\"assertive\" data-alt-text=\"Wysy\u0142anie...\" data-submit-text=\"Wyslij\">Wyslij<\/button><\/div><input type=\"hidden\" name=\"trp-form-language\" value=\"en\"\/><\/form><\/div>  <!-- .wpforms-container --><\/div><\/div><\/div><\/div><div class=\"vc_row wpb_row vc_inner vc_row-fluid vc_row-bg-position-top\"><div class=\"wpb_column vc_column_container vc_col-sm-8\"><div class=\"vc_column-inner vc_custom_1705400015834   vc_custom_1705400015836\"><div class=\"wpb_wrapper\">\n\t<div  class=\"wpb_single_image wpb_content_element vc_align_left\">\n\t\t\n\t\t<figure class=\"wpb_wrapper vc_figure\">\n\t\t\t<div class=\"vc_single_image-wrapper   vc_box_border_grey\"><img decoding=\"async\" class=\"vc_single_image-img\"  src=\"https:\/\/brandsoul.pl\/wp-content\/uploads\/2024\/01\/oferteo_loga_stopka_www.png\" \/><\/div>\n\t\t<\/figure>\n\t<\/div>\n<\/div><\/div><\/div><div class=\"wpb_column vc_column_container vc_col-sm-4\"><div class=\"vc_column-inner\"><div class=\"wpb_wrapper\"><\/div><\/div><\/div><\/div><\/div><\/div><\/div><\/div><div class=\"vc_row-full-width vc_clearfix\"><\/div>\n<\/section>","protected":false},"excerpt":{"rendered":"Kreatywna burza m\u00f3zg\u00f3w to wyj\u0105tkowe spotkanie rozwojowe, integracyjne, motywacyjne dla pracownik\u00f3w firmy M\u015aP. Polega ono na zebraniu w jednym miejscu, nad jednym celem\/tematem przedstawicieli wybranych dzia\u0142\u00f3w w firmie. Celem ich kreatywnej pracy, wspieranej przez opiekuna marki i trenera jest wygenerowanie r\u00f3\u017cnych pomys\u0142\u00f3w\/ opcji, analiza ich i wnioski do dzia\u0142ania. Jest [...]","protected":false},"author":3,"featured_media":0,"parent":2217,"menu_order":59,"comment_status":"closed","ping_status":"closed","template":"","meta":{"_themeisle_gutenberg_block_has_review":false,"footnotes":""},"class_list":["post-2507","page","type-page","status-publish","hentry"],"aioseo_notices":[],"_links":{"self":[{"href":"https:\/\/brandsoul.pl\/en\/wp-json\/wp\/v2\/pages\/2507","targetHints":{"allow":["GET"]}}],"collection":[{"href":"https:\/\/brandsoul.pl\/en\/wp-json\/wp\/v2\/pages"}],"about":[{"href":"https:\/\/brandsoul.pl\/en\/wp-json\/wp\/v2\/types\/page"}],"author":[{"embeddable":true,"href":"https:\/\/brandsoul.pl\/en\/wp-json\/wp\/v2\/users\/3"}],"replies":[{"embeddable":true,"href":"https:\/\/brandsoul.pl\/en\/wp-json\/wp\/v2\/comments?post=2507"}],"version-history":[{"count":19,"href":"https:\/\/brandsoul.pl\/en\/wp-json\/wp\/v2\/pages\/2507\/revisions"}],"predecessor-version":[{"id":13482,"href":"https:\/\/brandsoul.pl\/en\/wp-json\/wp\/v2\/pages\/2507\/revisions\/13482"}],"up":[{"embeddable":true,"href":"https:\/\/brandsoul.pl\/en\/wp-json\/wp\/v2\/pages\/2217"}],"wp:attachment":[{"href":"https:\/\/brandsoul.pl\/en\/wp-json\/wp\/v2\/media?parent=2507"}],"curies":[{"name":"wp","href":"https:\/\/api.w.org\/{rel}","templated":true}]}}