{"id":2513,"date":"2020-06-26T13:22:49","date_gmt":"2020-06-26T13:22:49","guid":{"rendered":"https:\/\/host9.nstrefa.pl\/brandosul\/?page_id=2513"},"modified":"2026-01-01T18:17:32","modified_gmt":"2026-01-01T18:17:32","slug":"strona-internetowa","status":"publish","type":"page","link":"https:\/\/brandsoul.pl\/en\/express-marketing\/strona-internetowa\/","title":{"rendered":"Strona internetowa"},"content":{"rendered":"<section class=\"wpb-content-wrapper\"><div class=\"vc_row wpb_row vc_row-fluid vc_custom_1672742565378 vc_row-has-padding-left vc_row-bg-position-top\"><div class=\"wpb_column vc_column_container vc_col-sm-12\"><div class=\"vc_column-inner vc_custom_1672742584585\"><div class=\"wpb_wrapper\"><div class=\"vc_row wpb_row vc_inner vc_row-fluid vc_custom_1672742606202 vc_row-has-padding-top vc_row-has-padding-bottom vc_row-bg-position-top\"><div class=\"wpb_column vc_column_container vc_col-sm-12\"><div class=\"vc_column-inner\"><div class=\"wpb_wrapper\"><header class=\"kd-section-title col-lg-12 text-left  subtitle-below-title kd-animated fadeIn   vc_custom_1672760161844\" data-animation-delay=\"200\"><h6 class=\"subtitle\" style=\"color: #696969;font-size:16px;\">Strona internetowa dla firmy to ju\u017c dzi\u015b podstawa prowadzenia biznesu. Profesjonalna strona internetowa wp\u0142ywa na budowanie wizerunku marki, pozyskiwanie klient\u00f3w, edukacj\u0119 klient\u00f3w. Przed stworzeniem strony internetowej nale\u017cy przygotowa\u0107 efektywn\u0105 strategi\u0119 jej zaprojektowania, aby by\u0142a sp\u00f3jna z celami biznesowymi. Nasza firma ch\u0119tnie doradzi kompleksowo w tym zakresie.<\/h6><\/header><\/div><\/div><\/div><\/div><\/div><\/div><\/div><\/div><div data-vc-full-width=\"true\" data-vc-full-width-init=\"false\" class=\"vc_row wpb_row vc_row-fluid vc_custom_1672752598330 vc_row-has-fill vc_row-has-padding-bottom vc_row-bg-position-top vc_row-main-color-overlay\"><div class=\"wpb_column vc_column_container vc_col-sm-12\"><div class=\"vc_column-inner vc_custom_1597847545062\"><div class=\"wpb_wrapper\"><div class=\"vc_row wpb_row vc_inner vc_row-fluid vc_custom_1605635100320 vc_row-has-padding-top vc_row-bg-position-top\"><div class=\"wpb_column vc_column_container vc_col-sm-6\"><div class=\"vc_column-inner\"><div class=\"wpb_wrapper\"><header class=\"kd-section-title col-lg-12 text-left  subtitle-below-title kd-animated fadeIn   vc_custom_1679206036575\" data-animation-delay=\"200\"><h1 class=\"separator_off\" style=\"color: #ffffff;margin-bottom:30px;\">Zakres oferty<\/h1><h6 class=\"subtitle\" style=\"color: #696969;font-size:16px;\">W ramach us\u0142ug zaprojektowania strony internetowej mo\u017cemy zaproponowa\u0107:<\/h6><\/header><\/div><\/div><\/div><div class=\"wpb_column vc_column_container vc_col-sm-6\"><div class=\"vc_column-inner\"><div class=\"wpb_wrapper\"><\/div><\/div><\/div><\/div><\/div><\/div><\/div><\/div><div class=\"vc_row-full-width vc_clearfix\"><\/div><div data-vc-full-width=\"true\" data-vc-full-width-init=\"false\" class=\"vc_row wpb_row vc_row-fluid vc_custom_1672752563865 vc_row-has-fill vc_row-bg-position-top\"><div class=\"wpb_column vc_column_container vc_col-sm-12\"><div class=\"vc_column-inner\"><div class=\"wpb_wrapper\"><div class=\"vc_row wpb_row vc_inner vc_row-fluid vc_custom_1679914706895 vc_custom_1679914706896 vc_row-has-padding-top vc_row-has-padding-bottom vc_row-bg-position-top\"><div class=\"wpb_column vc_column_container vc_col-sm-12 vc_col-lg-offset-0 vc_col-lg-6 vc_col-md-offset-0 vc_col-sm-offset-0\"><div class=\"vc_column-inner vc_custom_1598626887631  vc_custom_1598626887632 vc_custom_1598626887633\"><div class=\"wpb_wrapper\"><ul class=\"kd-icon-list\" ><li class=\"kd-icon-list-item\"><div class=\"kd-icon-wrapper icon-simple\" ><i class=\"fas fa-chevron-circle-right\" ><\/i><\/div><span class=\"kd-list-text\" style=\"color: #7b7b7b;\">Koncepcj\u0119 strategiczn\u0105 strony<\/span><\/li><li class=\"kd-icon-list-item\"><div class=\"kd-icon-wrapper icon-simple\" ><i class=\"fas fa-chevron-circle-right\" ><\/i><\/div><span class=\"kd-list-text\" style=\"color: #7b7b7b;\">Optymalizacj\u0119 pod SEO<\/span><\/li><li class=\"kd-icon-list-item\"><div class=\"kd-icon-wrapper icon-simple\" ><i class=\"fas fa-chevron-circle-right\" ><\/i><\/div><span class=\"kd-list-text\" style=\"color: #7b7b7b;\">Copywriting \/redakcj\u0119 tekst\u00f3w<\/span><\/li><\/ul><\/div><\/div><\/div><div class=\"wpb_column vc_column_container vc_col-sm-12 vc_col-lg-6\"><div class=\"vc_column-inner vc_custom_1679914699267 vc_custom_1679914699267 vc_custom_1679914699268 vc_custom_1679914699268\"><div class=\"wpb_wrapper\"><ul class=\"kd-icon-list\" ><li class=\"kd-icon-list-item\"><div class=\"kd-icon-wrapper icon-simple\" ><i class=\"fas fa-chevron-circle-right\" ><\/i><\/div><span class=\"kd-list-text\" style=\"color: #7b7b7b;\">Projektowanie graficzne<\/span><\/li><li class=\"kd-icon-list-item\"><div class=\"kd-icon-wrapper icon-simple\" ><i class=\"fas fa-chevron-circle-right\" ><\/i><\/div><span class=\"kd-list-text\" style=\"color: #7b7b7b;\">Wdro\u017cenie<\/span><\/li><li class=\"kd-icon-list-item\"><div class=\"kd-icon-wrapper icon-simple\" ><i class=\"fas fa-chevron-circle-right\" ><\/i><\/div><span class=\"kd-list-text\" style=\"color: #7b7b7b;\">Serwer\/ domen\u0119<\/span><\/li><\/ul><\/div><\/div><\/div><\/div><\/div><\/div><\/div><\/div><div class=\"vc_row-full-width vc_clearfix\"><\/div><div class=\"vc_row wpb_row vc_row-fluid vc_row-bg-position-top\"><div class=\"wpb_column vc_column_container vc_col-sm-12\"><div class=\"vc_column-inner\"><div class=\"wpb_wrapper\"><div class=\"vc_row wpb_row vc_inner vc_row-fluid vc_custom_1606228443871 vc_custom_1606228443873 vc_custom_1606228443874 vc_row-has-padding-top vc_row-has-padding-bottom vc_row-bg-position-top\"><div class=\"wpb_column vc_column_container vc_col-sm-12 vc_col-lg-offset-0 vc_col-lg-6 vc_col-md-offset-0 vc_col-sm-offset-0\"><div class=\"vc_column-inner vc_custom_1598626887631  vc_custom_1598626887632 vc_custom_1598626887633\"><div class=\"wpb_wrapper\"><div class=\"kd-photobox kd-animated fadeInUp\" data-animation-delay=\"200\"><div class=\"photobox-img\"><img decoding=\"async\" loading=\"lazy\" src=\"https:\/\/brandsoul.pl\/wp-content\/uploads\/2023\/01\/website.jpg\" alt=\"\" width=\"300\" height=\"253\"  \/><\/div><div class=\"phb-content text-center\">\n                  <h5 ><\/h5>\n                  <p ><\/p><\/div><\/div><\/div><\/div><\/div><div class=\"wpb_column vc_column_container vc_col-sm-12 vc_col-lg-6\"><div class=\"vc_column-inner vc_custom_1672648750200 vc_custom_1672648750200 vc_custom_1672648750201 vc_custom_1672648750201\"><div class=\"wpb_wrapper\"><header class=\"kd-section-title col-lg-12 text-left  subtitle-below-title kd-animated fadeIn   vc_custom_1672647196638\" data-animation-delay=\"200\"><h2 class=\"separator_off\" style=\"color: #000000;margin-bottom:30px;\">Cena i warunki wsp\u00f3\u0142pracy<\/h2><\/header><header class=\"kd-section-title col-lg-12 text-left  subtitle-below-title kd-animated fadeIn   vc_custom_1679206150789\" data-animation-delay=\"200\"><h6 class=\"subtitle\" style=\"color: #696969;font-size:16px;\"><b>Cena zaprojektowania strony internetowej:<\/b> uzale\u017cniona jest od potrzeb klienta.<\/h6><\/header><ul class=\"kd-icon-list\" ><li class=\"kd-icon-list-item\"><div class=\"kd-icon-wrapper icon-simple\" ><i class=\"fas fa-chevron-circle-right\" ><\/i><\/div><span class=\"kd-list-text\" style=\"color: #7b7b7b;\">prosta strona, oparta na systemie wordpress, bez du\u017cych ingerencji graficznych \u2013 od 800 z\u0142 netto \u2013 przyk\u0142ady:<\/p>\n<p><a href=\"\/en\/www.coachas.pl,\/\" target=\"_blank\" rel=\"noopener\">www.coachas.pl,<\/a><br \/>\n<a href=\"\/en\/www.brandsoulgroup.pl\/\" target=\"_blank\" rel=\"noopener\">www.brandsoulgroup.pl<\/a><br \/>\n<a href=\"\/en\/www.iluminacje-swiateczne.pl\/\" target=\"_blank\" rel=\"noopener\">www.iluminacje-swiateczne.pl<\/a><\/span><\/li><li class=\"kd-icon-list-item\"><div class=\"kd-icon-wrapper icon-simple\" ><i class=\"fas fa-chevron-circle-right\" ><\/i><\/div><span class=\"kd-list-text\" style=\"color: #7b7b7b;\">strona wizyt\u00f3wka \u2013 od 1200 z\u0142 netto<\/span><\/li><li class=\"kd-icon-list-item\"><div class=\"kd-icon-wrapper icon-simple\" ><i class=\"fas fa-chevron-circle-right\" ><\/i><\/div><span class=\"kd-list-text\" style=\"color: #7b7b7b;\">landing page \u2013 od 1000 z\u0142 netto.<\/span><\/li><li class=\"kd-icon-list-item\"><div class=\"kd-icon-wrapper icon-simple\" ><i class=\"fas fa-chevron-circle-right\" ><\/i><\/div><span class=\"kd-list-text\" style=\"color: #7b7b7b;\">strona firmowa bardziej skomplikowana od 2000 z\u0142 netto<\/span><\/li><\/ul>\n\t<div class=\"wpb_text_column wpb_content_element  vc_custom_1675758904519\" >\n\t\t<div class=\"wpb_wrapper\">\n\t\t\t<p><strong>Czas realizacji zlecenia<\/strong>\u00a0\u2013 ok. 30 dni roboczych<\/p>\n\n\t\t<\/div>\n\t<\/div>\n<\/div><\/div><\/div><\/div><\/div><\/div><\/div><\/div><div data-vc-full-width=\"true\" data-vc-full-width-init=\"false\" class=\"vc_row wpb_row vc_row-fluid vc_custom_1672148395346 vc_row-has-fill vc_row-bg-position-top\"><div class=\"wpb_column vc_column_container vc_col-sm-12\"><div class=\"vc_column-inner\"><div class=\"wpb_wrapper\"><div class=\"kd-calltoaction\" >\n                <div class=\"container\">\n                  <div class=\"cta-text-container kd-animated fadeIn\" data-animation-delay=\"200\"><div class=\"cta-text\"><h5 style=\"color: #000000;\">Um\u00f3w si\u0119 na spotkanie. Poznajmy si\u0119!<\/h5><\/div>\n                    <\/div>\n                    <div class=\"cta-btncontainer\"><a href=\"https:\/\/brandsoul.pl\/en\/kontakt\/\"  title=\"Kontakt\" class=\"tt_button tt_secondary_button btn_secondary_color  button-action-link icon_right kd-animated zoomIn\" data-animation-delay=\"200\">Porozmawiajmy!<span class=\"fas fa-chevron-right iconita\" ><\/span><\/a><\/div>\n                <\/div>\n            <\/div><\/div><\/div><\/div><\/div><div class=\"vc_row-full-width vc_clearfix\"><\/div><div data-vc-full-width=\"true\" data-vc-full-width-init=\"false\" class=\"vc_row wpb_row vc_row-fluid vc_custom_1705399705952 vc_row-has-fill vc_row-has-padding-top vc_row-has-padding-bottom vc_row-bg-position-top\"><div class=\"wpb_column vc_column_container vc_col-sm-12\"><div class=\"vc_column-inner\"><div class=\"wpb_wrapper\"><div class=\"vc_row wpb_row vc_inner vc_row-fluid vc_row-bg-position-top\"><div class=\"wpb_column vc_column_container vc_col-sm-4\"><div class=\"vc_column-inner\"><div class=\"wpb_wrapper\">\n\t<div  class=\"wpb_single_image wpb_content_element vc_align_left  vc_custom_1700946278199\">\n\t\t\n\t\t<figure class=\"wpb_wrapper vc_figure\">\n\t\t\t<div class=\"vc_single_image-wrapper   vc_box_border_grey\"><img loading=\"lazy\" decoding=\"async\" class=\"vc_single_image-img\" width=\"80\" height=\"80\"  src=\"https:\/\/brandsoul.pl\/wp-content\/uploads\/2023\/11\/logo_brandsoul.png\" \/><\/div>\n\t\t<\/figure>\n\t<\/div>\n<h3 style=\"font-size: 14px;color: #ffffff;text-align: left\" class=\"vc_custom_heading\" >STUDIO MARKI BRANDSOUL SP.Z O.O.<\/h3><h5 style=\"font-size: 14px;color: #ffffff;text-align: left\" class=\"vc_custom_heading\" >Biuro g\u0142\u00f3wne (siedziba) Zalasewo (Swarz\u0119dz)<\/h5>\n\t<div class=\"wpb_text_column wpb_content_element\" >\n\t\t<div class=\"wpb_wrapper\">\n\t\t\t<p>ul. K\u00f3rnicka 198B\/11<br \/>\n62-020 Zalasewo<\/p>\n\n\t\t<\/div>\n\t<\/div>\n<h5 style=\"font-size: 14px;color: #ffffff;text-align: left\" class=\"vc_custom_heading\" >Biuro Pozna\u0144<\/h5>\n\t<div class=\"wpb_text_column wpb_content_element\" >\n\t\t<div class=\"wpb_wrapper\">\n\t\t\t<p>ul. D\u0105browskiego 77A<br \/>\n60-529 Pozna\u0144<\/p>\n\n\t\t<\/div>\n\t<\/div>\n<\/div><\/div><\/div><div class=\"wpb_column vc_column_container vc_col-sm-4\"><div class=\"vc_column-inner\"><div class=\"wpb_wrapper\"><h3 style=\"font-size: 14px;color: #ffffff;text-align: left\" class=\"vc_custom_heading\" >DANE FIRMY<\/h3>\n\t<div class=\"wpb_text_column wpb_content_element\" >\n\t\t<div class=\"wpb_wrapper\">\n\t\t\t<p>Studio Marki Brandsoul Sp. z o. o.<br \/>\nul. Harmonia 9\/6<br \/>\n62-020 Zalasewo<\/p>\n\n\t\t<\/div>\n\t<\/div>\n\n\t<div class=\"wpb_text_column wpb_content_element\" >\n\t\t<div class=\"wpb_wrapper\">\n\t\t\t<p>kom. +48 668 130 202<br \/>\n<a href=\"mailto:info@brandsoul.pl\">info@brandsoul.pl<\/a><\/p>\n\n\t\t<\/div>\n\t<\/div>\n\n\t<div class=\"wpb_text_column wpb_content_element\" >\n\t\t<div class=\"wpb_wrapper\">\n\t\t\t<p>NIP: 7822692832<br \/>\nREGON: 366811048<br \/>\nKRS: 0000668828<\/p>\n\n\t\t<\/div>\n\t<\/div>\n<\/div><\/div><\/div><div class=\"wpb_column vc_column_container vc_col-sm-4\"><div class=\"vc_column-inner\"><div class=\"wpb_wrapper\"><h2 style=\"font-size: 14px;color: #ffffff;text-align: left\" class=\"vc_custom_heading\" >FORMULARZ KONTAKTOWY<\/h2><div class=\"wpforms-container wpforms-container-full\" id=\"wpforms-4119\"><form id=\"wpforms-form-4119\" class=\"wpforms-validate wpforms-form\" data-formid=\"4119\" method=\"post\" enctype=\"multipart\/form-data\" action=\"\/en\/wp-json\/wp\/v2\/pages\/2513\" data-trp-original-action=\"\/en\/wp-json\/wp\/v2\/pages\/2513\"><noscript class=\"wpforms-error-noscript\">Please enable JavaScript in your browser to complete this form.<\/noscript><div class=\"wpforms-field-container\"><div id=\"wpforms-4119-field_1-container\" class=\"wpforms-field wpforms-field-select wpforms-field-select-style-classic\" data-field-id=\"1\"><select id=\"wpforms-4119-field_1\" class=\"wpforms-field-large wpforms-field-required\" name=\"wpforms[fields][1]\" required=\"required\"><option value=\"\" class=\"placeholder\" disabled selected='selected'>Wybierz cel kontaktu<\/option><option value=\"Kontakt telefoniczny\" >Kontakt telefoniczny<\/option><option value=\"Spotkanie\" >Spotkanie<\/option><option value=\"Oferta\/wycena\" >Oferta\/wycena<\/option><\/select><\/div><div id=\"wpforms-4119-field_2-container\" class=\"wpforms-field wpforms-field-text\" data-field-id=\"2\"><input type=\"text\" id=\"wpforms-4119-field_2\" class=\"wpforms-field-medium wpforms-field-required\" name=\"wpforms[fields][2]\" placeholder=\"Imi\u0119\" required><\/div><div id=\"wpforms-4119-field_3-container\" class=\"wpforms-field wpforms-field-email\" data-field-id=\"3\"><input type=\"email\" id=\"wpforms-4119-field_3\" class=\"wpforms-field-medium wpforms-field-required\" name=\"wpforms[fields][3]\" placeholder=\"E-mail\" required><\/div><div id=\"wpforms-4119-field_7-container\" class=\"wpforms-field wpforms-field-phone\" data-field-id=\"7\"><input type=\"tel\" id=\"wpforms-4119-field_7\" class=\"wpforms-field-medium wpforms-field-required wpforms-smart-phone-field\" data-rule-smart-phone-field=\"true\" name=\"wpforms[fields][7]\" placeholder=\"Telefon\" required><\/div><div id=\"wpforms-4119-field_5-container\" class=\"wpforms-field wpforms-field-textarea\" data-field-id=\"5\"><textarea id=\"wpforms-4119-field_5\" class=\"wpforms-field-small wpforms-field-required\" name=\"wpforms[fields][5]\" placeholder=\"Wiadomo\u015b\u0107\" required><\/textarea><\/div><div id=\"wpforms-4119-field_6-container\" class=\"wpforms-field wpforms-field-checkbox\" data-field-id=\"6\"><ul id=\"wpforms-4119-field_6\" class=\"wpforms-field-required\"><li class=\"choice-1 depth-1\"><input type=\"checkbox\" id=\"wpforms-4119-field_6_1\" name=\"wpforms[fields][6][]\" value=\"Akceptuj\u0119 warunki &lt;a href=&quot;https:\/\/brandsoul.pl\/polityka-prywatnosci\/&quot; target=&quot;_blank&quot;&gt;Polityki prywatno\u015bci.&lt;\/a&gt;\" required><label class=\"wpforms-field-label-inline\" for=\"wpforms-4119-field_6_1\">Akceptuj\u0119 warunki <a href=\"https:\/\/brandsoul.pl\/en\/polityka-prywatnosci\/\" target=\"_blank\">Polityki prywatno\u015bci.<\/a><\/label><\/li><\/ul><\/div><\/div><div class=\"wpforms-field wpforms-field-hp\"><label for=\"wpforms-4119-field-hp\" class=\"wpforms-field-label\">Comment<\/label><input type=\"text\" name=\"wpforms[hp]\" id=\"wpforms-4119-field-hp\" class=\"wpforms-field-medium\"><\/div><input type=\"hidden\" name=\"wpforms[recaptcha]\" value=\"\"><div class=\"wpforms-submit-container\" ><input type=\"hidden\" name=\"wpforms[id]\" value=\"4119\"><input type=\"hidden\" name=\"wpforms[author]\" value=\"3\"><button type=\"submit\" name=\"wpforms[submit]\" class=\"wpforms-submit tt_button\" id=\"wpforms-submit-4119\" value=\"wpforms-submit\" aria-live=\"assertive\" data-alt-text=\"Wysy\u0142anie...\" data-submit-text=\"Wyslij\">Wyslij<\/button><\/div><input type=\"hidden\" name=\"trp-form-language\" value=\"en\"\/><\/form><\/div>  <!-- .wpforms-container --><\/div><\/div><\/div><\/div><div class=\"vc_row wpb_row vc_inner vc_row-fluid vc_row-bg-position-top\"><div class=\"wpb_column vc_column_container vc_col-sm-8\"><div class=\"vc_column-inner vc_custom_1705400015834   vc_custom_1705400015836\"><div class=\"wpb_wrapper\">\n\t<div  class=\"wpb_single_image wpb_content_element vc_align_left\">\n\t\t\n\t\t<figure class=\"wpb_wrapper vc_figure\">\n\t\t\t<div class=\"vc_single_image-wrapper   vc_box_border_grey\"><img decoding=\"async\" class=\"vc_single_image-img\"  src=\"https:\/\/brandsoul.pl\/wp-content\/uploads\/2024\/01\/oferteo_loga_stopka_www.png\" \/><\/div>\n\t\t<\/figure>\n\t<\/div>\n<\/div><\/div><\/div><div class=\"wpb_column vc_column_container vc_col-sm-4\"><div class=\"vc_column-inner\"><div class=\"wpb_wrapper\"><\/div><\/div><\/div><\/div><\/div><\/div><\/div><\/div><div class=\"vc_row-full-width vc_clearfix\"><\/div>\n<\/section>","protected":false},"excerpt":{"rendered":"Strona internetowa dla firmy to ju\u017c dzi\u015b podstawa prowadzenia biznesu. Profesjonalna strona internetowa wp\u0142ywa na budowanie wizerunku marki, pozyskiwanie klient\u00f3w, edukacj\u0119 klient\u00f3w. Przed stworzeniem strony internetowej nale\u017cy przygotowa\u0107 efektywn\u0105 strategi\u0119 jej zaprojektowania, aby by\u0142a sp\u00f3jna z celami biznesowymi. Nasza firma ch\u0119tnie doradzi kompleksowo w tym zakresie.Zakres ofertyW ramach us\u0142ug zaprojektowania [...]","protected":false},"author":3,"featured_media":0,"parent":2217,"menu_order":132,"comment_status":"closed","ping_status":"closed","template":"","meta":{"_themeisle_gutenberg_block_has_review":false,"footnotes":""},"class_list":["post-2513","page","type-page","status-publish","hentry"],"aioseo_notices":[],"_links":{"self":[{"href":"https:\/\/brandsoul.pl\/en\/wp-json\/wp\/v2\/pages\/2513","targetHints":{"allow":["GET"]}}],"collection":[{"href":"https:\/\/brandsoul.pl\/en\/wp-json\/wp\/v2\/pages"}],"about":[{"href":"https:\/\/brandsoul.pl\/en\/wp-json\/wp\/v2\/types\/page"}],"author":[{"embeddable":true,"href":"https:\/\/brandsoul.pl\/en\/wp-json\/wp\/v2\/users\/3"}],"replies":[{"embeddable":true,"href":"https:\/\/brandsoul.pl\/en\/wp-json\/wp\/v2\/comments?post=2513"}],"version-history":[{"count":18,"href":"https:\/\/brandsoul.pl\/en\/wp-json\/wp\/v2\/pages\/2513\/revisions"}],"predecessor-version":[{"id":13452,"href":"https:\/\/brandsoul.pl\/en\/wp-json\/wp\/v2\/pages\/2513\/revisions\/13452"}],"up":[{"embeddable":true,"href":"https:\/\/brandsoul.pl\/en\/wp-json\/wp\/v2\/pages\/2217"}],"wp:attachment":[{"href":"https:\/\/brandsoul.pl\/en\/wp-json\/wp\/v2\/media?parent=2513"}],"curies":[{"name":"wp","href":"https:\/\/api.w.org\/{rel}","templated":true}]}}