{"id":2579,"date":"2020-06-26T14:10:45","date_gmt":"2020-06-26T14:10:45","guid":{"rendered":"https:\/\/host9.nstrefa.pl\/brandosul\/?page_id=2579"},"modified":"2023-03-27T13:00:24","modified_gmt":"2023-03-27T13:00:24","slug":"konsultacja-marketingowa-on-line","status":"publish","type":"page","link":"https:\/\/brandsoul.pl\/en\/konsultacja-marketingowa-on-line\/","title":{"rendered":"Konsultacja marketingowa online"},"content":{"rendered":"<section class=\"wpb-content-wrapper\"><div class=\"vc_row wpb_row vc_row-fluid vc_row-bg-position-top\"><div class=\"wpb_column vc_column_container vc_col-sm-12\"><div class=\"vc_column-inner\"><div class=\"wpb_wrapper\"><div class=\"vc_row wpb_row vc_inner vc_row-fluid vc_custom_1675715238524 vc_custom_1675715238525 vc_row-has-padding-top vc_row-has-padding-bottom vc_row-bg-position-top\"><div class=\"wpb_column vc_column_container vc_col-sm-12 vc_col-lg-offset-0 vc_col-lg-6 vc_col-md-offset-0 vc_col-sm-offset-0\"><div class=\"vc_column-inner vc_custom_1598626887631  vc_custom_1598626887632 vc_custom_1598626887633\"><div class=\"wpb_wrapper\"><header class=\"kd-section-title col-lg-12 text-left  subtitle-below-title kd-animated fadeIn   vc_custom_1675714723612\" data-animation-delay=\"200\"><h2 class=\"separator_off\" style=\"color: #000000;font-size: 24px;margin-bottom:30px;\">Konsultacja<br \/>\nmarketingowa<\/h2><h6 class=\"subtitle\" style=\"color: #696969;font-size:16px;\">Konsultacja marketingowa on-line to us\u0142uga, z kt\u00f3rej mo\u017cesz skorzysta\u0107, gdy potrzebujesz szybkiej, konkretnej i eksperckiej porady w zakresie marketingu.<\/p>\n<p>Wystarczy, \u017ce zadzwonisz lub napiszesz i um\u00f3wisz si\u0119 z nami na dogodny dla Ciebie termin.<\/h6><\/header><\/div><\/div><\/div><div class=\"wpb_column vc_column_container vc_col-sm-12 vc_col-lg-6\"><div class=\"vc_column-inner vc_custom_1672144524965 vc_custom_1672144524966 vc_custom_1672144524966 vc_custom_1672144524966\"><div class=\"wpb_wrapper\"><header class=\"kd-section-title col-lg-12 text-left  subtitle-below-title kd-animated fadeIn   vc_custom_1675714503829\" data-animation-delay=\"200\"><h2 class=\"separator_off\" style=\"color: #000000;font-size: 24px;margin-bottom:30px;\">Jak dzia\u0142a us\u0142uga konsultacji (porady) marketingowej on-line?<\/h2><h6 class=\"subtitle\" style=\"color: #696969;font-size:16px;\">Napisz do nas na adres: info@brandsoul.pl lub zadzwo\u0144 +48 668 130 202 i um\u00f3w si\u0119 na dogodny dla Ciebie termin. Zapewniamy Tobie mo\u017cliwo\u015b\u0107 skorzystania z konsultacji ni p\u00f3\u017aniej ni\u017c w ci\u0105gu 12 godzin roboczych.<\/h6><\/header><\/div><\/div><\/div><\/div><\/div><\/div><\/div><\/div><div data-vc-full-width=\"true\" data-vc-full-width-init=\"false\" class=\"vc_row wpb_row vc_row-fluid vc_custom_1675715324387 vc_row-has-fill vc_row-has-padding-top vc_row-has-padding-bottom vc_row-bg-position-top\"><div class=\"wpb_column vc_column_container vc_col-sm-12\"><div class=\"vc_column-inner\"><div class=\"wpb_wrapper\">\n\t<div class=\"wpb_text_column wpb_content_element\" >\n\t\t<div class=\"wpb_wrapper\">\n\t\t\t<p><strong>Je\u015bli sprawa jest bardzo pilna i wymaga konsultacji w trybie pilnym, poinformuj nas o tym, a postaramy si\u0119 zaproponowa\u0107 Tobie szybszy termin.<\/strong><\/p>\n<p><strong>Koszt konsultacji marketingowej to 100 z\u0142 netto<\/strong>\u00a0(maksymalny czas rozmowy 40 min). Aby skorzysta\u0107 z konsultacji konieczne jest wcze\u015bniejsze uregulowanie faktury pro-forma. Kolejno otrzymasz faktur\u0119 VAT.<\/p>\n\n\t\t<\/div>\n\t<\/div>\n<\/div><\/div><\/div><\/div><div class=\"vc_row-full-width vc_clearfix\"><\/div><div class=\"vc_row wpb_row vc_row-fluid vc_custom_1675715343583 vc_row-has-padding-top vc_row-bg-position-top\"><div class=\"wpb_column vc_column_container vc_col-sm-12\"><div class=\"vc_column-inner\"><div class=\"wpb_wrapper\"><div class=\"vc_row wpb_row vc_inner vc_row-fluid vc_custom_1675715363503 vc_custom_1675715363504 vc_row-has-padding-top vc_row-has-padding-bottom vc_row-bg-position-top\"><div class=\"wpb_column vc_column_container vc_col-sm-12 vc_col-lg-offset-0 vc_col-lg-6 vc_col-md-offset-0 vc_col-sm-offset-0\"><div class=\"vc_column-inner vc_custom_1598626887631  vc_custom_1598626887632 vc_custom_1598626887633\"><div class=\"wpb_wrapper\"><header class=\"kd-section-title col-lg-12 text-left  subtitle-below-title kd-animated fadeIn   vc_custom_1675714778938\" data-animation-delay=\"200\"><h2 class=\"separator_off\" style=\"color: #000000;font-size: 24px;margin-bottom:30px;\">Kiedy warto skorzysta\u0107 z konsultacji marketingowej on-line?<\/h2><\/header><ul class=\"kd-icon-list\" ><li class=\"kd-icon-list-item\"><div class=\"kd-icon-wrapper icon-simple\" ><i class=\"fas fa-chevron-circle-right\" ><\/i><\/div><span class=\"kd-list-text\" style=\"color: #7b7b7b;\">Potrzebujesz uzyska\u0107 szybko informacji na temat wykonania okre\u015blonych dzia\u0142a\u0144 marketingowych i nie wiesz jak to zrobi\u0107, albo czy dzia\u0142anie jest poprawne?<\/span><\/li><li class=\"kd-icon-list-item\"><div class=\"kd-icon-wrapper icon-simple\" ><i class=\"fas fa-chevron-circle-right\" ><\/i><\/div><span class=\"kd-list-text\" style=\"color: #7b7b7b;\">Zosta\u0142e\u015b pozostawiony sam\/sama z realizacj\u0105 dzia\u0142a\u0144 marketingowych, kt\u00f3re zosta\u0142y Ci przekazane przez osob\u0119, kt\u00f3ra wcze\u015bniej zajmowa\u0142a si\u0119 marketingiem i potrzebujesz wsparcia (supportu) marketingowego?<\/span><\/li><li class=\"kd-icon-list-item\"><div class=\"kd-icon-wrapper icon-simple\" ><i class=\"fas fa-chevron-circle-right\" ><\/i><\/div><span class=\"kd-list-text\" style=\"color: #7b7b7b;\">Chcesz podj\u0105\u0107 jakie\u015b dzia\u0142ania marketingowe np. za\u0142o\u017cy\u0107 profil firmowy w mediach spo\u0142eczno\u015bciowych, przeprowadzi\u0107 reklam\u0119 na FB, skonsultowa\u0107 wybrane miejsca reklamowe, ustawi\u0107 kampani\u0119 reklamow\u0105 GOOGLE ADS itp. ?<\/span><\/li><li class=\"kd-icon-list-item\"><div class=\"kd-icon-wrapper icon-simple\" ><i class=\"fas fa-chevron-circle-right\" ><\/i><\/div><span class=\"kd-list-text\" style=\"color: #7b7b7b;\">Masz w\u0105tpliwo\u015bci w kwestii polityki RODO (w kontek\u015bcie marketingu)?<\/span><\/li><li class=\"kd-icon-list-item\"><div class=\"kd-icon-wrapper icon-simple\" ><i class=\"fas fa-chevron-circle-right\" ><\/i><\/div><span class=\"kd-list-text\" style=\"color: #7b7b7b;\">Masz problem marketingowo \u2013 sprzeda\u017cowy \u2013 pomo\u017cemy!<\/span><\/li><li class=\"kd-icon-list-item\"><div class=\"kd-icon-wrapper icon-simple\" ><i class=\"fas fa-chevron-circle-right\" ><\/i><\/div><span class=\"kd-list-text\" style=\"color: #7b7b7b;\">Skorzystaj z naszego 10 letniego do\u015bwiadczenia w budowaniu i zarz\u0105dzaniu marketingiem i wsparciem sprzeda\u017cy w ma\u0142ych i \u015brednich firmach.<\/span><\/li><\/ul><\/div><\/div><\/div><div class=\"wpb_column vc_column_container vc_col-sm-12 vc_col-lg-6\"><div class=\"vc_column-inner vc_custom_1606228210691 vc_custom_1606228210692 vc_custom_1606228210693 vc_custom_1606228210694\"><div class=\"wpb_wrapper\"><header class=\"kd-section-title col-lg-12 text-left  subtitle-below-title kd-animated fadeIn   vc_custom_1675714802068\" data-animation-delay=\"200\"><h2 class=\"separator_off\" style=\"color: #000000;font-size: 24px;margin-bottom:30px;\">Najcz\u0119\u015bciej wybierana tematyka konsultacji:<\/h2><\/header><ul class=\"kd-icon-list\" ><li class=\"kd-icon-list-item\"><div class=\"kd-icon-wrapper icon-simple\" ><i class=\"fas fa-chevron-circle-right\" ><\/i><\/div><span class=\"kd-list-text\" style=\"color: #7b7b7b;\">Jak za\u0142o\u017cy\u0107 profil na FB, instagramie i rozpocz\u0105\u0107 publikacj\u0119 post\u00f3w?<\/span><\/li><li class=\"kd-icon-list-item\"><div class=\"kd-icon-wrapper icon-simple\" ><i class=\"fas fa-chevron-circle-right\" ><\/i><\/div><span class=\"kd-list-text\" style=\"color: #7b7b7b;\">Jak ustawi\u0107 kampani\u0119 reklamow\u0119 w GOOGLE ADS?<\/span><\/li><li class=\"kd-icon-list-item\"><div class=\"kd-icon-wrapper icon-simple\" ><i class=\"fas fa-chevron-circle-right\" ><\/i><\/div><span class=\"kd-list-text\" style=\"color: #7b7b7b;\">Jak za\u0142o\u017cy\u0107 mapk\u0119 lokaln\u0105 w Google?<\/span><\/li><li class=\"kd-icon-list-item\"><div class=\"kd-icon-wrapper icon-simple\" ><i class=\"fas fa-chevron-circle-right\" ><\/i><\/div><span class=\"kd-list-text\" style=\"color: #7b7b7b;\">Czy mam poprawny regulamin newslettera? Zgodny z RODO?<\/span><\/li><li class=\"kd-icon-list-item\"><div class=\"kd-icon-wrapper icon-simple\" ><i class=\"fas fa-chevron-circle-right\" ><\/i><\/div><span class=\"kd-list-text\" style=\"color: #7b7b7b;\">Jak stworzy\u0107 efektywny plan marketingowy?<\/span><\/li><li class=\"kd-icon-list-item\"><div class=\"kd-icon-wrapper icon-simple\" ><i class=\"fas fa-chevron-circle-right\" ><\/i><\/div><span class=\"kd-list-text\" style=\"color: #7b7b7b;\">Jak wypromowa\u0107 stron\u0119 na Facebook?<\/span><\/li><li class=\"kd-icon-list-item\"><div class=\"kd-icon-wrapper icon-simple\" ><i class=\"fas fa-chevron-circle-right\" ><\/i><\/div><span class=\"kd-list-text\" style=\"color: #7b7b7b;\">Jakie media spo\u0142eczno\u015bciowe wybra\u0107 dla mojej firmy?<\/span><\/li><li class=\"kd-icon-list-item\"><div class=\"kd-icon-wrapper icon-simple\" ><i class=\"fas fa-chevron-circle-right\" ><\/i><\/div><span class=\"kd-list-text\" style=\"color: #7b7b7b;\">Czy te dzia\u0142ania marketingowe s\u0105 wystarczaj\u0105ce dla mojej firmy?<\/span><\/li><\/ul><\/div><\/div><\/div><\/div><\/div><\/div><\/div><\/div><div class=\"vc_row wpb_row vc_row-fluid vc_custom_1675715411960 vc_row-has-padding-top vc_row-bg-position-top\"><div class=\"wpb_column vc_column_container vc_col-sm-12\"><div class=\"vc_column-inner\"><div class=\"wpb_wrapper\">\n\t<div class=\"wpb_text_column wpb_content_element\" >\n\t\t<div class=\"wpb_wrapper\">\n\t\t\t<div class=\"wpforms-container wpforms-container-full wycena\" id=\"wpforms-2972\"><form id=\"wpforms-form-2972\" class=\"wpforms-validate wpforms-form\" data-formid=\"2972\" method=\"post\" enctype=\"multipart\/form-data\" action=\"\/en\/wp-json\/wp\/v2\/pages\/2579\" data-trp-original-action=\"\/en\/wp-json\/wp\/v2\/pages\/2579\"><noscript class=\"wpforms-error-noscript\">Please enable JavaScript in your browser to complete this form.<\/noscript><div class=\"wpforms-field-container\"><div id=\"wpforms-2972-field_2-container\" class=\"wpforms-field wpforms-field-text\" data-field-id=\"2\"><label class=\"wpforms-field-label\" for=\"wpforms-2972-field_2\">Imi\u0119 i nazwisko <span class=\"wpforms-required-label\">*<\/span><\/label><input type=\"text\" id=\"wpforms-2972-field_2\" class=\"wpforms-field-medium wpforms-field-required\" name=\"wpforms[fields][2]\" required><\/div><div id=\"wpforms-2972-field_3-container\" class=\"wpforms-field wpforms-field-email\" data-field-id=\"3\"><label class=\"wpforms-field-label\" for=\"wpforms-2972-field_3\">E-mail <span class=\"wpforms-required-label\">*<\/span><\/label><input type=\"email\" id=\"wpforms-2972-field_3\" class=\"wpforms-field-medium wpforms-field-required\" name=\"wpforms[fields][3]\" required><\/div><div id=\"wpforms-2972-field_10-container\" class=\"wpforms-field wpforms-field-text\" data-field-id=\"10\"><label class=\"wpforms-field-label\" for=\"wpforms-2972-field_10\">Firma<\/label><input type=\"text\" id=\"wpforms-2972-field_10\" class=\"wpforms-field-medium\" name=\"wpforms[fields][10]\" ><\/div><div id=\"wpforms-2972-field_8-container\" class=\"wpforms-field wpforms-field-text\" data-field-id=\"8\"><label class=\"wpforms-field-label\" for=\"wpforms-2972-field_8\">Telefon <span class=\"wpforms-required-label\">*<\/span><\/label><input type=\"text\" id=\"wpforms-2972-field_8\" class=\"wpforms-field-medium wpforms-field-required\" name=\"wpforms[fields][8]\" required><\/div><div id=\"wpforms-2972-field_1-container\" class=\"wpforms-field wpforms-field-select wpforms-field-select-style-classic\" data-field-id=\"1\"><label class=\"wpforms-field-label\" for=\"wpforms-2972-field_1\">Zakres konsultacji do wyboru <span class=\"wpforms-required-label\">*<\/span><\/label><select id=\"wpforms-2972-field_1\" class=\"wpforms-field-medium wpforms-field-required\" name=\"wpforms[fields][1]\" required=\"required\"><option value=\"konsultacja marketingowa\" >konsultacja marketingowa<\/option><option value=\"konsultacja w zakresie zarz\u0105dzania firm\u0105\" >konsultacja w zakresie zarz\u0105dzania firm\u0105<\/option><option value=\"konsultacja sprzeda\u017cowa\" >konsultacja sprzeda\u017cowa<\/option><option value=\"konsultacja w zakresie prowadzenia social media,\" >konsultacja w zakresie prowadzenia social media,<\/option><option value=\"onsultacja w zakresie wprowadzenia nowego produktu na rynek\" >onsultacja w zakresie wprowadzenia nowego produktu na rynek<\/option><option value=\"konsultacja w zakresie strategii\" >konsultacja w zakresie strategii<\/option><option value=\" inne\" > inne<\/option><\/select><\/div><div id=\"wpforms-2972-field_12-container\" class=\"wpforms-field wpforms-field-date-time\" data-field-id=\"12\"><label class=\"wpforms-field-label\" for=\"wpforms-2972-field_12\">Preferowany termin konsultacji <\/label><div class=\"wpforms-field-row wpforms-field-medium\"><div class=\"wpforms-field-row-block wpforms-one-half wpforms-first\"><div class=\"wpforms-datepicker-wrap\"><input type=\"text\" id=\"wpforms-2972-field_12\" class=\"wpforms-field-date-time-date wpforms-datepicker\" data-date-format=\"m\/d\/Y\" data-input=\"true\" name=\"wpforms[fields][12][date]\" ><a title=\"Clear Date\" data-clear class=\"wpforms-datepicker-clear\" style=\"display:none;\"><\/a><\/div><label for=\"wpforms-2972-field_12\" class=\"wpforms-field-sublabel after\">Date<\/label><\/div><div class=\"wpforms-field-row-block wpforms-one-half\"><input type=\"text\" id=\"wpforms-2972-field_12-time\" class=\"wpforms-field-date-time-time wpforms-timepicker\" data-rule-time12h=\"true\" data-time-format=\"g:i A\" data-step=\"30\" name=\"wpforms[fields][12][time]\" ><label for=\"wpforms-2972-field_12-time\" class=\"wpforms-field-sublabel after\">Time<\/label><\/div><\/div><\/div><div id=\"wpforms-2972-field_5-container\" class=\"wpforms-field wpforms-field-textarea\" data-field-id=\"5\"><label class=\"wpforms-field-label\" for=\"wpforms-2972-field_5\">Uwagi<\/label><textarea id=\"wpforms-2972-field_5\" class=\"wpforms-field-medium\" name=\"wpforms[fields][5]\" ><\/textarea><\/div><div id=\"wpforms-2972-field_6-container\" class=\"wpforms-field wpforms-field-checkbox\" data-field-id=\"6\"><ul id=\"wpforms-2972-field_6\" class=\"wpforms-field-required\"><li class=\"choice-1 depth-1\"><input type=\"checkbox\" id=\"wpforms-2972-field_6_1\" name=\"wpforms[fields][6][]\" value=\"Akceptuj\u0119 warunki &lt;a href=&quot;https:\/\/brandsoul.pl\/polityka-prywatnosci\/&quot; target=&quot;_blank&quot;&gt;Polityki prywatno\u015bci.&lt;\/a&gt;\" required><label class=\"wpforms-field-label-inline\" for=\"wpforms-2972-field_6_1\">Akceptuj\u0119 warunki <a href=\"https:\/\/brandsoul.pl\/en\/polityka-prywatnosci\/\" target=\"_blank\">Polityki prywatno\u015bci.<\/a><\/label><\/li><\/ul><\/div><\/div><div class=\"wpforms-field wpforms-field-hp\"><label for=\"wpforms-2972-field-hp\" class=\"wpforms-field-label\">Email<\/label><input type=\"text\" name=\"wpforms[hp]\" id=\"wpforms-2972-field-hp\" class=\"wpforms-field-medium\"><\/div><input type=\"hidden\" name=\"wpforms[recaptcha]\" value=\"\"><div class=\"wpforms-submit-container\" ><input type=\"hidden\" name=\"wpforms[id]\" value=\"2972\"><input type=\"hidden\" name=\"wpforms[author]\" value=\"3\"><button type=\"submit\" name=\"wpforms[submit]\" class=\"wpforms-submit\" id=\"wpforms-submit-2972\" value=\"wpforms-submit\" aria-live=\"assertive\" data-alt-text=\"Wysy\u0142anie...\" data-submit-text=\"Wyslij\">Wyslij<\/button><\/div><input type=\"hidden\" name=\"trp-form-language\" value=\"en\"\/><\/form><\/div>  <!-- .wpforms-container -->\n\n\t\t<\/div>\n\t<\/div>\n<\/div><\/div><\/div><\/div>\n<\/section>","protected":false},"excerpt":{"rendered":"Konsultacja marketingowaKonsultacja marketingowa on-line to us\u0142uga, z kt\u00f3rej mo\u017cesz skorzysta\u0107, gdy potrzebujesz szybkiej, konkretnej i eksperckiej porady w zakresie marketingu. Wystarczy, \u017ce zadzwonisz lub napiszesz i um\u00f3wisz si\u0119 z nami na dogodny dla Ciebie termin.Jak dzia\u0142a us\u0142uga konsultacji (porady) marketingowej on-line?Napisz do nas na adres: info@brandsoul.pl lub zadzwo\u0144 +48 668 [...]","protected":false},"author":3,"featured_media":0,"parent":0,"menu_order":85,"comment_status":"closed","ping_status":"closed","template":"","meta":{"_themeisle_gutenberg_block_has_review":false,"footnotes":""},"class_list":["post-2579","page","type-page","status-publish","hentry"],"aioseo_notices":[],"_links":{"self":[{"href":"https:\/\/brandsoul.pl\/en\/wp-json\/wp\/v2\/pages\/2579","targetHints":{"allow":["GET"]}}],"collection":[{"href":"https:\/\/brandsoul.pl\/en\/wp-json\/wp\/v2\/pages"}],"about":[{"href":"https:\/\/brandsoul.pl\/en\/wp-json\/wp\/v2\/types\/page"}],"author":[{"embeddable":true,"href":"https:\/\/brandsoul.pl\/en\/wp-json\/wp\/v2\/users\/3"}],"replies":[{"embeddable":true,"href":"https:\/\/brandsoul.pl\/en\/wp-json\/wp\/v2\/comments?post=2579"}],"version-history":[{"count":22,"href":"https:\/\/brandsoul.pl\/en\/wp-json\/wp\/v2\/pages\/2579\/revisions"}],"predecessor-version":[{"id":11846,"href":"https:\/\/brandsoul.pl\/en\/wp-json\/wp\/v2\/pages\/2579\/revisions\/11846"}],"wp:attachment":[{"href":"https:\/\/brandsoul.pl\/en\/wp-json\/wp\/v2\/media?parent=2579"}],"curies":[{"name":"wp","href":"https:\/\/api.w.org\/{rel}","templated":true}]}}