{"id":2612,"date":"2020-06-29T11:34:14","date_gmt":"2020-06-29T11:34:14","guid":{"rendered":"https:\/\/host9.nstrefa.pl\/brandosul\/?page_id=2612"},"modified":"2026-01-01T18:11:48","modified_gmt":"2026-01-01T18:11:48","slug":"opinie","status":"publish","type":"page","link":"https:\/\/brandsoul.pl\/en\/o-nas\/opinie\/","title":{"rendered":"Opinie"},"content":{"rendered":"<section class=\"wpb-content-wrapper\"><div data-vc-full-width=\"true\" data-vc-full-width-init=\"false\" class=\"vc_row wpb_row vc_row-fluid vc_custom_1701021238948 vc_row-has-padding-top vc_row-has-padding-bottom vc_row-bg-position-top\"><div class=\"wpb_column vc_column_container vc_col-sm-12\"><div class=\"vc_column-inner\"><div class=\"wpb_wrapper\"><h2 style=\"font-size: 36px;color: #000000;text-align: center\" class=\"vc_custom_heading wpb_animate_when_almost_visible wpb_fadeIn fadeIn\" >Opinie o nas<\/h2><\/div><\/div><\/div><\/div><div class=\"vc_row-full-width vc_clearfix\"><\/div><div data-vc-full-width=\"true\" data-vc-full-width-init=\"false\" class=\"vc_row wpb_row vc_row-fluid vc_custom_1701021232572 vc_row-has-padding-top vc_row-has-padding-bottom vc_row-bg-position-top\"><div class=\"wpb_column vc_column_container vc_col-sm-6\"><div class=\"vc_column-inner vc_custom_1701021407572\"><div class=\"wpb_wrapper\">\n                <div class=\"key-reviews single-review-box kd-animated fadeInUp mojeopinie\" style=\"background-color: #121212;\" ><div class=\"rw-author-details\"><h5 >Paulina G.<\/h5>\n                      <p ><\/p>\n                    <\/div><h4 class=\"rw_title\" style=\"color: #e3cb71;\">Pasja i profesjonalizm!<\/h4><div class=\"rw_message\" style=\"color: #ffffff;\">Pe\u0142en profesjonalizm, szybka reakcja na kontakt, \u017cyczliwo\u015b\u0107 i dynamizm dzia\u0142ania.<\/div><\/div>\n                <div class=\"key-reviews single-review-box kd-animated fadeInUp mojeopinie\" style=\"background-color: #121212;\" data-animation-delay=\"200\"><div class=\"rw-author-details\"><h5 >Dorota R.<\/h5>\n                      <p ><\/p>\n                    <\/div><h4 class=\"rw_title\" style=\"color: #e3cb71;\">\u015awietna wsp\u00f3\u0142praca<\/h4><div class=\"rw_message\" style=\"color: #ffffff;\">Wysoko oceniam wsp\u00f3\u0142prac\u0119 ze Studiem Marki Brandsoul i na pewno ch\u0119tnie skorzystam z ich kreatywno\u015bci w przysz\u0142o\u015bci.<\/div><\/div>\n                <div class=\"key-reviews single-review-box kd-animated fadeInUp mojeopinie\" style=\"background-color: #121212;\" data-animation-delay=\"200\"><div class=\"rw-author-details\"><h5 >Ewa F.<\/h5>\n                      <p ><\/p>\n                    <\/div><h4 class=\"rw_title\" style=\"color: #e3cb71;\">Szybka reakcja i \u015bwietny kontakt<\/h4><div class=\"rw_message\" style=\"color: #ffffff;\">Pe\u0142en profesjonalizm, szybka reakcja na kontakt, \u017cyczliwo\u015b\u0107 i dynamizm dzia\u0142ania.<\/div><\/div>\n                <div class=\"key-reviews single-review-box kd-animated fadeInUp mojeopinie\" style=\"background-color: #121212;\" data-animation-delay=\"200\"><div class=\"rw-author-details\"><h5 >Natalia B.<\/h5>\n                      <p ><\/p>\n                    <\/div><h4 class=\"rw_title\" style=\"color: #e3cb71;\">Sprawnie i konkretnie<\/h4><div class=\"rw_message\" style=\"color: #ffffff;\">Pani Agnieszka jest bardzo zaanga\u017cowana, z \u0142atwo\u015bci\u0105 porusza si\u0119 w ka\u017cdej bran\u017cy. Spotkania z ni\u0105 s\u0105 uporz\u0105dkowane, konkretne i zawsze przesy\u0142a podsumowania. Wsp\u00f3\u0142praca jest przejrzysta. Polecam!<\/div><\/div>\n                <div class=\"key-reviews single-review-box kd-animated fadeInUp mojeopinie\" style=\"background-color: #121212;\" data-animation-delay=\"200\"><div class=\"rw-author-details\"><h5 >Anna M.<\/h5>\n                      <p ><\/p>\n                    <\/div><h4 class=\"rw_title\" style=\"color: #e3cb71;\">Pe\u0142en profesjonalizm<\/h4><div class=\"rw_message\" style=\"color: #ffffff;\">Profesjonalizm, zaanga\u017cowanie, indywidualne podej\u015bcie do klienta, kreatywno\u015b\u0107, skuteczno\u015b\u0107 dzia\u0142ania to tylko kilka zalet Pani Agnieszki, kt\u00f3rych ma bardzo du\u017co :). Wsp\u00f3\u0142praca na najwy\u017cszym mo\u017cliwym poziomie. Polecamy!<\/div><\/div>\n                <div class=\"key-reviews single-review-box kd-animated fadeInUp mojeopinie\" style=\"background-color: #121212;\" ><div class=\"rw-author-details\"><h5 >Adrian<\/h5>\n                      <p ><\/p>\n                    <\/div><div class=\"rw_message\" style=\"color: #ffffff;\">Ich wsparcie w obszarze digital marketingu pomog\u0142o nam zwi\u0119kszy\u0107 nasz\u0105 obecno\u015b\u0107 w mediach spo\u0142eczno\u015bciowych.<\/div><\/div>\n                <div class=\"key-reviews single-review-box kd-animated fadeInUp mojeopinie\" style=\"background-color: #121212;\" data-animation-delay=\"200\"><div class=\"rw-author-details\"><h5 >Adam<\/h5>\n                      <p ><\/p>\n                    <\/div><div class=\"rw_message\" style=\"color: #ffffff;\">Zesp\u00f3\u0142 Brandsoul jest profesjonalny i zawsze gotowy do podj\u0119cia nowych wyzwa\u0144.<\/div><\/div>\n                <div class=\"key-reviews single-review-box kd-animated fadeInUp mojeopinie\" style=\"background-color: #121212;\" data-animation-delay=\"200\"><div class=\"rw-author-details\"><h5 >Jacek<\/h5>\n                      <p ><\/p>\n                    <\/div><div class=\"rw_message\" style=\"color: #ffffff;\">Agencja si\u0119 bardzo anga\u017cuje, us\u0142uga jest w dobrej cenie patrz\u0105c na to co uzyska\u0142em. \u015awietna opcja dla \u015bwie\u017cych firm.<\/div><\/div>\n                <div class=\"key-reviews single-review-box kd-animated fadeInUp mojeopinie\" style=\"background-color: #121212;\" data-animation-delay=\"200\"><div class=\"rw-author-details\"><h5 >Igor<\/h5>\n                      <p ><\/p>\n                    <\/div><div class=\"rw_message\" style=\"color: #ffffff;\">Mog\u0119 ich poleci\u0107 z czystym sumieniem. Zainteresowanie moj\u0105 firm\u0105 wzros\u0142o nieprawdopodobnie od kiedy zacz\u0119li\u015bmy nasz\u0105 wsp\u00f3\u0142prace. Dla mnie rewelacja.<\/div><\/div>\n                <div class=\"key-reviews single-review-box kd-animated fadeInUp mojeopinie\" style=\"background-color: #121212;\" data-animation-delay=\"200\"><div class=\"rw-author-details\"><h5 >Justyna<\/h5>\n                      <p ><\/p>\n                    <\/div><div class=\"rw_message\" style=\"color: #ffffff;\">Konsultacja z pani\u0105 Agnieszk\u0105 by\u0142a merytoryczna i odkrywcza, szczerze polecam<\/div><\/div>\n                <div class=\"key-reviews single-review-box kd-animated fadeInUp mojeopinie\" style=\"background-color: #121212;\" data-animation-delay=\"200\"><div class=\"rw-author-details\"><h5 >Gabriela<\/h5>\n                      <p ><\/p>\n                    <\/div><div class=\"rw_message\" style=\"color: #ffffff;\">polecam bo : \u015bwietny kontakt, dobra i pobudzaj\u0105ca energia, otrzyma\u0142am to, czego oczekiwa\u0142am i jeszcze duuuuuuuu\u017co wi\u0119cej \/ dzi\u0119kuj\u0119 Agnieszko za spotkanie i Twoje zaanga\u017cowanie w moje biznesowe zapytania ! s\u0105 ju\u017c pierwsze efekty !! do zobaczenia !<\/div><\/div><\/div><\/div><\/div><div class=\"wpb_column vc_column_container vc_col-sm-6\"><div class=\"vc_column-inner\"><div class=\"wpb_wrapper\">\n\t<div class=\"wpb_raw_code wpb_content_element wpb_raw_html vc_custom_1700742263386\" >\n\t\t<div class=\"wpb_wrapper\">\n\t\t\t<div class=\"oferteo-widget\"><a class=\"widget-url\" href=\"https:\/\/brandsoul.oferteo.pl\/#opinie\">Studio Marki Brandsoul Sp. z o.o.<\/a><div class=\"ofe-3893317-20 width-1\/5\"><\/div><script>var tab = tab || []; tab.push(function() { var token = Math.random().toString(36).substr(2) + Math.random().toString(36).substr(2); var script = document.createElement(\"script\"); script.src = \"https:\/\/www.oferteo.pl\/widget\/firma\/20\/3893317?ext=62-0-1&token=\" + token; document.body.appendChild(script);});for (i = 0; i < tab.length; i++) { tab[i](); tab.pop(); }<\/script><\/div>\n\t\t<\/div>\n\t<\/div>\n<\/div><\/div><\/div><\/div><div class=\"vc_row-full-width vc_clearfix\"><\/div><div data-vc-full-width=\"true\" data-vc-full-width-init=\"false\" class=\"vc_row wpb_row vc_row-fluid vc_custom_1672148395346 vc_row-has-fill vc_row-bg-position-top\"><div class=\"wpb_column vc_column_container vc_col-sm-12\"><div class=\"vc_column-inner\"><div class=\"wpb_wrapper\"><div class=\"kd-calltoaction\" >\n                <div class=\"container\">\n                  <div class=\"cta-text-container kd-animated fadeIn\" data-animation-delay=\"200\"><div class=\"cta-text\"><h5 style=\"color: #000000;\">Um\u00f3w si\u0119 na spotkanie. Poznajmy si\u0119!<\/h5><\/div>\n                    <\/div>\n                    <div class=\"cta-btncontainer\"><a href=\"https:\/\/brandsoul.pl\/en\/kontakt\/\"  title=\"Kontakt\" class=\"tt_button tt_secondary_button btn_secondary_color  button-action-link icon_right kd-animated zoomIn\" data-animation-delay=\"200\">Porozmawiajmy!<span class=\"fas fa-chevron-right iconita\" ><\/span><\/a><\/div>\n                <\/div>\n            <\/div><\/div><\/div><\/div><\/div><div class=\"vc_row-full-width vc_clearfix\"><\/div><div data-vc-full-width=\"true\" data-vc-full-width-init=\"false\" class=\"vc_row wpb_row vc_row-fluid vc_custom_1672210727475 vc_row-has-padding-top vc_row-has-padding-bottom vc_row-bg-position-top\"><div class=\"wpb_column vc_column_container vc_col-sm-12\"><div class=\"vc_column-inner\"><div class=\"wpb_wrapper\"><div class=\"key-icon-box icon-default  cont-center ib-no-effect       kd-animated fadeIn\" style=\"background-color: transparent;margin-top:40px;margin-bottom:40px;\" data-animation-delay=\"200\"><h1 class=\"service-heading\" style=\"color: #000000;\">Sprawd\u017a opinie o nas:<\/h1><\/div><div class=\"vc_row wpb_row vc_inner vc_row-fluid vc_custom_1672210901569 vc_row-has-padding-top vc_row-bg-position-top vc_row-o-content-middle vc_row-flex\"><div class=\"wpb_column vc_column_container vc_col-sm-4\"><div class=\"vc_column-inner vc_custom_1672657802528\"><div class=\"wpb_wrapper\"><div class=\"kd-photobox\" ><div class=\"photobox-img\"><a href=\"http:\/\/bit.ly\/3n7bgJq\" target=\"_blank\" title=\"\"><img loading=\"lazy\" decoding=\"async\" width=\"500\" height=\"300\" src=\"https:\/\/brandsoul.pl\/wp-content\/uploads\/2023\/01\/logo-google.jpg\" class=\"attachment-full\" alt=\"\" title=\"logo-google\" srcset=\"https:\/\/brandsoul.pl\/wp-content\/uploads\/2023\/01\/logo-google.jpg 500w, https:\/\/brandsoul.pl\/wp-content\/uploads\/2023\/01\/logo-google-300x180.jpg 300w\" sizes=\"auto, (max-width: 500px) 100vw, 500px\" \/><\/a><\/div><div class=\"phb-content text-center\">\n                  <h5 ><\/h5>\n                  <p ><\/p><\/div><\/div><\/div><\/div><\/div><div class=\"wpb_column vc_column_container vc_col-sm-4\"><div class=\"vc_column-inner vc_custom_1672657904004\"><div class=\"wpb_wrapper\"><div class=\"kd-photobox\" ><div class=\"photobox-img\"><a href=\"https:\/\/brandsoul.oferteo.pl\" target=\"_blank\" title=\"\"><img loading=\"lazy\" decoding=\"async\" width=\"500\" height=\"300\" src=\"https:\/\/brandsoul.pl\/wp-content\/uploads\/2023\/01\/logo-oferteo.jpg\" class=\"attachment-full\" alt=\"\" title=\"logo-oferteo\" srcset=\"https:\/\/brandsoul.pl\/wp-content\/uploads\/2023\/01\/logo-oferteo.jpg 500w, https:\/\/brandsoul.pl\/wp-content\/uploads\/2023\/01\/logo-oferteo-300x180.jpg 300w\" sizes=\"auto, (max-width: 500px) 100vw, 500px\" \/><\/a><\/div><div class=\"phb-content text-center\">\n                  <h5 ><\/h5>\n                  <p ><\/p><\/div><\/div><\/div><\/div><\/div><div class=\"wpb_column vc_column_container vc_col-sm-4\"><div class=\"vc_column-inner vc_custom_1672657911147\"><div class=\"wpb_wrapper\"><div class=\"kd-photobox\" ><div class=\"photobox-img\"><a href=\"https:\/\/www.facebook.com\/studiobrandsoul\/reviews\/?ref=page_internal\" target=\"_blank\" title=\"\"><img loading=\"lazy\" decoding=\"async\" width=\"500\" height=\"300\" src=\"https:\/\/brandsoul.pl\/wp-content\/uploads\/2023\/01\/logo-fb-share.jpg\" class=\"attachment-full\" alt=\"\" title=\"logo-fb-share\" srcset=\"https:\/\/brandsoul.pl\/wp-content\/uploads\/2023\/01\/logo-fb-share.jpg 500w, https:\/\/brandsoul.pl\/wp-content\/uploads\/2023\/01\/logo-fb-share-300x180.jpg 300w\" sizes=\"auto, (max-width: 500px) 100vw, 500px\" \/><\/a><\/div><div class=\"phb-content text-center\">\n                  <h5 ><\/h5>\n                  <p ><\/p><\/div><\/div><\/div><\/div><\/div><\/div><\/div><\/div><\/div><\/div><div class=\"vc_row-full-width vc_clearfix\"><\/div><div data-vc-full-width=\"true\" data-vc-full-width-init=\"false\" class=\"vc_row wpb_row vc_row-fluid vc_custom_1705399705952 vc_row-has-fill vc_row-has-padding-top vc_row-has-padding-bottom vc_row-bg-position-top\"><div class=\"wpb_column vc_column_container vc_col-sm-12\"><div class=\"vc_column-inner\"><div class=\"wpb_wrapper\"><div class=\"vc_row wpb_row vc_inner vc_row-fluid vc_row-bg-position-top\"><div class=\"wpb_column vc_column_container vc_col-sm-4\"><div class=\"vc_column-inner\"><div class=\"wpb_wrapper\">\n\t<div  class=\"wpb_single_image wpb_content_element vc_align_left  vc_custom_1700946278199\">\n\t\t\n\t\t<figure class=\"wpb_wrapper vc_figure\">\n\t\t\t<div class=\"vc_single_image-wrapper   vc_box_border_grey\"><img loading=\"lazy\" decoding=\"async\" class=\"vc_single_image-img\" width=\"80\" height=\"80\"  src=\"https:\/\/brandsoul.pl\/wp-content\/uploads\/2023\/11\/logo_brandsoul.png\" \/><\/div>\n\t\t<\/figure>\n\t<\/div>\n<h3 style=\"font-size: 14px;color: #ffffff;text-align: left\" class=\"vc_custom_heading\" >STUDIO MARKI BRANDSOUL SP.Z O.O.<\/h3><h5 style=\"font-size: 14px;color: #ffffff;text-align: left\" class=\"vc_custom_heading\" >Biuro g\u0142\u00f3wne (siedziba) Zalasewo (Swarz\u0119dz)<\/h5>\n\t<div class=\"wpb_text_column wpb_content_element\" >\n\t\t<div class=\"wpb_wrapper\">\n\t\t\t<p>ul. K\u00f3rnicka 198B\/11<br \/>\n62-020 Zalasewo<\/p>\n\n\t\t<\/div>\n\t<\/div>\n<h5 style=\"font-size: 14px;color: #ffffff;text-align: left\" class=\"vc_custom_heading\" >Biuro Pozna\u0144<\/h5>\n\t<div class=\"wpb_text_column wpb_content_element\" >\n\t\t<div class=\"wpb_wrapper\">\n\t\t\t<p>ul. D\u0105browskiego 77A<br \/>\n60-529 Pozna\u0144<\/p>\n\n\t\t<\/div>\n\t<\/div>\n<\/div><\/div><\/div><div class=\"wpb_column vc_column_container vc_col-sm-4\"><div class=\"vc_column-inner\"><div class=\"wpb_wrapper\"><h3 style=\"font-size: 14px;color: #ffffff;text-align: left\" class=\"vc_custom_heading\" >DANE FIRMY<\/h3>\n\t<div class=\"wpb_text_column wpb_content_element\" >\n\t\t<div class=\"wpb_wrapper\">\n\t\t\t<p>Studio Marki Brandsoul Sp. z o. o.<br \/>\nul. Harmonia 9\/6<br \/>\n62-020 Zalasewo<\/p>\n\n\t\t<\/div>\n\t<\/div>\n\n\t<div class=\"wpb_text_column wpb_content_element\" >\n\t\t<div class=\"wpb_wrapper\">\n\t\t\t<p>kom. +48 668 130 202<br \/>\n<a href=\"mailto:info@brandsoul.pl\">info@brandsoul.pl<\/a><\/p>\n\n\t\t<\/div>\n\t<\/div>\n\n\t<div class=\"wpb_text_column wpb_content_element\" >\n\t\t<div class=\"wpb_wrapper\">\n\t\t\t<p>NIP: 7822692832<br \/>\nREGON: 366811048<br \/>\nKRS: 0000668828<\/p>\n\n\t\t<\/div>\n\t<\/div>\n<\/div><\/div><\/div><div class=\"wpb_column vc_column_container vc_col-sm-4\"><div class=\"vc_column-inner\"><div class=\"wpb_wrapper\"><h2 style=\"font-size: 14px;color: #ffffff;text-align: left\" class=\"vc_custom_heading\" >FORMULARZ KONTAKTOWY<\/h2><div class=\"wpforms-container wpforms-container-full\" id=\"wpforms-4119\"><form id=\"wpforms-form-4119\" class=\"wpforms-validate wpforms-form\" data-formid=\"4119\" method=\"post\" enctype=\"multipart\/form-data\" action=\"\/en\/wp-json\/wp\/v2\/pages\/2612\" data-trp-original-action=\"\/en\/wp-json\/wp\/v2\/pages\/2612\"><noscript class=\"wpforms-error-noscript\">Please enable JavaScript in your browser to complete this form.<\/noscript><div class=\"wpforms-field-container\"><div id=\"wpforms-4119-field_1-container\" class=\"wpforms-field wpforms-field-select wpforms-field-select-style-classic\" data-field-id=\"1\"><select id=\"wpforms-4119-field_1\" class=\"wpforms-field-large wpforms-field-required\" name=\"wpforms[fields][1]\" required=\"required\"><option value=\"\" class=\"placeholder\" disabled selected='selected'>Wybierz cel kontaktu<\/option><option value=\"Kontakt telefoniczny\" >Kontakt telefoniczny<\/option><option value=\"Spotkanie\" >Spotkanie<\/option><option value=\"Oferta\/wycena\" >Oferta\/wycena<\/option><\/select><\/div><div id=\"wpforms-4119-field_2-container\" class=\"wpforms-field wpforms-field-text\" data-field-id=\"2\"><input type=\"text\" id=\"wpforms-4119-field_2\" class=\"wpforms-field-medium wpforms-field-required\" name=\"wpforms[fields][2]\" placeholder=\"Imi\u0119\" required><\/div><div id=\"wpforms-4119-field_3-container\" class=\"wpforms-field wpforms-field-email\" data-field-id=\"3\"><input type=\"email\" id=\"wpforms-4119-field_3\" class=\"wpforms-field-medium wpforms-field-required\" name=\"wpforms[fields][3]\" placeholder=\"E-mail\" required><\/div><div id=\"wpforms-4119-field_7-container\" class=\"wpforms-field wpforms-field-phone\" data-field-id=\"7\"><input type=\"tel\" id=\"wpforms-4119-field_7\" class=\"wpforms-field-medium wpforms-field-required wpforms-smart-phone-field\" data-rule-smart-phone-field=\"true\" name=\"wpforms[fields][7]\" placeholder=\"Telefon\" required><\/div><div id=\"wpforms-4119-field_5-container\" class=\"wpforms-field wpforms-field-textarea\" data-field-id=\"5\"><textarea id=\"wpforms-4119-field_5\" class=\"wpforms-field-small wpforms-field-required\" name=\"wpforms[fields][5]\" placeholder=\"Wiadomo\u015b\u0107\" required><\/textarea><\/div><div id=\"wpforms-4119-field_6-container\" class=\"wpforms-field wpforms-field-checkbox\" data-field-id=\"6\"><ul id=\"wpforms-4119-field_6\" class=\"wpforms-field-required\"><li class=\"choice-1 depth-1\"><input type=\"checkbox\" id=\"wpforms-4119-field_6_1\" name=\"wpforms[fields][6][]\" value=\"Akceptuj\u0119 warunki &lt;a href=&quot;https:\/\/brandsoul.pl\/polityka-prywatnosci\/&quot; target=&quot;_blank&quot;&gt;Polityki prywatno\u015bci.&lt;\/a&gt;\" required><label class=\"wpforms-field-label-inline\" for=\"wpforms-4119-field_6_1\">Akceptuj\u0119 warunki <a href=\"https:\/\/brandsoul.pl\/en\/polityka-prywatnosci\/\" target=\"_blank\">Polityki prywatno\u015bci.<\/a><\/label><\/li><\/ul><\/div><\/div><div class=\"wpforms-field wpforms-field-hp\"><label for=\"wpforms-4119-field-hp\" class=\"wpforms-field-label\">Name<\/label><input type=\"text\" name=\"wpforms[hp]\" id=\"wpforms-4119-field-hp\" class=\"wpforms-field-medium\"><\/div><input type=\"hidden\" name=\"wpforms[recaptcha]\" value=\"\"><div class=\"wpforms-submit-container\" ><input type=\"hidden\" name=\"wpforms[id]\" value=\"4119\"><input type=\"hidden\" name=\"wpforms[author]\" value=\"3\"><button type=\"submit\" name=\"wpforms[submit]\" class=\"wpforms-submit tt_button\" id=\"wpforms-submit-4119\" value=\"wpforms-submit\" aria-live=\"assertive\" data-alt-text=\"Wysy\u0142anie...\" data-submit-text=\"Wyslij\">Wyslij<\/button><\/div><input type=\"hidden\" name=\"trp-form-language\" value=\"en\"\/><\/form><\/div>  <!-- .wpforms-container --><\/div><\/div><\/div><\/div><div class=\"vc_row wpb_row vc_inner vc_row-fluid vc_row-bg-position-top\"><div class=\"wpb_column vc_column_container vc_col-sm-8\"><div class=\"vc_column-inner vc_custom_1705400015834   vc_custom_1705400015836\"><div class=\"wpb_wrapper\">\n\t<div  class=\"wpb_single_image wpb_content_element vc_align_left\">\n\t\t\n\t\t<figure class=\"wpb_wrapper vc_figure\">\n\t\t\t<div class=\"vc_single_image-wrapper   vc_box_border_grey\"><img decoding=\"async\" class=\"vc_single_image-img\"  src=\"https:\/\/brandsoul.pl\/wp-content\/uploads\/2024\/01\/oferteo_loga_stopka_www.png\" \/><\/div>\n\t\t<\/figure>\n\t<\/div>\n<\/div><\/div><\/div><div class=\"wpb_column vc_column_container vc_col-sm-4\"><div class=\"vc_column-inner\"><div class=\"wpb_wrapper\"><\/div><\/div><\/div><\/div><\/div><\/div><\/div><\/div><div class=\"vc_row-full-width vc_clearfix\"><\/div>\n<\/section>","protected":false},"excerpt":{"rendered":"Opinie o nas Paulina G. Pasja i profesjonalizm!Pe\u0142en profesjonalizm, szybka reakcja na kontakt, \u017cyczliwo\u015b\u0107 i dynamizm dzia\u0142ania. Dorota R. \u015awietna wsp\u00f3\u0142pracaWysoko oceniam wsp\u00f3\u0142prac\u0119 ze Studiem Marki Brandsoul i na pewno ch\u0119tnie skorzystam z ich kreatywno\u015bci w przysz\u0142o\u015bci. Ewa F. Szybka reakcja i \u015bwietny kontaktPe\u0142en profesjonalizm, szybka reakcja na kontakt, \u017cyczliwo\u015b\u0107 [...]","protected":false},"author":3,"featured_media":0,"parent":2234,"menu_order":104,"comment_status":"closed","ping_status":"closed","template":"","meta":{"_themeisle_gutenberg_block_has_review":false,"footnotes":""},"class_list":["post-2612","page","type-page","status-publish","hentry"],"aioseo_notices":[],"_links":{"self":[{"href":"https:\/\/brandsoul.pl\/en\/wp-json\/wp\/v2\/pages\/2612","targetHints":{"allow":["GET"]}}],"collection":[{"href":"https:\/\/brandsoul.pl\/en\/wp-json\/wp\/v2\/pages"}],"about":[{"href":"https:\/\/brandsoul.pl\/en\/wp-json\/wp\/v2\/types\/page"}],"author":[{"embeddable":true,"href":"https:\/\/brandsoul.pl\/en\/wp-json\/wp\/v2\/users\/3"}],"replies":[{"embeddable":true,"href":"https:\/\/brandsoul.pl\/en\/wp-json\/wp\/v2\/comments?post=2612"}],"version-history":[{"count":32,"href":"https:\/\/brandsoul.pl\/en\/wp-json\/wp\/v2\/pages\/2612\/revisions"}],"predecessor-version":[{"id":13444,"href":"https:\/\/brandsoul.pl\/en\/wp-json\/wp\/v2\/pages\/2612\/revisions\/13444"}],"up":[{"embeddable":true,"href":"https:\/\/brandsoul.pl\/en\/wp-json\/wp\/v2\/pages\/2234"}],"wp:attachment":[{"href":"https:\/\/brandsoul.pl\/en\/wp-json\/wp\/v2\/media?parent=2612"}],"curies":[{"name":"wp","href":"https:\/\/api.w.org\/{rel}","templated":true}]}}