{"id":2764,"date":"2020-07-27T09:44:51","date_gmt":"2020-07-27T09:44:51","guid":{"rendered":"https:\/\/host9.nstrefa.pl\/brandosul\/?page_id=2764"},"modified":"2020-07-27T09:45:51","modified_gmt":"2020-07-27T09:45:51","slug":"regulamin","status":"publish","type":"page","link":"https:\/\/brandsoul.pl\/en\/regulamin\/","title":{"rendered":"Regulamin"},"content":{"rendered":"<p><strong>REGULAMIN SERWISU INTERNETOWEGO WWW.BRANDSOUL.PL<\/strong><\/p>\n<p><strong>I.\u00a0\u00a0\u00a0\u00a0\u00a0\u00a0\u00a0\u00a0\u00a0\u00a0\u00a0\u00a0 POSTANOWIENIA OG\u00d3LNE<\/strong><br \/>\nNiniejszy Regulamin okre\u015bla og\u00f3lne warunki, zasady oraz spos\u00f3b \u015bwiadczenia Us\u0142ug drog\u0105 elektroniczn\u0105, za po\u015brednictwem serwisu internetowego www.brandsoul.pl (zwanego dalej: \u201eSerwisem Internetowym\u201d lub ,,Serwisem\u201d) przez STUDIO MARKI BRANDSOUL SP\u00d3\u0141KA Z OGRANICZON\u0104 ODPOWIEDZIALNO\u015aCI\u0104 z siedzib\u0105 w Poznaniu, ul. Warszawska 39 lok. 41, pok. 11, 61 &#8211; 028 Pozna\u0144, zarejestrowana przez S\u0105d Rejonowy Pozna\u0144 &#8211; Nowe Miasto i Wilda w Poznaniu, VIII Wydzia\u0142 Gospodarczy Krajowego Rejestru S\u0105dowego, nr KRS: 0000668828, NIP: 7822692832, REGON: 366811048, o kapitale zak\u0142adowym w wysoko\u015bci: 5 000,00 z\u0142, zwan\u0105 dalej ,,Us\u0142ugodawc\u0105\u201d.<br \/>\nSerwis internetowy w szczeg\u00f3lno\u015bci ma charakter informacyjny. W ramach Serwisu Us\u0142ugodawca udost\u0119pnia informacje na temat oferowanego doradztwa w zakresie wsparcia ma\u0142ych i \u015brednich przedsi\u0119biorc\u00f3w. Korzystanie z Us\u0142ug doradztwa nie jest elementem Serwisu, a ich zasady i warunki okre\u015blane s\u0105 poza Serwisem w odr\u0119bnych umowach. Us\u0142ugodawca udost\u0119pnia r\u00f3wnie\u017c interaktywne formularze, kt\u00f3re umo\u017cliwiaj\u0105 U\u017cytkownikom ustalenie terminu spotkania dotycz\u0105cego ustale\u0144 zwi\u0105zanych z Us\u0142ug\u0105 doradztwa.<br \/>\nInformacje podane na stronach internetowych Serwisu, o kt\u00f3rych mowa w ppkt 2 powy\u017cej, w szczeg\u00f3lno\u015bci ich opisy oraz ceny, stanowi\u0105 zaproszenie do zawarcia umowy, w rozumieniu art. 71 Kodeksu Cywilnego.<br \/>\nKontakt z Us\u0142ugodawc\u0105 odbywa si\u0119 za po\u015brednictwem:<br \/>\nwiadomo\u015bci e-mail na adres: info@brandsoul.pl;<br \/>\nformularzy elektronicznych dost\u0119pnych w Serwisie;<br \/>\ntelefonu kontaktowego: +48 668 130\u00a0202.<br \/>\nNiniejszy Regulamin jest nieprzerwanie i nieodp\u0142atnie udost\u0119pniony przez Us\u0142ugodawc\u0119 w witrynie internetowej www.brandsoul.pl, w spos\u00f3b umo\u017cliwiaj\u0105cy U\u017cytkownikom jego pozyskanie, odtwarzanie i utrwalanie jego tre\u015bci poprzez wydrukowanie lub zapisanie na no\u015bniku w ka\u017cdej chwili za pomoc\u0105 systemu informatycznego, kt\u00f3rym pos\u0142uguje si\u0119 U\u017cytkownik.<br \/>\nWszelkie prawa do Serwisu Internetowego, w tym maj\u0105tkowe prawa autorskie, prawa w\u0142asno\u015bci intelektualnej do jego nazwy, domeny internetowej, strony internetowej Serwisu, a tak\u017ce do formularzy, logotyp\u00f3w, nale\u017c\u0105 do Us\u0142ugodawcy, a korzystanie z nich mo\u017ce nast\u0119powa\u0107 wy\u0142\u0105cznie w spos\u00f3b okre\u015blony i zgodny z Regulaminem.<br \/>\nUs\u0142ugodawca informuje, \u017ce korzystanie z us\u0142ug \u015bwiadczonych drog\u0105 elektroniczn\u0105 mo\u017ce wi\u0105za\u0107 si\u0119 z zagro\u017ceniem po stronie ka\u017cdego u\u017cytkownika sieci Internet, polegaj\u0105cym na mo\u017cliwo\u015bci wprowadzenia do systemu teleinformatycznego U\u017cytkownika szkodliwego oprogramowania oraz pozyskania i modyfikacji jego danych przez osoby nieuprawnione. By unikn\u0105\u0107 ryzyka wyst\u0105pienia zagro\u017ce\u0144 w\/w, U\u017cytkownik powinien stosowa\u0107 w\u0142a\u015bciwe \u015brodki techniczne, kt\u00f3re zminimalizuj\u0105 ich wyst\u0105pienie, a w szczeg\u00f3lno\u015bci programy antywirusowe i zapor\u0119 sieciow\u0105 typu firewall.<\/p>\n<p><strong>II.\u00a0\u00a0\u00a0\u00a0\u00a0\u00a0\u00a0\u00a0\u00a0\u00a0 DEFINICJE<\/strong><\/p>\n<p>Poj\u0119cia u\u017cyte w niniejszym dokumencie maj\u0105 nast\u0119puj\u0105ce znaczenie:<\/p>\n<p>Serwis Internetowy\/Serwis &#8211; serwis internetowy dost\u0119pny w domenie www.brandsoul.pl, kt\u00f3rego w\u0142a\u015bcicielem i administratorem jest Us\u0142ugodawca, w ramach kt\u00f3rego U\u017cytkownicy mog\u0105 w szczeg\u00f3lno\u015bci korzysta\u0107 z Us\u0142ug \u015bwiadczonych drog\u0105 elektroniczn\u0105 oraz przegl\u0105da\u0107 Us\u0142ugi doradztwa oferowane przez Us\u0142ugodawc\u0119, kt\u00f3re realizowane s\u0105 poza Serwisem;<\/p>\n<p>U\u017cytkownik \u2013 osoba fizyczna posiadaj\u0105ca pe\u0142n\u0105 zdolno\u015b\u0107 do czynno\u015bci prawnych, osoba fizyczna prowadz\u0105ca dzia\u0142alno\u015b\u0107 gospodarcz\u0105, osoba prawna lub jednostka organizacyjna nie posiadaj\u0105ca osobowo\u015bci prawnej, kt\u00f3ra mo\u017ce korzysta\u0107 z Us\u0142ug dost\u0119pnych w Serwisie;<\/p>\n<p>Konsument &#8211; U\u017cytkownik b\u0119d\u0105cy konsumentem w rozumieniu art. 22[1] Kodeksu cywilnego;<\/p>\n<p>Przedsi\u0119biorca &#8211; U\u017cytkownik b\u0119d\u0105cy przedsi\u0119biorc\u0105 w rozumieniu art. 43[1] Kodeksu cywilnego;<\/p>\n<p>Us\u0142uga doradztwa \u2013 \u015bwiadczone przez Us\u0142ugodawc\u0119 poza Serwisem doradztwo w zakresie obszar\u00f3w okre\u015blonych na stronie Serwisu, na zasadach i warunkach okre\u015blonych w umowach zawieranych poza Serwisem.<\/p>\n<p>Us\u0142ugi \u2013 us\u0142ugi \u015bwiadczone przez Us\u0142ugodawc\u0119 na rzecz U\u017cytkownik\u00f3w Serwisu drog\u0105 elektroniczn\u0105 w rozumieniu przepis\u00f3w ustawy z dnia 18 lipca 2002 roku o \u015bwiadczeniu us\u0142ug drog\u0105 elektroniczn\u0105 (Dz.U. nr 144, poz. 1204 ze zm.);<\/p>\n<p>Umowa \u2013 umowa o \u015bwiadczenie Us\u0142ug Serwisu, zawarta pomi\u0119dzy U\u017cytkownikiem a Us\u0142ugodawc\u0105, na zasadach wskazanych w niniejszym Regulaminie;<\/p>\n<p>Ustawa o prawach konsumenta \u2013 ustawa z dnia 30 maja 2014 r. o prawach konsumenta (Dz. U. 2014, Nr 827);<\/p>\n<p>Ustawa o \u015bwiadczeniu us\u0142ug drog\u0105 elektroniczn\u0105 \u2013 ustawa z dnia 18 lipca 2002 r. o \u015bwiadczeniu us\u0142ug drog\u0105 elektroniczn\u0105 (Dz. U. Nr 144, poz. 1204 ze zm.);<\/p>\n<p>Kodeks cywilny \u2013 ustawa z dnia 23 kwietnia 1964 r. (Dz. U. Nr 16, poz. 93 ze zm.);<\/p>\n<p>Regulamin \u2013 niniejszy dokument;<\/p>\n<p><strong>III.\u00a0\u00a0\u00a0\u00a0\u00a0\u00a0\u00a0\u00a0 ZASADY KORZYSTANIA Z SERWISU<\/strong><br \/>\nUs\u0142ugodawca w ramach Serwisu umo\u017cliwia U\u017cytkownikom korzystanie ze \u015bwiadczonych przez siebie Us\u0142ug, a w szczeg\u00f3lno\u015bci korzystania z interaktywnych formularzy, newslettera oraz przegl\u0105dania informacji dost\u0119pnych w Serwisie na temat Us\u0142ug doradztwa.<br \/>\nKorzystanie z Serwisu mo\u017ce si\u0119 odbywa\u0107 wy\u0142\u0105cznie na zasadach i w zakresie wskazanym w Regulaminie.<br \/>\nMinimalne wymagania techniczne umo\u017cliwiaj\u0105ce korzystanie z Serwisu oraz Us\u0142ug:<br \/>\nurz\u0105dzenie z dost\u0119pem do Internetu;<br \/>\nZabronione jest korzystanie przez U\u017cytkownik\u00f3w z Serwisu lub Us\u0142ug w spos\u00f3b naruszaj\u0105cy przepisy prawa, dobre obyczaje, dobra osobiste os\u00f3b trzecich lub uzasadnione interesy Us\u0142ugodawcy.<\/p>\n<p><strong>IV.\u00a0\u00a0\u00a0\u00a0\u00a0\u00a0\u00a0\u00a0\u00a0 PRAWA I OBOWI\u0104ZKI U\u017bYTKOWNIKA<\/strong><br \/>\nU\u017cytkownik jest zobowi\u0105zany do:<br \/>\nkorzystania z Serwisu w spos\u00f3b zgodny z prawem, dobrymi obyczajami, a tak\u017ce postanowieniami Regulaminu, maj\u0105c na uwadze poszanowanie d\u00f3br osobistych i praw w\u0142asno\u015bci intelektualnej os\u00f3b trzecich;<br \/>\nniestosowania urz\u0105dze\u0144, oprogramowania oraz metod mog\u0105cych zak\u0142\u00f3ci\u0107 dzia\u0142anie Serwisu;<br \/>\nniedostarczania tre\u015bci o charakterze bezprawnym;<br \/>\nnie wprowadzania w Serwisie tre\u015bci niezwi\u0105zanych z jego tematyk\u0105, w tym w\u00a0szczeg\u00f3lno\u015bci tre\u015bci o charakterze reklamowym czy marketingowym,<br \/>\nwprowadzania swoich danych, w tym danych kontaktowych wy\u0142\u0105cznie w\u00a0miejscach do tego przeznaczonych i w ten spos\u00f3b oznaczonych w Serwisie.<br \/>\nU\u017cytkownik nie mo\u017ce prowadzi\u0107 dzia\u0142a\u0144 zmierzaj\u0105cych do obci\u0105\u017cania skrzynek odbiorczych innych Us\u0142ugodawcy, a w szczeg\u00f3lno\u015bci nie jest dopuszczalne wysy\u0142anie wiadomo\u015bci reklamowych.<\/p>\n<p><strong>V.\u00a0\u00a0\u00a0\u00a0\u00a0\u00a0\u00a0\u00a0\u00a0\u00a0\u00a0 US\u0141UGI<\/strong><br \/>\n\u015awiadczenie Us\u0142ug odbywa si\u0119 na zasadach okre\u015blonych w niniejszym dokumencie.<br \/>\nUs\u0142ugi \u015bwiadczone przez Us\u0142ugodawc\u0119 na rzecz U\u017cytkownik\u00f3w s\u0105 nieodp\u0142atne, zgodnie z\u00a0informacjami prezentowanymi w Serwisie oraz \u015bwiadczone na zasadach wskazanych w niniejszym Regulaminie.<br \/>\nUs\u0142ugodawca umo\u017cliwia za po\u015brednictwem Serwisu korzystanie z nast\u0119puj\u0105cych bezp\u0142atnych Us\u0142ug:<br \/>\nprzegl\u0105danie informacji zamieszczonych w Serwisie;<br \/>\nUs\u0142uga interaktywnego formularza, zwanego dalej ,,Formularzem\u2019\u2019, pozwalaj\u0105cego na pozostawienie przez U\u017cytkownika swojego numeru telefonu kontaktowego oraz imienia, w celu umo\u017cliwienia Us\u0142ugodawcy kontaktu z U\u017cytkownikiem;<br \/>\nudost\u0119pnianie interaktywnego formularza, zwanego dalej ,,Formularzem kontaktowym\u2019\u2019, umo\u017cliwiaj\u0105cego kontakt z Us\u0142ugodawc\u0105;<br \/>\n\u015bwiadczenie Us\u0142ugi Newsletter.<br \/>\nNa stronach Serwisu prezentowane s\u0105 informacje oraz inne tre\u015bci zgodne z tematyk\u0105 i\u00a0charakterystyk\u0105 Serwisu. Ka\u017cdy U\u017cytkownik Serwisu mo\u017ce nieodp\u0142atnie przegl\u0105da\u0107 tre\u015bci prezentowane w Serwisie, jak r\u00f3wnie\u017c mo\u017ce nieodp\u0142atnie wyszukiwa\u0107 wybrane tre\u015bci, z\u00a0wykorzystaniem funkcjonalno\u015bci dost\u0119pnych w Serwisie.<br \/>\nUmowa o \u015bwiadczenie Us\u0142ugi polegaj\u0105cej na przegl\u0105daniu informacji w Serwisie zawierana jest na czas oznaczony i ulega rozwi\u0105zaniu z chwil\u0105 zamkni\u0119cia przez U\u017cytkownika strony internetowej Serwisu.<br \/>\nU\u017cytkownik ma mo\u017cliwo\u015b\u0107 wysy\u0142ania za pomoc\u0105 Formularza swojego numeru telefonu kontaktowego oraz imienia. Umowa o \u015bwiadczenie Us\u0142ugi polegaj\u0105cej na udost\u0119pnianiu Formularza jest zawierana na czas oznaczony i ulega rozwi\u0105zaniu z chwil\u0105 wys\u0142ania wiadomo\u015bci za po\u015brednictwem Formularza. \u015awiadczenie wskazanej Us\u0142ugi odbywa si\u0119 na zasadach opisanych w\u00a0punkcie VI.<br \/>\nU\u017cytkownik ma mo\u017cliwo\u015b\u0107 wys\u0142ania za pomoc\u0105 Formularza kontaktowego wiadomo\u015bci do Us\u0142ugodawcy. Umowa o \u015bwiadczenie Us\u0142ugi polegaj\u0105cej na udost\u0119pnianiu Formularza kontaktowego jest zawierana na czas oznaczony i ulega rozwi\u0105zaniu z chwil\u0105 wys\u0142ania wiadomo\u015bci przez U\u017cytkownika za po\u015brednictwem formularza. \u015awiadczenie wskazanej Us\u0142ugi odbywa si\u0119 na zasadach opisanych w\u00a0punkcie VI.<br \/>\nU\u017cytkownik ma mo\u017cliwo\u015b\u0107 otrzymywania od Us\u0142ugodawcy informacji handlowych w formie wiadomo\u015bci przesy\u0142anych na podany przez U\u017cytkownika adres poczty elektronicznej (Us\u0142uga Newsletter). W tym celu nale\u017cy poda\u0107 prawid\u0142owy adres poczty elektronicznej. U\u017cytkownik w ka\u017cdym czasie mo\u017ce odwo\u0142a\u0107 zgod\u0119 na przesy\u0142anie informacji handlowych. Newsletter jest przesy\u0142any przez Us\u0142ugodawc\u0119 wy\u0142\u0105cznie do U\u017cytkownika, kt\u00f3ry dokona\u0142 subskrypcji.<br \/>\nUs\u0142ugodawca ma prawo do organizowania okazjonalnych konkurs\u00f3w i promocji, kt\u00f3rych warunki ka\u017cdorazowo zostan\u0105 podane na stronach internetowych Serwisu. Promocje w Serwisie Internetowym nie podlegaj\u0105 \u0142\u0105czeniu, o ile Regulamin danej promocji nie stanowi inaczej.<\/p>\n<p><strong>VI.\u00a0\u00a0\u00a0\u00a0\u00a0\u00a0\u00a0\u00a0\u00a0 KONTAKT<\/strong><br \/>\nU\u017cytkownicy zainteresowani us\u0142ugami prezentowanymi na stronie Serwisu, w szczeg\u00f3lno\u015bci Us\u0142ug\u0105 doradztwa, kontaktuj\u0105 si\u0119 z Us\u0142ugodawc\u0105 w celu ustalenia terminu spotkania dotycz\u0105cego ustalenia zakresu Us\u0142ugi doradztwa oraz innych kwestii zwi\u0105zanych z Us\u0142ug\u0105 doradztwa, za po\u015brednictwem Formularza, Formularza kontaktowego, wiadomo\u015bci elektronicznej oraz telefonu kontaktowego na zasadach okre\u015blonych w niniejszym pkt. Spotkanie mo\u017ce odby\u0107 si\u0119 r\u00f3wnie\u017c on-line, poprzez wykorzystanie odpowiedniego narz\u0119dzia internetowego do komunikacji. Zasady i warunki korzystania z takiego narz\u0119dzia reguluje dedykowany regulamin dla tego narz\u0119dzia.<br \/>\nZa po\u015brednictwem Formularza dost\u0119pnego na stronie Serwisu, U\u017cytkownik mo\u017ce wys\u0142a\u0107 za jego po\u015brednictwem sw\u00f3j numer kontaktowy oraz imi\u0119, w celu uzyskania od Us\u0142ugodawcy kontaktu w zakresie Us\u0142ug doradztwa oferowanych na stronie Serwisu. U\u017cytkownik przesy\u0142a Formularz do Us\u0142ugodawcy, wybieraj\u0105c przycisk ,,Zadzwo\u0144 do mnie\u2019\u2019.<br \/>\nZa po\u015brednictwem Formularza kontaktowego dost\u0119pnego na stronie Serwisu, U\u017cytkownik mo\u017ce wybra\u0107 ,,cel kontaktu\u2019\u2019 oraz ,,zakres us\u0142ug\u2019\u2019. U\u017cytkownik zainteresowany uzyskaniem kontaktu w sprawie Us\u0142ug doradztwa oferowanych na stronie Serwisu, wype\u0142nia pola Formularza kontaktowego oznaczone jako obowi\u0105zkowe, opisuje swoj\u0105 tre\u015b\u0107 zapytania oraz przesy\u0142a Formularz kontaktowy do Us\u0142ugodawcy wybieraj\u0105c przycisk \u201eWy\u015blij\u201d.<br \/>\nW celu dokonania ustale\u0144 zwi\u0105zanych z Us\u0142ugami doradztwa oferowanymi na stronie Serwisu, w szczeg\u00f3lno\u015bci w celu um\u00f3wienia spotkania w ich zakresie, U\u017cytkownik mo\u017ce skontaktowa\u0107 si\u0119 z Us\u0142ugodawc\u0105 r\u00f3wnie\u017c za pomoc\u0105 telefonu kontaktowego lub wiadomo\u015bci elektronicznej.<br \/>\nPo przes\u0142aniu Formularza, Formularza kontaktowego b\u0105d\u017a wiadomo\u015bci elektronicznej Us\u0142ugodawca kontaktuje si\u0119 z U\u017cytkownikiem w ci\u0105gu 24 godzin roboczych.<br \/>\nU\u017cytkownik wraz z Us\u0142ugodawc\u0105 ustalaj\u0105 warunki, zasady, zakres oraz cen\u0119 us\u0142ugi w ramach odr\u0119bnej umowy. Powy\u017csze ustalenia odbywaj\u0105 si\u0119 mi\u0119dzy stronami poza Serwisem i nie s\u0105 jego cz\u0119\u015bci\u0105.<\/p>\n<p><strong>VII .REKLAMACJE W ZAKRESIE \u015aWIADCZENIA US\u0141UG DROG\u0104 ELEKTRONICZN\u0104<\/strong><br \/>\nU\u017cytkownik mo\u017ce zg\u0142asza\u0107 reklamacje dotycz\u0105ce Us\u0142ug czy funkcjonalno\u015bci Serwisu.<br \/>\nReklamacje mo\u017cna zg\u0142asza\u0107 pisemnie na adres: STUDIO MARKI BRANDSOUL SP\u00d3\u0141KA Z OGRANICZON\u0104 ODPOWIEDZIALNO\u015aCI\u0104, Warszawska 39, lok. 41 pok. 11, 61 \u2013 028 Pozna\u0144, poprzez wys\u0142anie wiadomo\u015bci na adres poczty elektronicznej: info@brandsoul.pl.<br \/>\nZg\u0142oszenie reklamacji powinno zawiera\u0107 oznaczenie osoby zg\u0142aszaj\u0105cej reklamacj\u0119 (imi\u0119 i\u00a0nazwisko b\u0105d\u017a nazw\u0119 firmy, adres zamieszkania lub siedziby, adres e-mail, telefon kontaktowy) oraz opis zdarzenia b\u0119d\u0105cego przyczyn\u0105 reklamacji.<br \/>\nReklamacje zostan\u0105 rozpatrzone w terminie 30 dni od daty ich otrzymania przez Us\u0142ugodawc\u0119.<\/p>\n<p><strong>VIII. POZAS\u0104DOWE SPOSOBY ROZSTRZYGANIA SPOR\u00d3W<\/strong><br \/>\nU\u017cytkownik b\u0119d\u0105cy Konsumentem posiada m.in. nast\u0119puj\u0105ce mo\u017cliwo\u015bci skorzystania z pozas\u0105dowych sposob\u00f3w rozpatrywania reklamacji i dochodzenia roszcze\u0144:<br \/>\njest uprawniony do zwr\u00f3cenia si\u0119 do sta\u0142ego polubownego s\u0105du konsumenckiego dzia\u0142aj\u0105cego przy Inspekcji Handlowej z wnioskiem o rozstrzygni\u0119cie sporu wynik\u0142ego z zawartej Umowy sprzeda\u017cy;<br \/>\njest uprawniony do zwr\u00f3cenia si\u0119 do wojew\u00f3dzkiego inspektora Inspekcji Handlowej z wnioskiem o wszcz\u0119cie post\u0119powania mediacyjnego w sprawie polubownego zako\u0144czenia sporu mi\u0119dzy Klientem a Sprzedawc\u0105;<br \/>\nmo\u017ce uzyska\u0107 bezp\u0142atn\u0105 pomoc w sprawie rozstrzygni\u0119cia sporu mi\u0119dzy Klientem a Sprzedawc\u0105, korzystaj\u0105c tak\u017ce z bezp\u0142atnej pomocy powiatowego (miejskiego) rzecznika konsument\u00f3w lub organizacji spo\u0142ecznej, do kt\u00f3rej zada\u0144 statutowych nale\u017cy ochrona Konsument\u00f3w (m.in. Federacja Konsument\u00f3w, Stowarzyszenie Konsument\u00f3w Polskich). Porady udzielane s\u0105 pod przez Federacj\u0119 Konsument\u00f3w pod bezp\u0142atnym numerem infolinii konsumenckiej 800 007 707 oraz przez Stowarzyszenie Konsument\u00f3w Polskich pod adresem email porady@dlakonsumentow.pl;<br \/>\nz\u0142o\u017cy\u0107 swoj\u0105 skarg\u0119 za po\u015brednictwem unijnej platformy internetowej ODR, dost\u0119pnej pod adresem: http:\/\/ec.europa.eu\/consumers\/odr\/.<\/p>\n<p><strong>IX. OCHRONA DANYCH OSOBOWYCH<\/strong><\/p>\n<p>Podane przez U\u017cytkownik\u00f3w dane osobowe Us\u0142ugodawca mo\u017ce zbiera\u0107 i przetwarza\u0107 zgodnie z\u00a0obowi\u0105zuj\u0105cymi przepisami prawa oraz zgodnie z Polityk\u0105 Prywatno\u015bci, dost\u0119pn\u0105 na stronie Serwisu.<\/p>\n<p><strong>POSTANOWIENIA KO\u0143COWE<\/strong><br \/>\nWy\u0142\u0105cznym \u017ar\u00f3d\u0142em zobowi\u0105za\u0144 Us\u0142ugodawcy jest niniejszy Regulamin oraz bezwzgl\u0119dnie obowi\u0105zuj\u0105ce przepisy prawa.<br \/>\nRegulamin jest dost\u0119pny w j\u0119zyku polskim.<br \/>\nPowielanie b\u0105d\u017a publikowanie niniejszego Regulaminu lub jego cz\u0119\u015bci bez pisemnej zgody Us\u0142ugodawcy jest zabronione.<br \/>\nO ile bezwzgl\u0119dnie obowi\u0105zuj\u0105ce przepisy prawa nie stanowi\u0105 inaczej, prawem w\u0142a\u015bciwym dla rozstrzygania wszelkich spor\u00f3w powsta\u0142ych na gruncie niniejszego Regulaminu jest prawo polskie.<br \/>\nRozstrzyganie ewentualnych spor\u00f3w powsta\u0142ych pomi\u0119dzy Us\u0142ugodawc\u0105 a U\u017cytkownikiem, kt\u00f3ry jest Konsumentem, zostaje poddane s\u0105dom w\u0142a\u015bciwym zgodnie z postanowieniami w\u0142a\u015bciwych przepis\u00f3w Kodeksu post\u0119powania cywilnego.<br \/>\nWszelkie spory powsta\u0142e na gruncie niniejszego Regulaminu, w przypadku, gdy drug\u0105 stron\u0105 nie jest Konsument b\u0119d\u0105 rozwi\u0105zywane przed s\u0105dem powszechnym w\u0142a\u015bciwym ze wzgl\u0119du na siedzib\u0119 Us\u0142ugodawcy.<br \/>\nTre\u015b\u0107 niniejszego Regulaminu mo\u017ce ulec zmianie. O wszelkich zmianach ka\u017cdy U\u017cytkownik b\u0119d\u0105cy Konsumentem zostanie poinformowany poprzez informacje na stronie g\u0142\u00f3wnej Serwisu zawieraj\u0105cej zestawienie zmian i termin ich wej\u015bcia w \u017cycie. Termin wej\u015bcia w \u017cycie zmian nie b\u0119dzie kr\u00f3tszy ni\u017c 14 dni od dnia ich og\u0142oszenia. U\u017cytkownik nie akceptuj\u0105cy zmian w\u00a0Regulaminie proszony jest o zaprzestanie korzystania z Serwisu.<br \/>\nZmiany Regulaminu dotycz\u0105ce U\u017cytkownik\u00f3w b\u0119d\u0105cych Przedsi\u0119biorcami, wchodz\u0105 w \u017cycie z\u00a0dniem ich opublikowania na stronach internetowych Serwisu.<\/p>","protected":false},"excerpt":{"rendered":"<p>REGULAMIN SERWISU INTERNETOWEGO WWW.BRANDSOUL.PL I.\u00a0\u00a0\u00a0\u00a0\u00a0\u00a0\u00a0\u00a0\u00a0\u00a0\u00a0\u00a0 POSTANOWIENIA OG\u00d3LNE Niniejszy Regulamin okre\u015bla og\u00f3lne warunki, zasady oraz spos\u00f3b \u015bwiadczenia Us\u0142ug drog\u0105 elektroniczn\u0105, za po\u015brednictwem serwisu internetowego www.brandsoul.pl (zwanego dalej: \u201eSerwisem Internetowym\u201d lub ,,Serwisem\u201d) przez STUDIO MARKI BRANDSOUL SP\u00d3\u0141KA Z OGRANICZON\u0104 ODPOWIEDZIALNO\u015aCI\u0104 z siedzib\u0105 w Poznaniu, ul. Warszawska 39 lok. 41, pok. 11, 61 [&hellip;]<\/p>","protected":false},"author":3,"featured_media":0,"parent":0,"menu_order":124,"comment_status":"closed","ping_status":"closed","template":"","meta":{"_themeisle_gutenberg_block_has_review":false,"footnotes":""},"class_list":["post-2764","page","type-page","status-publish","hentry"],"aioseo_notices":[],"_links":{"self":[{"href":"https:\/\/brandsoul.pl\/en\/wp-json\/wp\/v2\/pages\/2764","targetHints":{"allow":["GET"]}}],"collection":[{"href":"https:\/\/brandsoul.pl\/en\/wp-json\/wp\/v2\/pages"}],"about":[{"href":"https:\/\/brandsoul.pl\/en\/wp-json\/wp\/v2\/types\/page"}],"author":[{"embeddable":true,"href":"https:\/\/brandsoul.pl\/en\/wp-json\/wp\/v2\/users\/3"}],"replies":[{"embeddable":true,"href":"https:\/\/brandsoul.pl\/en\/wp-json\/wp\/v2\/comments?post=2764"}],"version-history":[{"count":2,"href":"https:\/\/brandsoul.pl\/en\/wp-json\/wp\/v2\/pages\/2764\/revisions"}],"predecessor-version":[{"id":2766,"href":"https:\/\/brandsoul.pl\/en\/wp-json\/wp\/v2\/pages\/2764\/revisions\/2766"}],"wp:attachment":[{"href":"https:\/\/brandsoul.pl\/en\/wp-json\/wp\/v2\/media?parent=2764"}],"curies":[{"name":"wp","href":"https:\/\/api.w.org\/{rel}","templated":true}]}}