{"id":2978,"date":"2020-11-05T08:45:58","date_gmt":"2020-11-05T08:45:58","guid":{"rendered":"https:\/\/brandsoul.pl\/?page_id=2978"},"modified":"2023-02-06T16:37:26","modified_gmt":"2023-02-06T16:37:26","slug":"zapytaj-o-wycene","status":"publish","type":"page","link":"https:\/\/brandsoul.pl\/en\/zapytaj-o-wycene\/","title":{"rendered":"Zapytaj o wycen\u0119"},"content":{"rendered":"<section class=\"wpb-content-wrapper\"><div class=\"vc_row wpb_row vc_row-fluid vc_custom_1675699706182 vc_row-has-padding-top vc_row-bg-position-top\"><div class=\"wpb_column vc_column_container vc_col-sm-12\" id=\"wycena\"><div class=\"vc_column-inner\"><div class=\"wpb_wrapper\"><div class=\"wpforms-container wpforms-container-full wycena\" id=\"wpforms-2977\"><form id=\"wpforms-form-2977\" class=\"wpforms-validate wpforms-form\" data-formid=\"2977\" method=\"post\" enctype=\"multipart\/form-data\" action=\"\/en\/wp-json\/wp\/v2\/pages\/2978\" data-trp-original-action=\"\/en\/wp-json\/wp\/v2\/pages\/2978\"><noscript class=\"wpforms-error-noscript\">Please enable JavaScript in your browser to complete this form.<\/noscript><div class=\"wpforms-field-container\"><div id=\"wpforms-2977-field_2-container\" class=\"wpforms-field wpforms-field-text\" data-field-id=\"2\"><label class=\"wpforms-field-label\" for=\"wpforms-2977-field_2\">Imi\u0119 i nazwisko <span class=\"wpforms-required-label\">*<\/span><\/label><input type=\"text\" id=\"wpforms-2977-field_2\" class=\"wpforms-field-medium wpforms-field-required\" name=\"wpforms[fields][2]\" required><\/div><div id=\"wpforms-2977-field_7-container\" class=\"wpforms-field wpforms-field-select wpforms-field-select-style-classic\" data-field-id=\"7\"><label class=\"wpforms-field-label\" for=\"wpforms-2977-field_7\">Wybierz zakres us\u0142ug <span class=\"wpforms-required-label\">*<\/span><\/label><select id=\"wpforms-2977-field_7\" class=\"wpforms-field-medium wpforms-field-required\" name=\"wpforms[fields][7]\" required=\"required\"><option value=\"Doradztwo sprzeda\u017cowe\" >Doradztwo sprzeda\u017cowe<\/option><option value=\"Doradztwo marketingowe\" ><a href=\"https:\/\/brandsoul.pl\/en\/doradztwo-biznesowe-marketingowe-dla-firm\/doradztwo-marketingowe\/\" data-internallinksmanager029f6b8e52c=\"2\" title=\"Doradztwo marketingowe\">Doradztwo marketingowe<\/a><\/option><option value=\"Szkolenia\" >Szkolenia<\/option><option value=\"Rekrutacja\" >Rekrutacja<\/option><option value=\"Wdro\u017cenie pomys\u0142u\/produktu\/projektu\" >Wdro\u017cenie pomys\u0142u\/produktu\/projektu<\/option><option value=\"Kampania marketingowa\" >Kampania marketingowa<\/option><option value=\"Media spo\u0142eczno\u015bciowe\" >Media spo\u0142eczno\u015bciowe<\/option><option value=\"Opieka nad mark\u0105\" >Opieka nad mark\u0105<\/option><option value=\"Tworzenie stron www\" >Tworzenie stron www<\/option><option value=\"Projektowanie graficzne\" >Projektowanie graficzne<\/option><option value=\"Outsourcing marketingu\" >Outsourcing marketingu<\/option><option value=\"Komercjalizacja\" >Komercjalizacja<\/option><option value=\"Rozw\u00f3j sprzeda\u017cy\/po\u015brednictwo\" >Rozw\u00f3j sprzeda\u017cy\/po\u015brednictwo<\/option><option value=\"Konsultacja jednorazowa\" >Konsultacja jednorazowa<\/option><\/select><\/div><div id=\"wpforms-2977-field_10-container\" class=\"wpforms-field wpforms-field-date-time\" data-field-id=\"10\"><label class=\"wpforms-field-label\" for=\"wpforms-2977-field_10\">Termin realizacji<\/label><div class=\"wpforms-datepicker-wrap\"><input type=\"text\" id=\"wpforms-2977-field_10\" class=\"wpforms-field-date-time-date wpforms-datepicker wpforms-field-medium\" data-date-format=\"m\/d\/Y\" data-input=\"true\" name=\"wpforms[fields][10][date]\" ><a title=\"Clear Date\" data-clear class=\"wpforms-datepicker-clear\" style=\"display:none;\"><\/a><\/div><\/div><div id=\"wpforms-2977-field_3-container\" class=\"wpforms-field wpforms-field-email\" data-field-id=\"3\"><label class=\"wpforms-field-label\" for=\"wpforms-2977-field_3\">E-mail <span class=\"wpforms-required-label\">*<\/span><\/label><input type=\"email\" id=\"wpforms-2977-field_3\" class=\"wpforms-field-medium wpforms-field-required\" name=\"wpforms[fields][3]\" required><\/div><div id=\"wpforms-2977-field_8-container\" class=\"wpforms-field wpforms-field-text\" data-field-id=\"8\"><label class=\"wpforms-field-label\" for=\"wpforms-2977-field_8\">Telefon<\/label><input type=\"text\" id=\"wpforms-2977-field_8\" class=\"wpforms-field-medium\" name=\"wpforms[fields][8]\" ><\/div><div id=\"wpforms-2977-field_5-container\" class=\"wpforms-field wpforms-field-textarea\" data-field-id=\"5\"><label class=\"wpforms-field-label\" for=\"wpforms-2977-field_5\">Wiadomo\u015b\u0107 <span class=\"wpforms-required-label\">*<\/span><\/label><textarea id=\"wpforms-2977-field_5\" class=\"wpforms-field-medium wpforms-field-required\" name=\"wpforms[fields][5]\" required><\/textarea><\/div><div id=\"wpforms-2977-field_6-container\" class=\"wpforms-field wpforms-field-checkbox\" data-field-id=\"6\"><ul id=\"wpforms-2977-field_6\" class=\"wpforms-field-required\"><li class=\"choice-1 depth-1\"><input type=\"checkbox\" id=\"wpforms-2977-field_6_1\" name=\"wpforms[fields][6][]\" value=\"Akceptuj\u0119 warunki &lt;a href=&quot;https:\/\/brandsoul.pl\/polityka-prywatnosci\/&quot; target=&quot;_blank&quot;&gt;Polityki prywatno\u015bci.&lt;\/a&gt;\" required><label class=\"wpforms-field-label-inline\" for=\"wpforms-2977-field_6_1\">Akceptuj\u0119 warunki <a href=\"https:\/\/brandsoul.pl\/en\/polityka-prywatnosci\/\" target=\"_blank\">Polityki prywatno\u015bci.<\/a><\/label><\/li><\/ul><\/div><\/div><div class=\"wpforms-field wpforms-field-hp\"><label for=\"wpforms-2977-field-hp\" class=\"wpforms-field-label\">Email<\/label><input type=\"text\" name=\"wpforms[hp]\" id=\"wpforms-2977-field-hp\" class=\"wpforms-field-medium\"><\/div><div class=\"wpforms-submit-container\" ><input type=\"hidden\" name=\"wpforms[id]\" value=\"2977\"><input type=\"hidden\" name=\"wpforms[author]\" value=\"3\"><button type=\"submit\" name=\"wpforms[submit]\" class=\"wpforms-submit\" id=\"wpforms-submit-2977\" value=\"wpforms-submit\" aria-live=\"assertive\" data-alt-text=\"Wysy\u0142anie...\" data-submit-text=\"Wyslij\">Wyslij<\/button><\/div><input type=\"hidden\" name=\"trp-form-language\" value=\"en\"\/><\/form><\/div>  <!-- .wpforms-container --><\/div><\/div><\/div><\/div>\n<\/section>","protected":false},"excerpt":{"rendered":"Please enable JavaScript in your browser to complete this form.Imi\u0119 i nazwisko *Wybierz zakres us\u0142ug *Doradztwo sprzeda\u017coweDoradztwo marketingoweSzkoleniaRekrutacjaWdro\u017cenie pomys\u0142u\/produktu\/projektuKampania marketingowaMedia spo\u0142eczno\u015bcioweOpieka nad mark\u0105Tworzenie stron wwwProjektowanie graficzneOutsourcing marketinguKomercjalizacjaRozw\u00f3j sprzeda\u017cy\/po\u015brednictwoKonsultacja jednorazowaTermin realizacjiE-mail *TelefonWiadomo\u015b\u0107 *Akceptuj\u0119 warunki Polityki prywatno\u015bci.PhoneWyslij","protected":false},"author":3,"featured_media":0,"parent":0,"menu_order":137,"comment_status":"closed","ping_status":"closed","template":"","meta":{"_themeisle_gutenberg_block_has_review":false,"footnotes":""},"class_list":["post-2978","page","type-page","status-publish","hentry"],"aioseo_notices":[],"_links":{"self":[{"href":"https:\/\/brandsoul.pl\/en\/wp-json\/wp\/v2\/pages\/2978","targetHints":{"allow":["GET"]}}],"collection":[{"href":"https:\/\/brandsoul.pl\/en\/wp-json\/wp\/v2\/pages"}],"about":[{"href":"https:\/\/brandsoul.pl\/en\/wp-json\/wp\/v2\/types\/page"}],"author":[{"embeddable":true,"href":"https:\/\/brandsoul.pl\/en\/wp-json\/wp\/v2\/users\/3"}],"replies":[{"embeddable":true,"href":"https:\/\/brandsoul.pl\/en\/wp-json\/wp\/v2\/comments?post=2978"}],"version-history":[{"count":4,"href":"https:\/\/brandsoul.pl\/en\/wp-json\/wp\/v2\/pages\/2978\/revisions"}],"predecessor-version":[{"id":11117,"href":"https:\/\/brandsoul.pl\/en\/wp-json\/wp\/v2\/pages\/2978\/revisions\/11117"}],"wp:attachment":[{"href":"https:\/\/brandsoul.pl\/en\/wp-json\/wp\/v2\/media?parent=2978"}],"curies":[{"name":"wp","href":"https:\/\/api.w.org\/{rel}","templated":true}]}}