{"id":4775,"date":"2022-01-03T05:15:18","date_gmt":"2022-01-03T05:15:18","guid":{"rendered":"https:\/\/brandsoul.pl\/?page_id=4775"},"modified":"2022-01-03T05:15:20","modified_gmt":"2022-01-03T05:15:20","slug":"pobierz-na-e-mail-bezplatny-audyt-twojej-firmy-w-internecie","status":"publish","type":"page","link":"https:\/\/brandsoul.pl\/en\/pobierz-na-e-mail-bezplatny-audyt-twojej-firmy-w-internecie\/","title":{"rendered":"Pobierz na e-mail bezp\u0142atny audyt Twojej firmy w Internecie"},"content":{"rendered":"<p>Poszukujesz firmy, kt\u00f3ra kompleksowo zaopiekuje si\u0119 Twoj\u0105 firm\u0105? Szukasz rzetelnego doradcy i eksperta w zakresie rozwoju biznesu? <strong>Sprawd\u017a jak pracujemy! Poznaj nas!<\/strong><\/p>\n<p><strong>Wype\u0142nij formularz<\/strong>, a otrzymasz na mail ( w ci\u0105gu 2 dni roboczych) przygotowany przez nas dla Ciebie mini audyt wizerunkowy.<\/p>\n<p><strong>Zapewne zastanawiasz si\u0119 co zawiera nasz audyt? <\/strong><\/p>\n<p><strong>Oto punkty, jakie przyj\u0119li\u015bmy do naszej analizy:&#8217;<\/strong><\/p>\n<ul>\n<li>Twoja strona internetowa &#8211; funkcjonalno\u015b\u0107, widoczno\u015b\u0107 w Internecie, cele sprzeda\u017cowe i marketingowe<\/li>\n<li>Twoje media spo\u0142eczno\u015bciowe &#8211; analiza pod wzgl\u0119dem wizerunkowym i efektywno\u015bciowym<\/li>\n<li>Opinie o Twojej firmie w Internecie<\/li>\n<li>Tre\u015bci o Twojej firmie w Internecie<\/li>\n<\/ul>\n<p>Popro\u015b o bezp\u0142atny audyt dla Twojej firmy.<\/p>\n<div class=\"wpforms-container wpforms-container-full\" id=\"wpforms-2661\"><form id=\"wpforms-form-2661\" class=\"wpforms-validate wpforms-form\" data-formid=\"2661\" method=\"post\" enctype=\"multipart\/form-data\" action=\"\/en\/wp-json\/wp\/v2\/pages\/4775\" data-trp-original-action=\"\/en\/wp-json\/wp\/v2\/pages\/4775\"><noscript class=\"wpforms-error-noscript\">Please enable JavaScript in your browser to complete this form.<\/noscript><div class=\"wpforms-field-container\"><div id=\"wpforms-2661-field_11-container\" class=\"wpforms-field wpforms-field-text\" data-field-id=\"11\"><label class=\"wpforms-field-label\" for=\"wpforms-2661-field_11\">Nazwa firmy <span class=\"wpforms-required-label\">*<\/span><\/label><input type=\"text\" id=\"wpforms-2661-field_11\" class=\"wpforms-field-medium wpforms-field-required\" name=\"wpforms[fields][11]\" required><\/div><div id=\"wpforms-2661-field_10-container\" class=\"wpforms-field wpforms-field-text\" data-field-id=\"10\"><label class=\"wpforms-field-label\" for=\"wpforms-2661-field_10\">Strona internetowa firmy <span class=\"wpforms-required-label\">*<\/span><\/label><input type=\"text\" id=\"wpforms-2661-field_10\" class=\"wpforms-field-medium wpforms-field-required\" name=\"wpforms[fields][10]\" required><\/div><div id=\"wpforms-2661-field_2-container\" class=\"wpforms-field wpforms-field-text\" data-field-id=\"2\"><label class=\"wpforms-field-label\" for=\"wpforms-2661-field_2\">Twoje imi\u0119 <span class=\"wpforms-required-label\">*<\/span><\/label><input type=\"text\" id=\"wpforms-2661-field_2\" class=\"wpforms-field-medium wpforms-field-required\" name=\"wpforms[fields][2]\" required><\/div><div id=\"wpforms-2661-field_3-container\" class=\"wpforms-field wpforms-field-email\" data-field-id=\"3\"><label class=\"wpforms-field-label\" for=\"wpforms-2661-field_3\">E-mail do kontaktu <span class=\"wpforms-required-label\">*<\/span><\/label><input type=\"email\" id=\"wpforms-2661-field_3\" class=\"wpforms-field-medium wpforms-field-required\" name=\"wpforms[fields][3]\" required><\/div><div id=\"wpforms-2661-field_8-container\" class=\"wpforms-field wpforms-field-text\" data-field-id=\"8\"><label class=\"wpforms-field-label\" for=\"wpforms-2661-field_8\">Twoje stanowisko w firmie <span class=\"wpforms-required-label\">*<\/span><\/label><input type=\"text\" id=\"wpforms-2661-field_8\" class=\"wpforms-field-medium wpforms-field-required\" name=\"wpforms[fields][8]\" required><\/div><div id=\"wpforms-2661-field_4-container\" class=\"wpforms-field wpforms-field-text\" data-field-id=\"4\"><label class=\"wpforms-field-label\" for=\"wpforms-2661-field_4\">Bran\u017ca w jakiej dzia\u0142asz to\u2026. <span class=\"wpforms-required-label\">*<\/span><\/label><input type=\"text\" id=\"wpforms-2661-field_4\" class=\"wpforms-field-medium wpforms-field-required\" name=\"wpforms[fields][4]\" required><\/div><div id=\"wpforms-2661-field_6-container\" class=\"wpforms-field wpforms-field-checkbox\" data-field-id=\"6\"><ul id=\"wpforms-2661-field_6\" class=\"wpforms-field-required\"><li class=\"choice-1 depth-1\"><input type=\"checkbox\" id=\"wpforms-2661-field_6_1\" name=\"wpforms[fields][6][]\" value=\"Akceptuj\u0119 warunki &lt;a href=&quot;https:\/\/brandsoul.pl\/polityka-prywatnosci\/&quot; target=&quot;_blank&quot;&gt;Polityki prywatno\u015bci.&lt;\/a&gt;\" required><label class=\"wpforms-field-label-inline\" for=\"wpforms-2661-field_6_1\">Akceptuj\u0119 warunki <a href=\"https:\/\/brandsoul.pl\/en\/polityka-prywatnosci\/\" target=\"_blank\">Polityki prywatno\u015bci.<\/a><\/label><\/li><\/ul><\/div><\/div><div class=\"wpforms-field wpforms-field-hp\"><label for=\"wpforms-2661-field-hp\" class=\"wpforms-field-label\">Comment<\/label><input type=\"text\" name=\"wpforms[hp]\" id=\"wpforms-2661-field-hp\" class=\"wpforms-field-medium\"><\/div><div class=\"wpforms-submit-container\" ><input type=\"hidden\" name=\"wpforms[id]\" value=\"2661\"><input type=\"hidden\" name=\"wpforms[author]\" value=\"3\"><button type=\"submit\" name=\"wpforms[submit]\" class=\"wpforms-submit\" id=\"wpforms-submit-2661\" value=\"wpforms-submit\" aria-live=\"assertive\" data-alt-text=\"Wysy\u0142anie...\" data-submit-text=\"Wyslij\">Wyslij<\/button><\/div><input type=\"hidden\" name=\"trp-form-language\" value=\"en\"\/><\/form><\/div>  <!-- .wpforms-container -->","protected":false},"excerpt":{"rendered":"<p>Poszukujesz firmy, kt\u00f3ra kompleksowo zaopiekuje si\u0119 Twoj\u0105 firm\u0105? Szukasz rzetelnego doradcy i eksperta w zakresie rozwoju biznesu? Sprawd\u017a jak pracujemy! Poznaj nas! Wype\u0142nij formularz, a otrzymasz na mail ( w ci\u0105gu 2 dni roboczych) przygotowany przez nas dla Ciebie mini audyt wizerunkowy. Zapewne zastanawiasz si\u0119 co zawiera nasz audyt? Oto [&hellip;]<\/p>","protected":false},"author":3,"featured_media":0,"parent":0,"menu_order":78,"comment_status":"closed","ping_status":"closed","template":"","meta":{"_themeisle_gutenberg_block_has_review":false,"footnotes":""},"class_list":["post-4775","page","type-page","status-publish","hentry"],"aioseo_notices":[],"_links":{"self":[{"href":"https:\/\/brandsoul.pl\/en\/wp-json\/wp\/v2\/pages\/4775","targetHints":{"allow":["GET"]}}],"collection":[{"href":"https:\/\/brandsoul.pl\/en\/wp-json\/wp\/v2\/pages"}],"about":[{"href":"https:\/\/brandsoul.pl\/en\/wp-json\/wp\/v2\/types\/page"}],"author":[{"embeddable":true,"href":"https:\/\/brandsoul.pl\/en\/wp-json\/wp\/v2\/users\/3"}],"replies":[{"embeddable":true,"href":"https:\/\/brandsoul.pl\/en\/wp-json\/wp\/v2\/comments?post=4775"}],"version-history":[{"count":1,"href":"https:\/\/brandsoul.pl\/en\/wp-json\/wp\/v2\/pages\/4775\/revisions"}],"predecessor-version":[{"id":4776,"href":"https:\/\/brandsoul.pl\/en\/wp-json\/wp\/v2\/pages\/4775\/revisions\/4776"}],"wp:attachment":[{"href":"https:\/\/brandsoul.pl\/en\/wp-json\/wp\/v2\/media?parent=4775"}],"curies":[{"name":"wp","href":"https:\/\/api.w.org\/{rel}","templated":true}]}}